{"id":84700,"date":"2018-04-26T18:43:19","date_gmt":"2018-04-26T18:43:19","guid":{"rendered":"http:\/\/www.irdin.org.br\/site\/produto\/cura-e-redencao-em-novos-trabalhos-evolutivos\/"},"modified":"2024-09-23T00:20:40","modified_gmt":"2024-09-23T00:20:40","slug":"cura-e-redencao-em-novos-trabalhos-evolutivos","status":"publish","type":"product","link":"https:\/\/www.irdin.org.br\/site\/produtos\/cura-e-redencao-em-novos-trabalhos-evolutivos\/","title":{"rendered":"Cura e reden\u00e7\u00e3o em novos trabalhos evolutivos"},"content":{"rendered":"<p><em>N\u00facleos de trabalho grupal se expandem e aprofundam. Nas Terras da Irmandade, o preparo para a purifica\u00e7\u00e3o, transmuta\u00e7\u00e3o e uni\u00e3o entre o reino humano, o d\u00e9vico e o vegetal. Na Casa Luz da Colina, a oferta para a reden\u00e7\u00e3o do elemento \u00e1gua. Na Casa Redenci\u00f3n, o cultivo da f\u00e9 e a cura interna.<\/em><\/p>\n<p>&nbsp;<br \/>\n<strong>Ou\u00e7a agora:<\/strong><\/p>\n<p><span data-href=\"https:\/\/www.irdin.org.br\/site\/envios\/audios\/0014_0316__por_por__cura_e_redencao_em_novos_trabalhos_evolutivos.mp3\" data-title=\"cura e reden\u00e7\u00e3o em novos trabalhos evolutivos\" data-rel=\"\" data-target=\"\" data-meta=\"#fap-meta-69f7c444ad992\" class=\"fap-single-track fap-track-button fap-play-button\" data-enqueue=\"no\" data-autoenqueue=\"no\" title=\"cura e reden\u00e7\u00e3o em novos trabalhos evolutivos\"><span class=\"fap-icon-play\"><\/span>Ouvir<\/span> <a href=\"https:\/\/www.irdin.org.br\/site\/envios\/audios\/0014_0316__por_por__cura_e_redencao_em_novos_trabalhos_evolutivos.mp3\" class=\"baixar\" download><span class=\"fa fa-arrow-down\"><\/span>Baixar<\/span><\/a> <span class=\"textobaixar\"> cura e reden\u00e7\u00e3o em novos trabalhos evolutivos<\/span><\/p>\n<p>&nbsp;<\/p>\n","protected":false},"excerpt":{"rendered":"<p>N\u00facleos de trabalho grupal se expandem e aprofundam. Nas Terras da Irmandade, o preparo para a purifica\u00e7\u00e3o, transmuta\u00e7\u00e3o e uni\u00e3o<\/p>\n","protected":false},"featured_media":37803,"template":"","meta":{"_acf_changed":false},"product_brand":[],"product_cat":[18076,33068],"product_tag":[42699],"class_list":{"0":"post-84700","1":"product","2":"type-product","3":"status-publish","4":"has-post-thumbnail","6":"product_cat-cddvd","7":"product_cat-palestras","8":"product_tag-42699","9":"pa_autor-trigueirinho","10":"pa_codigo-da-serie-32103","11":"pa_codigo-externo-00140316porcd","12":"pa_data-de-gravacao-19541","13":"pa_duracao-43min","14":"pa_idioma-de-destino-portugues","15":"pa_idioma-de-origem-portugues","16":"pa_lancamento-no","17":"pa_midia-cd","18":"pa_moac-42698","19":"pa_quantidade-de-saldo-33067","20":"pa_sequencial-da-serie-32654","21":"pa_tipo-de-traducao-nao-classificado","23":"first","24":"outofstock","25":"product-type-simple"},"acf":[],"_links":{"self":[{"href":"https:\/\/www.irdin.org.br\/site\/wp-json\/wp\/v2\/product\/84700","targetHints":{"allow":["GET"]}}],"collection":[{"href":"https:\/\/www.irdin.org.br\/site\/wp-json\/wp\/v2\/product"}],"about":[{"href":"https:\/\/www.irdin.org.br\/site\/wp-json\/wp\/v2\/types\/product"}],"version-history":[{"count":1,"href":"https:\/\/www.irdin.org.br\/site\/wp-json\/wp\/v2\/product\/84700\/revisions"}],"predecessor-version":[{"id":107295,"href":"https:\/\/www.irdin.org.br\/site\/wp-json\/wp\/v2\/product\/84700\/revisions\/107295"}],"wp:featuredmedia":[{"embeddable":true,"href":"https:\/\/www.irdin.org.br\/site\/wp-json\/wp\/v2\/media\/37803"}],"wp:attachment":[{"href":"https:\/\/www.irdin.org.br\/site\/wp-json\/wp\/v2\/media?parent=84700"}],"wp:term":[{"taxonomy":"product_brand","embeddable":true,"href":"https:\/\/www.irdin.org.br\/site\/wp-json\/wp\/v2\/product_brand?post=84700"},{"taxonomy":"product_cat","embeddable":true,"href":"https:\/\/www.irdin.org.br\/site\/wp-json\/wp\/v2\/product_cat?post=84700"},{"taxonomy":"product_tag","embeddable":true,"href":"https:\/\/www.irdin.org.br\/site\/wp-json\/wp\/v2\/product_tag?post=84700"}],"curies":[{"name":"wp","href":"https:\/\/api.w.org\/{rel}","templated":true}]}}