{"id":84705,"date":"2018-04-26T18:43:19","date_gmt":"2018-04-26T18:43:19","guid":{"rendered":"http:\/\/www.irdin.org.br\/site\/produto\/outros-mundos-e-nos\/"},"modified":"2024-09-23T00:21:46","modified_gmt":"2024-09-23T00:21:46","slug":"outros-mundos-e-nos","status":"publish","type":"product","link":"https:\/\/www.irdin.org.br\/site\/produtos\/outros-mundos-e-nos\/","title":{"rendered":"Outros mundos e n\u00f3s"},"content":{"rendered":"<p><em>Imersos em realidades que olhos f\u00edsicos n\u00e3o veem, podemos come\u00e7ar a perceb\u00ea-las. Oferece-se hoje a n\u00f3s conv\u00edvio consciente com Hierarquias Espirituais quando nos deixamos atrair por energias de planos superiores.<\/em><\/p>\n<p>&nbsp;<br \/>\n<strong>Ou\u00e7a agora:<\/strong><\/p>\n<p><span data-href=\"https:\/\/www.irdin.org.br\/site\/envios\/audios\/0014_0321__por_por__outros_mundos_e_nos.mp3\" data-title=\"outros mundos e n\u00f3s\" data-rel=\"\" data-target=\"\" data-meta=\"#fap-meta-69ff259d2a993\" class=\"fap-single-track fap-track-button fap-play-button\" data-enqueue=\"no\" data-autoenqueue=\"no\" title=\"outros mundos e n\u00f3s\"><span class=\"fap-icon-play\"><\/span>Ouvir<\/span> <a href=\"https:\/\/www.irdin.org.br\/site\/envios\/audios\/0014_0321__por_por__outros_mundos_e_nos.mp3\" class=\"baixar\" download><span class=\"fa fa-arrow-down\"><\/span>Baixar<\/span><\/a> <span class=\"textobaixar\"> outros mundos e n\u00f3s<\/span><\/p>\n<p>&nbsp;<\/p>\n","protected":false},"excerpt":{"rendered":"<p>Imersos em realidades que olhos f\u00edsicos n\u00e3o veem, podemos come\u00e7ar a perceb\u00ea-las. Oferece-se hoje a n\u00f3s conv\u00edvio consciente com Hierarquias<\/p>\n","protected":false},"featured_media":37803,"template":"","meta":{"_acf_changed":false},"product_brand":[],"product_cat":[18076,33068],"product_tag":[42709],"class_list":{"0":"post-84705","1":"product","2":"type-product","3":"status-publish","4":"has-post-thumbnail","6":"product_cat-cddvd","7":"product_cat-palestras","8":"product_tag-42709","9":"pa_autor-trigueirinho","10":"pa_codigo-da-serie-32103","11":"pa_codigo-externo-00140321porcd","12":"pa_data-de-gravacao-19561","13":"pa_duracao-40min","14":"pa_idioma-de-destino-portugues","15":"pa_idioma-de-origem-portugues","16":"pa_lancamento-no","17":"pa_midia-cd","18":"pa_moac-42708","19":"pa_quantidade-de-saldo-33067","20":"pa_sequencial-da-serie-32664","21":"pa_tipo-de-traducao-nao-classificado","23":"first","24":"outofstock","25":"product-type-simple"},"acf":[],"_links":{"self":[{"href":"https:\/\/www.irdin.org.br\/site\/wp-json\/wp\/v2\/product\/84705","targetHints":{"allow":["GET"]}}],"collection":[{"href":"https:\/\/www.irdin.org.br\/site\/wp-json\/wp\/v2\/product"}],"about":[{"href":"https:\/\/www.irdin.org.br\/site\/wp-json\/wp\/v2\/types\/product"}],"version-history":[{"count":1,"href":"https:\/\/www.irdin.org.br\/site\/wp-json\/wp\/v2\/product\/84705\/revisions"}],"predecessor-version":[{"id":107300,"href":"https:\/\/www.irdin.org.br\/site\/wp-json\/wp\/v2\/product\/84705\/revisions\/107300"}],"wp:featuredmedia":[{"embeddable":true,"href":"https:\/\/www.irdin.org.br\/site\/wp-json\/wp\/v2\/media\/37803"}],"wp:attachment":[{"href":"https:\/\/www.irdin.org.br\/site\/wp-json\/wp\/v2\/media?parent=84705"}],"wp:term":[{"taxonomy":"product_brand","embeddable":true,"href":"https:\/\/www.irdin.org.br\/site\/wp-json\/wp\/v2\/product_brand?post=84705"},{"taxonomy":"product_cat","embeddable":true,"href":"https:\/\/www.irdin.org.br\/site\/wp-json\/wp\/v2\/product_cat?post=84705"},{"taxonomy":"product_tag","embeddable":true,"href":"https:\/\/www.irdin.org.br\/site\/wp-json\/wp\/v2\/product_tag?post=84705"}],"curies":[{"name":"wp","href":"https:\/\/api.w.org\/{rel}","templated":true}]}}