{"id":84708,"date":"2018-04-26T18:43:19","date_gmt":"2018-04-26T18:43:19","guid":{"rendered":"http:\/\/www.irdin.org.br\/site\/produto\/a-libertacao\/"},"modified":"2024-09-23T00:23:40","modified_gmt":"2024-09-23T00:23:40","slug":"a-libertacao","status":"publish","type":"product","link":"https:\/\/www.irdin.org.br\/site\/produtos\/a-libertacao\/","title":{"rendered":"A Liberta\u00e7\u00e3o"},"content":{"rendered":"<p><em>Raios imateriais come\u00e7am a influir nas camadas mais elevadas da consci\u00eancia terrestre, entre eles o da Liberta\u00e7\u00e3o. Mas que significa realmente ser livre? Que caminho tomar para isso?<\/em><\/p>\n<p>&nbsp;<br \/>\n<strong>Ou\u00e7a agora:<\/strong><\/p>\n<p><span data-href=\"https:\/\/www.irdin.org.br\/site\/envios\/audios\/0014_0324__por_por__a_libertacao.mp3\" data-title=\"a liberta\u00e7\u00e3o\" data-rel=\"\" data-target=\"\" data-meta=\"#fap-meta-69e24e708aeb1\" class=\"fap-single-track fap-track-button fap-play-button\" data-enqueue=\"no\" data-autoenqueue=\"no\" title=\"a liberta\u00e7\u00e3o\"><span class=\"fap-icon-play\"><\/span>Ouvir<\/span> <a href=\"https:\/\/www.irdin.org.br\/site\/envios\/audios\/0014_0324__por_por__a_libertacao.mp3\" class=\"baixar\"><span class=\"fa fa-arrow-down\"><\/span>Baixar<\/span><\/a> <span class=\"textobaixar\"> a liberta\u00e7\u00e3o<\/span><\/p>\n<p>&nbsp;<\/p>\n","protected":false},"excerpt":{"rendered":"<p>Raios imateriais come\u00e7am a influir nas camadas mais elevadas da consci\u00eancia terrestre, entre eles o da Liberta\u00e7\u00e3o. Mas que significa<\/p>\n","protected":false},"featured_media":37803,"template":"","meta":{"_acf_changed":false},"product_brand":[],"product_cat":[18076,33068],"product_tag":[42715],"class_list":{"0":"post-84708","1":"product","2":"type-product","3":"status-publish","4":"has-post-thumbnail","6":"product_cat-cddvd","7":"product_cat-palestras","8":"product_tag-42715","9":"pa_autor-trigueirinho","10":"pa_codigo-da-serie-32103","11":"pa_codigo-externo-00140324porcd","12":"pa_data-de-gravacao-19574","13":"pa_duracao-29min","14":"pa_idioma-de-destino-portugues","15":"pa_idioma-de-origem-portugues","16":"pa_lancamento-no","17":"pa_midia-cd","18":"pa_moac-42714","19":"pa_quantidade-de-saldo-33067","20":"pa_sequencial-da-serie-31986","21":"pa_tipo-de-traducao-nao-classificado","23":"first","24":"outofstock","25":"product-type-simple"},"acf":[],"_links":{"self":[{"href":"https:\/\/www.irdin.org.br\/site\/wp-json\/wp\/v2\/product\/84708","targetHints":{"allow":["GET"]}}],"collection":[{"href":"https:\/\/www.irdin.org.br\/site\/wp-json\/wp\/v2\/product"}],"about":[{"href":"https:\/\/www.irdin.org.br\/site\/wp-json\/wp\/v2\/types\/product"}],"version-history":[{"count":1,"href":"https:\/\/www.irdin.org.br\/site\/wp-json\/wp\/v2\/product\/84708\/revisions"}],"predecessor-version":[{"id":107303,"href":"https:\/\/www.irdin.org.br\/site\/wp-json\/wp\/v2\/product\/84708\/revisions\/107303"}],"wp:featuredmedia":[{"embeddable":true,"href":"https:\/\/www.irdin.org.br\/site\/wp-json\/wp\/v2\/media\/37803"}],"wp:attachment":[{"href":"https:\/\/www.irdin.org.br\/site\/wp-json\/wp\/v2\/media?parent=84708"}],"wp:term":[{"taxonomy":"product_brand","embeddable":true,"href":"https:\/\/www.irdin.org.br\/site\/wp-json\/wp\/v2\/product_brand?post=84708"},{"taxonomy":"product_cat","embeddable":true,"href":"https:\/\/www.irdin.org.br\/site\/wp-json\/wp\/v2\/product_cat?post=84708"},{"taxonomy":"product_tag","embeddable":true,"href":"https:\/\/www.irdin.org.br\/site\/wp-json\/wp\/v2\/product_tag?post=84708"}],"curies":[{"name":"wp","href":"https:\/\/api.w.org\/{rel}","templated":true}]}}