{"id":84711,"date":"2018-04-26T18:43:19","date_gmt":"2018-04-26T18:43:19","guid":{"rendered":"http:\/\/www.irdin.org.br\/site\/produto\/mergulho-em-nosso-interior\/"},"modified":"2024-09-23T00:24:18","modified_gmt":"2024-09-23T00:24:18","slug":"mergulho-em-nosso-interior","status":"publish","type":"product","link":"https:\/\/www.irdin.org.br\/site\/produtos\/mergulho-em-nosso-interior\/","title":{"rendered":"Mergulho em nosso interior"},"content":{"rendered":"<p><em>A energia feminina criar\u00e1 o novo ciclo planet\u00e1rio. \u00c9 chamada de M\u00e3e Universal, mas est\u00e1 acima de qualquer nome ou forma. Tenhamos essa Ess\u00eancia presente, possamos reconhec\u00ea-la em nosso interior e viver sob seu manto.<\/em><\/p>\n<p>&nbsp;<br \/>\n<strong>Ou\u00e7a agora:<\/strong><\/p>\n<p><span data-href=\"https:\/\/www.irdin.org.br\/site\/envios\/audios\/0014_0328__por_por__mergulho_em_nosso_interior.mp3\" data-title=\"mergulho em nosso interior\" data-rel=\"\" data-target=\"\" data-meta=\"#fap-meta-69f1c8ff2dc92\" class=\"fap-single-track fap-track-button fap-play-button\" data-enqueue=\"no\" data-autoenqueue=\"no\" title=\"mergulho em nosso interior\"><span class=\"fap-icon-play\"><\/span>Ouvir<\/span> <a href=\"https:\/\/www.irdin.org.br\/site\/envios\/audios\/0014_0328__por_por__mergulho_em_nosso_interior.mp3\" class=\"baixar\" download><span class=\"fa fa-arrow-down\"><\/span>Baixar<\/span><\/a> <span class=\"textobaixar\"> mergulho em nosso interior<\/span><\/p>\n<p>&nbsp;<\/p>\n","protected":false},"excerpt":{"rendered":"<p>A energia feminina criar\u00e1 o novo ciclo planet\u00e1rio. \u00c9 chamada de M\u00e3e Universal, mas est\u00e1 acima de qualquer nome ou<\/p>\n","protected":false},"featured_media":37803,"template":"","meta":{"_acf_changed":false},"product_brand":[],"product_cat":[18076,33068],"product_tag":[42721],"class_list":{"0":"post-84711","1":"product","2":"type-product","3":"status-publish","4":"has-post-thumbnail","6":"product_cat-cddvd","7":"product_cat-palestras","8":"product_tag-42721","9":"pa_autor-trigueirinho","10":"pa_codigo-da-serie-32103","11":"pa_codigo-externo-00140328porcd","12":"pa_data-de-gravacao-19591","13":"pa_duracao-38min35s","14":"pa_idioma-de-destino-portugues","15":"pa_idioma-de-origem-portugues","16":"pa_lancamento-no","17":"pa_midia-cd","18":"pa_moac-42720","19":"pa_quantidade-de-saldo-33067","20":"pa_sequencial-da-serie-31991","21":"pa_tipo-de-traducao-nao-classificado","23":"first","24":"outofstock","25":"product-type-simple"},"acf":[],"_links":{"self":[{"href":"https:\/\/www.irdin.org.br\/site\/wp-json\/wp\/v2\/product\/84711","targetHints":{"allow":["GET"]}}],"collection":[{"href":"https:\/\/www.irdin.org.br\/site\/wp-json\/wp\/v2\/product"}],"about":[{"href":"https:\/\/www.irdin.org.br\/site\/wp-json\/wp\/v2\/types\/product"}],"version-history":[{"count":1,"href":"https:\/\/www.irdin.org.br\/site\/wp-json\/wp\/v2\/product\/84711\/revisions"}],"predecessor-version":[{"id":107306,"href":"https:\/\/www.irdin.org.br\/site\/wp-json\/wp\/v2\/product\/84711\/revisions\/107306"}],"wp:featuredmedia":[{"embeddable":true,"href":"https:\/\/www.irdin.org.br\/site\/wp-json\/wp\/v2\/media\/37803"}],"wp:attachment":[{"href":"https:\/\/www.irdin.org.br\/site\/wp-json\/wp\/v2\/media?parent=84711"}],"wp:term":[{"taxonomy":"product_brand","embeddable":true,"href":"https:\/\/www.irdin.org.br\/site\/wp-json\/wp\/v2\/product_brand?post=84711"},{"taxonomy":"product_cat","embeddable":true,"href":"https:\/\/www.irdin.org.br\/site\/wp-json\/wp\/v2\/product_cat?post=84711"},{"taxonomy":"product_tag","embeddable":true,"href":"https:\/\/www.irdin.org.br\/site\/wp-json\/wp\/v2\/product_tag?post=84711"}],"curies":[{"name":"wp","href":"https:\/\/api.w.org\/{rel}","templated":true}]}}