{"id":84715,"date":"2018-04-26T18:43:19","date_gmt":"2018-04-26T18:43:19","guid":{"rendered":"http:\/\/www.irdin.org.br\/site\/produto\/da-oracao-jubilosa-a-iluminadora\/"},"modified":"2024-09-23T00:25:02","modified_gmt":"2024-09-23T00:25:02","slug":"da-oracao-jubilosa-a-iluminadora","status":"publish","type":"product","link":"https:\/\/www.irdin.org.br\/site\/produtos\/da-oracao-jubilosa-a-iluminadora\/","title":{"rendered":"Da ora\u00e7\u00e3o jubilosa \u00e0 iluminadora"},"content":{"rendered":"<p><em>Diversos podem ser os tipos de ora\u00e7\u00e3o para o servi\u00e7o \u00e0 humanidade, ao planeta e a todo o universo.<\/em><\/p>\n<p>&nbsp;<br \/>\n<strong>Ou\u00e7a agora:<\/strong><\/p>\n<p><span data-href=\"https:\/\/www.irdin.org.br\/site\/envios\/audios\/0014_0332__por_por__da_oracao_jubilosa_a_iluminadora.mp3\" data-title=\"da ora\u00e7\u00e3o jubilosa \u00e0 iluminadora\" data-rel=\"\" data-target=\"\" data-meta=\"#fap-meta-69e27d7bed5bf\" class=\"fap-single-track fap-track-button fap-play-button\" data-enqueue=\"no\" data-autoenqueue=\"no\" title=\"da ora\u00e7\u00e3o jubilosa \u00e0 iluminadora\"><span class=\"fap-icon-play\"><\/span>Ouvir<\/span> <a href=\"https:\/\/www.irdin.org.br\/site\/envios\/audios\/0014_0332__por_por__da_oracao_jubilosa_a_iluminadora.mp3\" class=\"baixar\" download><span class=\"fa fa-arrow-down\"><\/span>Baixar<\/span><\/a> <span class=\"textobaixar\"> da ora\u00e7\u00e3o jubilosa \u00e0 iluminadora<\/span><\/p>\n<p>&nbsp;<\/p>\n","protected":false},"excerpt":{"rendered":"<p>Diversos podem ser os tipos de ora\u00e7\u00e3o para o servi\u00e7o \u00e0 humanidade, ao planeta e a todo o universo. &nbsp;<\/p>\n","protected":false},"featured_media":37803,"template":"","meta":{"_acf_changed":false},"product_brand":[],"product_cat":[18076,33068],"product_tag":[42729],"class_list":{"0":"post-84715","1":"product","2":"type-product","3":"status-publish","4":"has-post-thumbnail","6":"product_cat-cddvd","7":"product_cat-palestras","8":"product_tag-42729","9":"pa_autor-trigueirinho","10":"pa_codigo-da-serie-32103","11":"pa_codigo-externo-00140332porcd","12":"pa_data-de-gravacao-19611","13":"pa_duracao-29min","14":"pa_idioma-de-destino-portugues","15":"pa_idioma-de-origem-portugues","16":"pa_lancamento-no","17":"pa_midia-cd","18":"pa_moac-42728","19":"pa_quantidade-de-saldo-33067","20":"pa_sequencial-da-serie-31995","21":"pa_tipo-de-traducao-nao-classificado","23":"first","24":"outofstock","25":"product-type-simple"},"acf":[],"_links":{"self":[{"href":"https:\/\/www.irdin.org.br\/site\/wp-json\/wp\/v2\/product\/84715","targetHints":{"allow":["GET"]}}],"collection":[{"href":"https:\/\/www.irdin.org.br\/site\/wp-json\/wp\/v2\/product"}],"about":[{"href":"https:\/\/www.irdin.org.br\/site\/wp-json\/wp\/v2\/types\/product"}],"version-history":[{"count":1,"href":"https:\/\/www.irdin.org.br\/site\/wp-json\/wp\/v2\/product\/84715\/revisions"}],"predecessor-version":[{"id":107310,"href":"https:\/\/www.irdin.org.br\/site\/wp-json\/wp\/v2\/product\/84715\/revisions\/107310"}],"wp:featuredmedia":[{"embeddable":true,"href":"https:\/\/www.irdin.org.br\/site\/wp-json\/wp\/v2\/media\/37803"}],"wp:attachment":[{"href":"https:\/\/www.irdin.org.br\/site\/wp-json\/wp\/v2\/media?parent=84715"}],"wp:term":[{"taxonomy":"product_brand","embeddable":true,"href":"https:\/\/www.irdin.org.br\/site\/wp-json\/wp\/v2\/product_brand?post=84715"},{"taxonomy":"product_cat","embeddable":true,"href":"https:\/\/www.irdin.org.br\/site\/wp-json\/wp\/v2\/product_cat?post=84715"},{"taxonomy":"product_tag","embeddable":true,"href":"https:\/\/www.irdin.org.br\/site\/wp-json\/wp\/v2\/product_tag?post=84715"}],"curies":[{"name":"wp","href":"https:\/\/api.w.org\/{rel}","templated":true}]}}