{"id":84716,"date":"2018-04-26T18:43:19","date_gmt":"2018-04-26T18:43:19","guid":{"rendered":"http:\/\/www.irdin.org.br\/site\/produto\/ponte-para-mundos-internos-palestra-em-sao-paulo\/"},"modified":"2024-09-23T00:25:12","modified_gmt":"2024-09-23T00:25:12","slug":"ponte-para-mundos-internos-palestra-em-sao-paulo","status":"publish","type":"product","link":"https:\/\/www.irdin.org.br\/site\/produtos\/ponte-para-mundos-internos-palestra-em-sao-paulo\/","title":{"rendered":"Ponte para mundos internos &#8211; palestra em S\u00e3o Paulo"},"content":{"rendered":"<p><em>\u00c9 poss\u00edvel amenizar os impactos da transi\u00e7\u00e3o planet\u00e1ria com a atitude, pensamento e ora\u00e7\u00e3o. O planeta vai sendo reordenado material, ps\u00edquica e energeticamente e podemos conseguir maior entendimento das leis espirituais.<\/em><\/p>\n<p>&nbsp;<br \/>\n<strong>Ou\u00e7a agora:<\/strong><\/p>\n<p><span data-href=\"https:\/\/www.irdin.org.br\/site\/envios\/audios\/0014_0333__por_por__ponte_para_mundos_internos_palestra_em_sao_paulo.mp3\" data-title=\"ponte para mundos internos - palestra em s\u00e3o paulo\" data-rel=\"\" data-target=\"\" data-meta=\"#fap-meta-69f503f128ad2\" class=\"fap-single-track fap-track-button fap-play-button\" data-enqueue=\"no\" data-autoenqueue=\"no\" title=\"ponte para mundos internos - palestra em s\u00e3o paulo\"><span class=\"fap-icon-play\"><\/span>Ouvir<\/span> <a href=\"https:\/\/www.irdin.org.br\/site\/envios\/audios\/0014_0333__por_por__ponte_para_mundos_internos_palestra_em_sao_paulo.mp3\" class=\"baixar\" download><span class=\"fa fa-arrow-down\"><\/span>Baixar<\/span><\/a> <span class=\"textobaixar\"> ponte para mundos internos &#8211; palestra em s\u00e3o paulo<\/span><\/p>\n<p>&nbsp;<\/p>\n","protected":false},"excerpt":{"rendered":"<p>\u00c9 poss\u00edvel amenizar os impactos da transi\u00e7\u00e3o planet\u00e1ria com a atitude, pensamento e ora\u00e7\u00e3o. O planeta vai sendo reordenado material,<\/p>\n","protected":false},"featured_media":37803,"template":"","meta":{"_acf_changed":false},"product_brand":[],"product_cat":[18076,33068],"product_tag":[42731],"class_list":{"0":"post-84716","1":"product","2":"type-product","3":"status-publish","4":"has-post-thumbnail","6":"product_cat-cddvd","7":"product_cat-palestras","8":"product_tag-42731","9":"pa_autor-trigueirinho","10":"pa_codigo-da-serie-32103","11":"pa_codigo-externo-00140333porcd","12":"pa_data-de-gravacao-19615","13":"pa_duracao-71min47s","14":"pa_idioma-de-destino-portugues","15":"pa_idioma-de-origem-portugues","16":"pa_lancamento-no","17":"pa_midia-cd","18":"pa_moac-42730","19":"pa_quantidade-de-saldo-33067","20":"pa_sequencial-da-serie-31996","21":"pa_tipo-de-traducao-nao-classificado","23":"first","24":"outofstock","25":"product-type-simple"},"acf":[],"_links":{"self":[{"href":"https:\/\/www.irdin.org.br\/site\/wp-json\/wp\/v2\/product\/84716","targetHints":{"allow":["GET"]}}],"collection":[{"href":"https:\/\/www.irdin.org.br\/site\/wp-json\/wp\/v2\/product"}],"about":[{"href":"https:\/\/www.irdin.org.br\/site\/wp-json\/wp\/v2\/types\/product"}],"version-history":[{"count":1,"href":"https:\/\/www.irdin.org.br\/site\/wp-json\/wp\/v2\/product\/84716\/revisions"}],"predecessor-version":[{"id":107311,"href":"https:\/\/www.irdin.org.br\/site\/wp-json\/wp\/v2\/product\/84716\/revisions\/107311"}],"wp:featuredmedia":[{"embeddable":true,"href":"https:\/\/www.irdin.org.br\/site\/wp-json\/wp\/v2\/media\/37803"}],"wp:attachment":[{"href":"https:\/\/www.irdin.org.br\/site\/wp-json\/wp\/v2\/media?parent=84716"}],"wp:term":[{"taxonomy":"product_brand","embeddable":true,"href":"https:\/\/www.irdin.org.br\/site\/wp-json\/wp\/v2\/product_brand?post=84716"},{"taxonomy":"product_cat","embeddable":true,"href":"https:\/\/www.irdin.org.br\/site\/wp-json\/wp\/v2\/product_cat?post=84716"},{"taxonomy":"product_tag","embeddable":true,"href":"https:\/\/www.irdin.org.br\/site\/wp-json\/wp\/v2\/product_tag?post=84716"}],"curies":[{"name":"wp","href":"https:\/\/api.w.org\/{rel}","templated":true}]}}