{"id":84727,"date":"2018-04-26T18:43:43","date_gmt":"2018-04-26T18:43:43","guid":{"rendered":"http:\/\/www.irdin.org.br\/site\/produto\/uma-outra-ordem-segundo-juan-diego\/"},"modified":"2024-09-23T00:17:03","modified_gmt":"2024-09-23T00:17:03","slug":"uma-outra-ordem-segundo-juan-diego","status":"publish","type":"product","link":"https:\/\/www.irdin.org.br\/site\/produtos\/uma-outra-ordem-segundo-juan-diego\/","title":{"rendered":"Uma outra ordem, segundo Juan Diego"},"content":{"rendered":"<p><em>Ordem se cria pela harmonia interior. Juan Diego, ser da consci\u00eancia ind\u00edgena, fala-nos da ci\u00eancia do amor e da ora\u00e7\u00e3o, da simplicidade, da humildade. A uni\u00e3o deve permear-nos para que energias superiores puras sejam atra\u00eddas para o planeta. M\u00fasicas e sons elevados podem ser usados, para que paz e equil\u00edbrio se estabele\u00e7am.<\/em><\/p>\n<p>&nbsp;<br \/>\n<strong>Ou\u00e7a agora:<\/strong><\/p>\n<p><span data-href=\"https:\/\/www.irdin.org.br\/site\/envios\/audios\/0014_0345__por_por__uma_outra_ordem_segundo_juan_diego.mp3\" data-title=\"uma outra ordem, segundo juan diego\" data-rel=\"\" data-target=\"\" data-meta=\"#fap-meta-6a037de2516b5\" class=\"fap-single-track fap-track-button fap-play-button\" data-enqueue=\"no\" data-autoenqueue=\"no\" title=\"uma outra ordem, segundo juan diego\"><span class=\"fap-icon-play\"><\/span>Ouvir<\/span> <a href=\"https:\/\/www.irdin.org.br\/site\/envios\/audios\/0014_0345__por_por__uma_outra_ordem_segundo_juan_diego.mp3\" class=\"baixar\" download><span class=\"fa fa-arrow-down\"><\/span>Baixar<\/span><\/a> <span class=\"textobaixar\"> uma outra ordem, segundo juan diego<\/span><\/p>\n<p>&nbsp;<\/p>\n","protected":false},"excerpt":{"rendered":"<p>Ordem se cria pela harmonia interior. Juan Diego, ser da consci\u00eancia ind\u00edgena, fala-nos da ci\u00eancia do amor e da ora\u00e7\u00e3o,<\/p>\n","protected":false},"featured_media":37803,"template":"","meta":{"_acf_changed":false},"product_brand":[],"product_cat":[18076,33068],"product_tag":[42753],"class_list":{"0":"post-84727","1":"product","2":"type-product","3":"status-publish","4":"has-post-thumbnail","6":"product_cat-cddvd","7":"product_cat-palestras","8":"product_tag-42753","9":"pa_autor-trigueirinho","10":"pa_codigo-da-serie-32103","11":"pa_codigo-externo-00140345porcd","12":"pa_data-de-gravacao-19670","13":"pa_duracao-58min2s","14":"pa_idioma-de-destino-portugues","15":"pa_idioma-de-origem-portugues","16":"pa_lancamento-no","17":"pa_midia-cd","18":"pa_moac-42752","19":"pa_quantidade-de-saldo-33067","20":"pa_sequencial-da-serie-32008","21":"pa_tipo-de-traducao-nao-classificado","23":"first","24":"outofstock","25":"product-type-simple"},"acf":[],"_links":{"self":[{"href":"https:\/\/www.irdin.org.br\/site\/wp-json\/wp\/v2\/product\/84727","targetHints":{"allow":["GET"]}}],"collection":[{"href":"https:\/\/www.irdin.org.br\/site\/wp-json\/wp\/v2\/product"}],"about":[{"href":"https:\/\/www.irdin.org.br\/site\/wp-json\/wp\/v2\/types\/product"}],"version-history":[{"count":1,"href":"https:\/\/www.irdin.org.br\/site\/wp-json\/wp\/v2\/product\/84727\/revisions"}],"predecessor-version":[{"id":107284,"href":"https:\/\/www.irdin.org.br\/site\/wp-json\/wp\/v2\/product\/84727\/revisions\/107284"}],"wp:featuredmedia":[{"embeddable":true,"href":"https:\/\/www.irdin.org.br\/site\/wp-json\/wp\/v2\/media\/37803"}],"wp:attachment":[{"href":"https:\/\/www.irdin.org.br\/site\/wp-json\/wp\/v2\/media?parent=84727"}],"wp:term":[{"taxonomy":"product_brand","embeddable":true,"href":"https:\/\/www.irdin.org.br\/site\/wp-json\/wp\/v2\/product_brand?post=84727"},{"taxonomy":"product_cat","embeddable":true,"href":"https:\/\/www.irdin.org.br\/site\/wp-json\/wp\/v2\/product_cat?post=84727"},{"taxonomy":"product_tag","embeddable":true,"href":"https:\/\/www.irdin.org.br\/site\/wp-json\/wp\/v2\/product_tag?post=84727"}],"curies":[{"name":"wp","href":"https:\/\/api.w.org\/{rel}","templated":true}]}}