{"id":84730,"date":"2018-04-26T18:43:43","date_gmt":"2018-04-26T18:43:43","guid":{"rendered":"http:\/\/www.irdin.org.br\/site\/produto\/centros-planetarios-androginia-e-entrega-do-ser\/"},"modified":"2024-09-23T00:16:49","modified_gmt":"2024-09-23T00:16:49","slug":"centros-planetarios-androginia-e-entrega-do-ser","status":"publish","type":"product","link":"https:\/\/www.irdin.org.br\/site\/produtos\/centros-planetarios-androginia-e-entrega-do-ser\/","title":{"rendered":"Centros Planet\u00e1rios, androginia e entrega do Ser"},"content":{"rendered":"<p><em>O contato consciente com os Centros Planet\u00e1rios, o desenvolvimento da androginia e a verdadeira entrega do Ser, que ocorrem quando se vive a vida da M\u00f4nada, s\u00e3o pautas essenciais no trabalho espiritual de hoje.<\/em><\/p>\n<p>&nbsp;<br \/>\n<strong>Ou\u00e7a agora:<\/strong><\/p>\n<p><span data-href=\"https:\/\/www.irdin.org.br\/site\/envios\/audios\/0014_0348__por_por__centros_planetarios_androginia_e_entrega_do_ser.mp3\" data-title=\"centros planet\u00e1rios, androginia e entrega do ser\" data-rel=\"\" data-target=\"\" data-meta=\"#fap-meta-69e41da069f75\" class=\"fap-single-track fap-track-button fap-play-button\" data-enqueue=\"no\" data-autoenqueue=\"no\" title=\"centros planet\u00e1rios, androginia e entrega do ser\"><span class=\"fap-icon-play\"><\/span>Ouvir<\/span> <a href=\"https:\/\/www.irdin.org.br\/site\/envios\/audios\/0014_0348__por_por__centros_planetarios_androginia_e_entrega_do_ser.mp3\" class=\"baixar\" download><span class=\"fa fa-arrow-down\"><\/span>Baixar<\/span><\/a> <span class=\"textobaixar\"> centros planet\u00e1rios, androginia e entrega do ser<\/span><\/p>\n<p>&nbsp;<\/p>\n","protected":false},"excerpt":{"rendered":"<p>O contato consciente com os Centros Planet\u00e1rios, o desenvolvimento da androginia e a verdadeira entrega do Ser, que ocorrem quando<\/p>\n","protected":false},"featured_media":37803,"template":"","meta":{"_acf_changed":false},"product_brand":[],"product_cat":[18076,33068],"product_tag":[42759],"class_list":{"0":"post-84730","1":"product","2":"type-product","3":"status-publish","4":"has-post-thumbnail","6":"product_cat-cddvd","7":"product_cat-palestras","8":"product_tag-42759","9":"pa_autor-trigueirinho","10":"pa_codigo-da-serie-32103","11":"pa_codigo-externo-00140348porcd","12":"pa_data-de-gravacao-19685","13":"pa_duracao-56min45s","14":"pa_idioma-de-destino-portugues","15":"pa_idioma-de-origem-portugues","16":"pa_lancamento-no","17":"pa_midia-cd","18":"pa_moac-42758","19":"pa_quantidade-de-saldo-33067","20":"pa_sequencial-da-serie-32011","21":"pa_tipo-de-traducao-nao-classificado","23":"first","24":"outofstock","25":"product-type-simple"},"acf":[],"_links":{"self":[{"href":"https:\/\/www.irdin.org.br\/site\/wp-json\/wp\/v2\/product\/84730","targetHints":{"allow":["GET"]}}],"collection":[{"href":"https:\/\/www.irdin.org.br\/site\/wp-json\/wp\/v2\/product"}],"about":[{"href":"https:\/\/www.irdin.org.br\/site\/wp-json\/wp\/v2\/types\/product"}],"version-history":[{"count":1,"href":"https:\/\/www.irdin.org.br\/site\/wp-json\/wp\/v2\/product\/84730\/revisions"}],"predecessor-version":[{"id":107283,"href":"https:\/\/www.irdin.org.br\/site\/wp-json\/wp\/v2\/product\/84730\/revisions\/107283"}],"wp:featuredmedia":[{"embeddable":true,"href":"https:\/\/www.irdin.org.br\/site\/wp-json\/wp\/v2\/media\/37803"}],"wp:attachment":[{"href":"https:\/\/www.irdin.org.br\/site\/wp-json\/wp\/v2\/media?parent=84730"}],"wp:term":[{"taxonomy":"product_brand","embeddable":true,"href":"https:\/\/www.irdin.org.br\/site\/wp-json\/wp\/v2\/product_brand?post=84730"},{"taxonomy":"product_cat","embeddable":true,"href":"https:\/\/www.irdin.org.br\/site\/wp-json\/wp\/v2\/product_cat?post=84730"},{"taxonomy":"product_tag","embeddable":true,"href":"https:\/\/www.irdin.org.br\/site\/wp-json\/wp\/v2\/product_tag?post=84730"}],"curies":[{"name":"wp","href":"https:\/\/api.w.org\/{rel}","templated":true}]}}