{"id":84733,"date":"2018-04-26T18:43:43","date_gmt":"2018-04-26T18:43:43","guid":{"rendered":"http:\/\/www.irdin.org.br\/site\/produto\/somos-colaboradores-servidores-ou-consagrados\/"},"modified":"2024-09-23T00:17:39","modified_gmt":"2024-09-23T00:17:39","slug":"somos-colaboradores-servidores-ou-consagrados","status":"publish","type":"product","link":"https:\/\/www.irdin.org.br\/site\/produtos\/somos-colaboradores-servidores-ou-consagrados\/","title":{"rendered":"Somos colaboradores, servidores ou consagrados?"},"content":{"rendered":"<p><em>O Centro Planet\u00e1rio Aurora manifesta na superf\u00edcie da Terra um n\u00facleo de reden\u00e7\u00e3o, transmuta\u00e7\u00e3o e cura. Nesse trabalho, a humanidade deve assumir a parte que lhe cabe junto \u00e0 Hierarquia.<\/em><\/p>\n<p>&nbsp;<br \/>\n<strong>Ou\u00e7a agora:<\/strong><\/p>\n<p><span data-href=\"https:\/\/www.irdin.org.br\/site\/envios\/audios\/0014_0351__por_por__somos_colaboradores_servidores_ou_consagrados_.mp3\" data-title=\"somos colaboradores, servidores ou consagrados?\" data-rel=\"\" data-target=\"\" data-meta=\"#fap-meta-69fb4149d3c3b\" class=\"fap-single-track fap-track-button fap-play-button\" data-enqueue=\"no\" data-autoenqueue=\"no\" title=\"somos colaboradores, servidores ou consagrados?\"><span class=\"fap-icon-play\"><\/span>Ouvir<\/span> <a href=\"https:\/\/www.irdin.org.br\/site\/envios\/audios\/0014_0351__por_por__somos_colaboradores_servidores_ou_consagrados_.mp3\" class=\"baixar\" download><span class=\"fa fa-arrow-down\"><\/span>Baixar<\/span><\/a> <span class=\"textobaixar\"> somos colaboradores, servidores ou consagrados?<\/span><\/p>\n<p>&nbsp;<\/p>\n","protected":false},"excerpt":{"rendered":"<p>O Centro Planet\u00e1rio Aurora manifesta na superf\u00edcie da Terra um n\u00facleo de reden\u00e7\u00e3o, transmuta\u00e7\u00e3o e cura. Nesse trabalho, a humanidade<\/p>\n","protected":false},"featured_media":37803,"template":"","meta":{"_acf_changed":false},"product_brand":[],"product_cat":[18076,33068],"product_tag":[42765],"class_list":{"0":"post-84733","1":"product","2":"type-product","3":"status-publish","4":"has-post-thumbnail","6":"product_cat-cddvd","7":"product_cat-palestras","8":"product_tag-42765","9":"pa_autor-trigueirinho","10":"pa_codigo-da-serie-32103","11":"pa_codigo-externo-00140351porcd","12":"pa_data-de-gravacao-19700","13":"pa_duracao-52min44s","14":"pa_idioma-de-destino-portugues","15":"pa_idioma-de-origem-portugues","16":"pa_lancamento-no","17":"pa_midia-cd","18":"pa_moac-42764","19":"pa_quantidade-de-saldo-33067","20":"pa_sequencial-da-serie-32016","21":"pa_tipo-de-traducao-nao-classificado","23":"first","24":"outofstock","25":"product-type-simple"},"acf":[],"_links":{"self":[{"href":"https:\/\/www.irdin.org.br\/site\/wp-json\/wp\/v2\/product\/84733","targetHints":{"allow":["GET"]}}],"collection":[{"href":"https:\/\/www.irdin.org.br\/site\/wp-json\/wp\/v2\/product"}],"about":[{"href":"https:\/\/www.irdin.org.br\/site\/wp-json\/wp\/v2\/types\/product"}],"version-history":[{"count":1,"href":"https:\/\/www.irdin.org.br\/site\/wp-json\/wp\/v2\/product\/84733\/revisions"}],"predecessor-version":[{"id":107287,"href":"https:\/\/www.irdin.org.br\/site\/wp-json\/wp\/v2\/product\/84733\/revisions\/107287"}],"wp:featuredmedia":[{"embeddable":true,"href":"https:\/\/www.irdin.org.br\/site\/wp-json\/wp\/v2\/media\/37803"}],"wp:attachment":[{"href":"https:\/\/www.irdin.org.br\/site\/wp-json\/wp\/v2\/media?parent=84733"}],"wp:term":[{"taxonomy":"product_brand","embeddable":true,"href":"https:\/\/www.irdin.org.br\/site\/wp-json\/wp\/v2\/product_brand?post=84733"},{"taxonomy":"product_cat","embeddable":true,"href":"https:\/\/www.irdin.org.br\/site\/wp-json\/wp\/v2\/product_cat?post=84733"},{"taxonomy":"product_tag","embeddable":true,"href":"https:\/\/www.irdin.org.br\/site\/wp-json\/wp\/v2\/product_tag?post=84733"}],"curies":[{"name":"wp","href":"https:\/\/api.w.org\/{rel}","templated":true}]}}