{"id":84735,"date":"2018-04-26T18:43:43","date_gmt":"2018-04-26T18:43:43","guid":{"rendered":"http:\/\/www.irdin.org.br\/site\/produto\/o-mantra-kodoish-que-e-samana\/"},"modified":"2025-09-01T16:05:34","modified_gmt":"2025-09-01T19:05:34","slug":"o-mantra-kodoish-que-e-samana","status":"publish","type":"product","link":"https:\/\/www.irdin.org.br\/site\/produtos\/o-mantra-kodoish-que-e-samana\/","title":{"rendered":"O mantra Kodoish. Que \u00e9 Samana?"},"content":{"rendered":"<p><em>O que podemos construir unidos ao mantra Kodoish. O papel que temos junto aos anjos e arcanjos na Cria\u00e7\u00e3o.<\/em><\/p>\n<p><strong>Ou\u00e7a agora:<\/strong><\/p>\n<p><span data-href=\"https:\/\/www.irdin.org.br\/site\/envios\/audios\/0014_0353__por_por__o_mantra_kodoish_que_e_samana_.mp3\" data-title=\"o mantra kodoish. que \u00e9 samana?\" data-rel=\"\" data-target=\"\" data-meta=\"#fap-meta-69f2bdde95485\" class=\"fap-single-track fap-track-button fap-play-button\" data-enqueue=\"no\" data-autoenqueue=\"no\" title=\"o mantra kodoish. que \u00e9 samana?\"><span class=\"fap-icon-play\"><\/span>Ouvir<\/span> <a class=\"baixar\" href=\"https:\/\/www.irdin.org.br\/site\/envios\/audios\/0014_0353__por_por__o_mantra_kodoish_que_e_samana_.mp3\" download=\"\">Baixar<\/a> <span class=\"textobaixar\"> o mantra kodoish. que \u00e9 samana?<\/span><\/p>\n<p>&nbsp;<\/p>\n","protected":false},"excerpt":{"rendered":"<p>O que podemos construir unidos ao mantra Kodoish. O papel que temos junto aos anjos e arcanjos na Cria\u00e7\u00e3o. Ou\u00e7a<\/p>\n","protected":false},"featured_media":37803,"template":"","meta":{"_acf_changed":false},"product_brand":[],"product_cat":[18076,43099,33068],"product_tag":[42769],"class_list":{"0":"post-84735","1":"product","2":"type-product","3":"status-publish","4":"has-post-thumbnail","6":"product_cat-cddvd","7":"product_cat-palestras-cddvd","8":"product_cat-palestras","9":"product_tag-42769","10":"pa_autor-artur","11":"pa_autor-trigueirinho","12":"pa_codigo-da-serie-32103","13":"pa_codigo-externo-00140353porcd","14":"pa_data-de-gravacao-19709","15":"pa_duracao-27min57s","16":"pa_idioma-de-destino-portugues","17":"pa_idioma-de-origem-portugues","18":"pa_lancamento-no","19":"pa_midia-cd","20":"pa_moac-42768","21":"pa_quantidade-de-saldo-33067","22":"pa_sequencial-da-serie-32019","23":"pa_tipo-de-traducao-nao-classificado","25":"first","26":"outofstock","27":"product-type-simple"},"acf":[],"_links":{"self":[{"href":"https:\/\/www.irdin.org.br\/site\/wp-json\/wp\/v2\/product\/84735","targetHints":{"allow":["GET"]}}],"collection":[{"href":"https:\/\/www.irdin.org.br\/site\/wp-json\/wp\/v2\/product"}],"about":[{"href":"https:\/\/www.irdin.org.br\/site\/wp-json\/wp\/v2\/types\/product"}],"version-history":[{"count":2,"href":"https:\/\/www.irdin.org.br\/site\/wp-json\/wp\/v2\/product\/84735\/revisions"}],"predecessor-version":[{"id":109981,"href":"https:\/\/www.irdin.org.br\/site\/wp-json\/wp\/v2\/product\/84735\/revisions\/109981"}],"wp:featuredmedia":[{"embeddable":true,"href":"https:\/\/www.irdin.org.br\/site\/wp-json\/wp\/v2\/media\/37803"}],"wp:attachment":[{"href":"https:\/\/www.irdin.org.br\/site\/wp-json\/wp\/v2\/media?parent=84735"}],"wp:term":[{"taxonomy":"product_brand","embeddable":true,"href":"https:\/\/www.irdin.org.br\/site\/wp-json\/wp\/v2\/product_brand?post=84735"},{"taxonomy":"product_cat","embeddable":true,"href":"https:\/\/www.irdin.org.br\/site\/wp-json\/wp\/v2\/product_cat?post=84735"},{"taxonomy":"product_tag","embeddable":true,"href":"https:\/\/www.irdin.org.br\/site\/wp-json\/wp\/v2\/product_tag?post=84735"}],"curies":[{"name":"wp","href":"https:\/\/api.w.org\/{rel}","templated":true}]}}