{"id":84736,"date":"2018-04-26T18:43:43","date_gmt":"2018-04-26T18:43:43","guid":{"rendered":"http:\/\/www.irdin.org.br\/site\/produto\/caridade\/"},"modified":"2024-09-23T00:18:24","modified_gmt":"2024-09-23T00:18:24","slug":"caridade","status":"publish","type":"product","link":"https:\/\/www.irdin.org.br\/site\/produtos\/caridade\/","title":{"rendered":"Caridade"},"content":{"rendered":"<p><em>Reflex\u00f5es sobre viv\u00eancias no caminho da caridade viva.<\/em><\/p>\n<p>&nbsp;<br \/>\n<strong>Ou\u00e7a agora:<\/strong><\/p>\n<p><span data-href=\"https:\/\/www.irdin.org.br\/site\/envios\/audios\/0014_0354__por_por__caridade.mp3\" data-title=\"caridade\" data-rel=\"\" data-target=\"\" data-meta=\"#fap-meta-69e41dafd4e05\" class=\"fap-single-track fap-track-button fap-play-button\" data-enqueue=\"no\" data-autoenqueue=\"no\" title=\"caridade\"><span class=\"fap-icon-play\"><\/span>Ouvir<\/span> <a href=\"https:\/\/www.irdin.org.br\/site\/envios\/audios\/0014_0354__por_por__caridade.mp3\" class=\"baixar\"><span class=\"fa fa-arrow-down\"><\/span>Baixar<\/span><\/a> <span class=\"textobaixar\"> caridade<\/span><\/p>\n<p>&nbsp;<\/p>\n","protected":false},"excerpt":{"rendered":"<p>Reflex\u00f5es sobre viv\u00eancias no caminho da caridade viva. &nbsp; Ou\u00e7a agora: Baixar caridade &nbsp;<\/p>\n","protected":false},"featured_media":37803,"template":"","meta":{"_acf_changed":false},"product_brand":[],"product_cat":[18076,33068],"product_tag":[42771],"class_list":{"0":"post-84736","1":"product","2":"type-product","3":"status-publish","4":"has-post-thumbnail","6":"product_cat-cddvd","7":"product_cat-palestras","8":"product_tag-42771","9":"pa_autor-trigueirinho","10":"pa_codigo-da-serie-32103","11":"pa_codigo-externo-00140354porcd","12":"pa_data-de-gravacao-19715","13":"pa_duracao-23min30s","14":"pa_idioma-de-destino-portugues","15":"pa_idioma-de-origem-portugues","16":"pa_lancamento-no","17":"pa_midia-cd","18":"pa_moac-42770","19":"pa_quantidade-de-saldo-33067","20":"pa_sequencial-da-serie-32020","21":"pa_tipo-de-traducao-nao-classificado","23":"first","24":"outofstock","25":"product-type-simple"},"acf":[],"_links":{"self":[{"href":"https:\/\/www.irdin.org.br\/site\/wp-json\/wp\/v2\/product\/84736","targetHints":{"allow":["GET"]}}],"collection":[{"href":"https:\/\/www.irdin.org.br\/site\/wp-json\/wp\/v2\/product"}],"about":[{"href":"https:\/\/www.irdin.org.br\/site\/wp-json\/wp\/v2\/types\/product"}],"version-history":[{"count":1,"href":"https:\/\/www.irdin.org.br\/site\/wp-json\/wp\/v2\/product\/84736\/revisions"}],"predecessor-version":[{"id":107291,"href":"https:\/\/www.irdin.org.br\/site\/wp-json\/wp\/v2\/product\/84736\/revisions\/107291"}],"wp:featuredmedia":[{"embeddable":true,"href":"https:\/\/www.irdin.org.br\/site\/wp-json\/wp\/v2\/media\/37803"}],"wp:attachment":[{"href":"https:\/\/www.irdin.org.br\/site\/wp-json\/wp\/v2\/media?parent=84736"}],"wp:term":[{"taxonomy":"product_brand","embeddable":true,"href":"https:\/\/www.irdin.org.br\/site\/wp-json\/wp\/v2\/product_brand?post=84736"},{"taxonomy":"product_cat","embeddable":true,"href":"https:\/\/www.irdin.org.br\/site\/wp-json\/wp\/v2\/product_cat?post=84736"},{"taxonomy":"product_tag","embeddable":true,"href":"https:\/\/www.irdin.org.br\/site\/wp-json\/wp\/v2\/product_tag?post=84736"}],"curies":[{"name":"wp","href":"https:\/\/api.w.org\/{rel}","templated":true}]}}