{"id":84741,"date":"2018-04-26T18:44:06","date_gmt":"2018-04-26T18:44:06","guid":{"rendered":"http:\/\/www.irdin.org.br\/site\/produto\/o-encontro-de-um-ritmo-superior\/"},"modified":"2024-09-22T23:54:44","modified_gmt":"2024-09-22T23:54:44","slug":"o-encontro-de-um-ritmo-superior","status":"publish","type":"product","link":"https:\/\/www.irdin.org.br\/site\/produtos\/o-encontro-de-um-ritmo-superior\/","title":{"rendered":"O encontro de um ritmo superior"},"content":{"rendered":"<p><em>\u00c9 preciso permitir que a alma programe a vida, trazendo seu pr\u00f3prio ritmo \u00e0 personalidade, para assim possibilitar a descida de um ritmo superior.<\/em><\/p>\n<p>&nbsp;<br \/>\n<strong>Ou\u00e7a agora:<\/strong><\/p>\n<p><span data-href=\"https:\/\/www.irdin.org.br\/site\/envios\/audios\/0014_0359__por_por__o_encontro_de_um_ritmo_superior.mp3\" data-title=\"o encontro de um ritmo superior\" data-rel=\"\" data-target=\"\" data-meta=\"#fap-meta-69ec98e59a054\" class=\"fap-single-track fap-track-button fap-play-button\" data-enqueue=\"no\" data-autoenqueue=\"no\" title=\"o encontro de um ritmo superior\"><span class=\"fap-icon-play\"><\/span>Ouvir<\/span> <a href=\"https:\/\/www.irdin.org.br\/site\/envios\/audios\/0014_0359__por_por__o_encontro_de_um_ritmo_superior.mp3\" class=\"baixar\" download><span class=\"fa fa-arrow-down\"><\/span>Baixar<\/span><\/a> <span class=\"textobaixar\"> o encontro de um ritmo superior<\/span><\/p>\n<p>&nbsp;<\/p>\n","protected":false},"excerpt":{"rendered":"<p>\u00c9 preciso permitir que a alma programe a vida, trazendo seu pr\u00f3prio ritmo \u00e0 personalidade, para assim possibilitar a descida<\/p>\n","protected":false},"featured_media":37803,"template":"","meta":{"_acf_changed":false},"product_brand":[],"product_cat":[18076,33068],"product_tag":[42781],"class_list":{"0":"post-84741","1":"product","2":"type-product","3":"status-publish","4":"has-post-thumbnail","6":"product_cat-cddvd","7":"product_cat-palestras","8":"product_tag-42781","9":"pa_autor-trigueirinho","10":"pa_codigo-da-serie-32103","11":"pa_codigo-externo-00140359porcd","12":"pa_data-de-gravacao-19740","13":"pa_duracao-40min52s","14":"pa_idioma-de-destino-portugues","15":"pa_idioma-de-origem-portugues","16":"pa_lancamento-no","17":"pa_midia-cd","18":"pa_moac-42780","19":"pa_quantidade-de-saldo-33067","20":"pa_sequencial-da-serie-32027","21":"pa_tipo-de-traducao-nao-classificado","23":"first","24":"outofstock","25":"product-type-simple"},"acf":[],"_links":{"self":[{"href":"https:\/\/www.irdin.org.br\/site\/wp-json\/wp\/v2\/product\/84741","targetHints":{"allow":["GET"]}}],"collection":[{"href":"https:\/\/www.irdin.org.br\/site\/wp-json\/wp\/v2\/product"}],"about":[{"href":"https:\/\/www.irdin.org.br\/site\/wp-json\/wp\/v2\/types\/product"}],"version-history":[{"count":1,"href":"https:\/\/www.irdin.org.br\/site\/wp-json\/wp\/v2\/product\/84741\/revisions"}],"predecessor-version":[{"id":107256,"href":"https:\/\/www.irdin.org.br\/site\/wp-json\/wp\/v2\/product\/84741\/revisions\/107256"}],"wp:featuredmedia":[{"embeddable":true,"href":"https:\/\/www.irdin.org.br\/site\/wp-json\/wp\/v2\/media\/37803"}],"wp:attachment":[{"href":"https:\/\/www.irdin.org.br\/site\/wp-json\/wp\/v2\/media?parent=84741"}],"wp:term":[{"taxonomy":"product_brand","embeddable":true,"href":"https:\/\/www.irdin.org.br\/site\/wp-json\/wp\/v2\/product_brand?post=84741"},{"taxonomy":"product_cat","embeddable":true,"href":"https:\/\/www.irdin.org.br\/site\/wp-json\/wp\/v2\/product_cat?post=84741"},{"taxonomy":"product_tag","embeddable":true,"href":"https:\/\/www.irdin.org.br\/site\/wp-json\/wp\/v2\/product_tag?post=84741"}],"curies":[{"name":"wp","href":"https:\/\/api.w.org\/{rel}","templated":true}]}}