{"id":84746,"date":"2018-04-26T18:44:06","date_gmt":"2018-04-26T18:44:06","guid":{"rendered":"http:\/\/www.irdin.org.br\/site\/produto\/assuntos-de-todos\/"},"modified":"2024-09-22T23:55:51","modified_gmt":"2024-09-22T23:55:51","slug":"assuntos-de-todos","status":"publish","type":"product","link":"https:\/\/www.irdin.org.br\/site\/produtos\/assuntos-de-todos\/","title":{"rendered":"Assuntos de todos"},"content":{"rendered":"<p><em>Tosses e eleva\u00e7\u00e3o da energia \/ Antes da 4\u00aa inicia\u00e7\u00e3o \/ Terapeutas em forma\u00e7\u00e3o \/ Aprendendo com as crian\u00e7as \/ Hor\u00e1rios de ora\u00e7\u00e3o \/ Oportunidades no canil de Lavras \/ Portas do templo interno \/ Pensamentos e terremotos<\/em><\/p>\n<p>&nbsp;<br \/>\n<strong>Ou\u00e7a agora:<\/strong><\/p>\n<p><span data-href=\"https:\/\/www.irdin.org.br\/site\/envios\/audios\/0014_0366__por_por__assuntos_de_todos.mp3\" data-title=\"assuntos de todos\" data-rel=\"\" data-target=\"\" data-meta=\"#fap-meta-69e3e871c437c\" class=\"fap-single-track fap-track-button fap-play-button\" data-enqueue=\"no\" data-autoenqueue=\"no\" title=\"assuntos de todos\"><span class=\"fap-icon-play\"><\/span>Ouvir<\/span> <a href=\"https:\/\/www.irdin.org.br\/site\/envios\/audios\/0014_0366__por_por__assuntos_de_todos.mp3\" class=\"baixar\" download><span class=\"fa fa-arrow-down\"><\/span>Baixar<\/span><\/a> <span class=\"textobaixar\"> assuntos de todos<\/span><\/p>\n<p>&nbsp;<\/p>\n","protected":false},"excerpt":{"rendered":"<p>Tosses e eleva\u00e7\u00e3o da energia \/ Antes da 4\u00aa inicia\u00e7\u00e3o \/ Terapeutas em forma\u00e7\u00e3o \/ Aprendendo com as crian\u00e7as \/<\/p>\n","protected":false},"featured_media":37803,"template":"","meta":{"_acf_changed":false},"product_brand":[],"product_cat":[18076,33068],"product_tag":[42791],"class_list":{"0":"post-84746","1":"product","2":"type-product","3":"status-publish","4":"has-post-thumbnail","6":"product_cat-cddvd","7":"product_cat-palestras","8":"product_tag-42791","9":"pa_autor-trigueirinho","10":"pa_codigo-da-serie-32103","11":"pa_codigo-externo-00140366porcd","12":"pa_data-de-gravacao-19770","13":"pa_duracao-38min56s","14":"pa_idioma-de-destino-portugues","15":"pa_idioma-de-origem-portugues","16":"pa_lancamento-no","17":"pa_midia-cd","18":"pa_moac-42790","19":"pa_quantidade-de-saldo-33067","20":"pa_sequencial-da-serie-32036","21":"pa_tipo-de-traducao-nao-classificado","23":"first","24":"outofstock","25":"product-type-simple"},"acf":[],"_links":{"self":[{"href":"https:\/\/www.irdin.org.br\/site\/wp-json\/wp\/v2\/product\/84746","targetHints":{"allow":["GET"]}}],"collection":[{"href":"https:\/\/www.irdin.org.br\/site\/wp-json\/wp\/v2\/product"}],"about":[{"href":"https:\/\/www.irdin.org.br\/site\/wp-json\/wp\/v2\/types\/product"}],"version-history":[{"count":1,"href":"https:\/\/www.irdin.org.br\/site\/wp-json\/wp\/v2\/product\/84746\/revisions"}],"predecessor-version":[{"id":107261,"href":"https:\/\/www.irdin.org.br\/site\/wp-json\/wp\/v2\/product\/84746\/revisions\/107261"}],"wp:featuredmedia":[{"embeddable":true,"href":"https:\/\/www.irdin.org.br\/site\/wp-json\/wp\/v2\/media\/37803"}],"wp:attachment":[{"href":"https:\/\/www.irdin.org.br\/site\/wp-json\/wp\/v2\/media?parent=84746"}],"wp:term":[{"taxonomy":"product_brand","embeddable":true,"href":"https:\/\/www.irdin.org.br\/site\/wp-json\/wp\/v2\/product_brand?post=84746"},{"taxonomy":"product_cat","embeddable":true,"href":"https:\/\/www.irdin.org.br\/site\/wp-json\/wp\/v2\/product_cat?post=84746"},{"taxonomy":"product_tag","embeddable":true,"href":"https:\/\/www.irdin.org.br\/site\/wp-json\/wp\/v2\/product_tag?post=84746"}],"curies":[{"name":"wp","href":"https:\/\/api.w.org\/{rel}","templated":true}]}}