{"id":84751,"date":"2018-04-26T18:44:06","date_gmt":"2018-04-26T18:44:06","guid":{"rendered":"http:\/\/www.irdin.org.br\/site\/produto\/nossa-reconexao-com-a-essencia-da-vida\/"},"modified":"2024-09-22T23:56:47","modified_gmt":"2024-09-22T23:56:47","slug":"nossa-reconexao-com-a-essencia-da-vida","status":"publish","type":"product","link":"https:\/\/www.irdin.org.br\/site\/produtos\/nossa-reconexao-com-a-essencia-da-vida\/","title":{"rendered":"Nossa reconex\u00e3o com a ess\u00eancia da vida"},"content":{"rendered":"<p><em>S\u00ednteses que constituem pequenos desafios em nossa vida di\u00e1ria \/ Hierarquias que nos prop\u00f5em aten\u00e7\u00e3o aos menores detalhes, tanto quanto ao que consideramos muito importante \/ A presen\u00e7a da M\u00e3e Universal como s\u00edmbolo da simplicidade \/ A arte de orar em qualquer lugar e em qualquer circunst\u00e2ncia<\/em><\/p>\n<p>&nbsp;<br \/>\n<strong>Ou\u00e7a agora:<\/strong><\/p>\n<p><span data-href=\"https:\/\/www.irdin.org.br\/site\/envios\/audios\/0014_0371__por_por__nossa_reconexao_com_a_essencia_da_vida.mp3\" data-title=\"nossa reconex\u00e3o com a ess\u00eancia da vida\" data-rel=\"\" data-target=\"\" data-meta=\"#fap-meta-6a0591f1b39c0\" class=\"fap-single-track fap-track-button fap-play-button\" data-enqueue=\"no\" data-autoenqueue=\"no\" title=\"nossa reconex\u00e3o com a ess\u00eancia da vida\"><span class=\"fap-icon-play\"><\/span>Ouvir<\/span> <a href=\"https:\/\/www.irdin.org.br\/site\/envios\/audios\/0014_0371__por_por__nossa_reconexao_com_a_essencia_da_vida.mp3\" class=\"baixar\" download><span class=\"fa fa-arrow-down\"><\/span>Baixar<\/span><\/a> <span class=\"textobaixar\"> nossa reconex\u00e3o com a ess\u00eancia da vida<\/span><\/p>\n<p>&nbsp;<\/p>\n","protected":false},"excerpt":{"rendered":"<p>S\u00ednteses que constituem pequenos desafios em nossa vida di\u00e1ria \/ Hierarquias que nos prop\u00f5em aten\u00e7\u00e3o aos menores detalhes, tanto quanto<\/p>\n","protected":false},"featured_media":37803,"template":"","meta":{"_acf_changed":false},"product_brand":[],"product_cat":[18076,33068],"product_tag":[42801],"class_list":{"0":"post-84751","1":"product","2":"type-product","3":"status-publish","4":"has-post-thumbnail","6":"product_cat-cddvd","7":"product_cat-palestras","8":"product_tag-42801","9":"pa_autor-trigueirinho","10":"pa_codigo-da-serie-32103","11":"pa_codigo-externo-00140371porcd","12":"pa_data-de-gravacao-19791","13":"pa_duracao-46min","14":"pa_idioma-de-destino-portugues","15":"pa_idioma-de-origem-portugues","16":"pa_lancamento-no","17":"pa_midia-cd","18":"pa_moac-42800","19":"pa_quantidade-de-saldo-33067","20":"pa_sequencial-da-serie-32042","21":"pa_tipo-de-traducao-nao-classificado","23":"first","24":"outofstock","25":"product-type-simple"},"acf":[],"_links":{"self":[{"href":"https:\/\/www.irdin.org.br\/site\/wp-json\/wp\/v2\/product\/84751","targetHints":{"allow":["GET"]}}],"collection":[{"href":"https:\/\/www.irdin.org.br\/site\/wp-json\/wp\/v2\/product"}],"about":[{"href":"https:\/\/www.irdin.org.br\/site\/wp-json\/wp\/v2\/types\/product"}],"version-history":[{"count":1,"href":"https:\/\/www.irdin.org.br\/site\/wp-json\/wp\/v2\/product\/84751\/revisions"}],"predecessor-version":[{"id":107266,"href":"https:\/\/www.irdin.org.br\/site\/wp-json\/wp\/v2\/product\/84751\/revisions\/107266"}],"wp:featuredmedia":[{"embeddable":true,"href":"https:\/\/www.irdin.org.br\/site\/wp-json\/wp\/v2\/media\/37803"}],"wp:attachment":[{"href":"https:\/\/www.irdin.org.br\/site\/wp-json\/wp\/v2\/media?parent=84751"}],"wp:term":[{"taxonomy":"product_brand","embeddable":true,"href":"https:\/\/www.irdin.org.br\/site\/wp-json\/wp\/v2\/product_brand?post=84751"},{"taxonomy":"product_cat","embeddable":true,"href":"https:\/\/www.irdin.org.br\/site\/wp-json\/wp\/v2\/product_cat?post=84751"},{"taxonomy":"product_tag","embeddable":true,"href":"https:\/\/www.irdin.org.br\/site\/wp-json\/wp\/v2\/product_tag?post=84751"}],"curies":[{"name":"wp","href":"https:\/\/api.w.org\/{rel}","templated":true}]}}