{"id":84753,"date":"2018-04-26T18:44:06","date_gmt":"2018-04-26T18:44:06","guid":{"rendered":"http:\/\/www.irdin.org.br\/site\/produto\/notre-propre-controle-sur-la-mort-1-une-approche-de-cet-evenement-quest-la-mort\/"},"modified":"2024-09-22T23:57:12","modified_gmt":"2024-09-22T23:57:12","slug":"notre-propre-controle-sur-la-mort-1-une-approche-de-cet-evenement-quest-la-mort","status":"publish","type":"product","link":"https:\/\/www.irdin.org.br\/site\/produtos\/notre-propre-controle-sur-la-mort-1-une-approche-de-cet-evenement-quest-la-mort\/","title":{"rendered":"Notre Propre Contr\u00f4le sur la Mort &#8211; 1 &#8211; Une approche de cet \u00e9v\u00e9nement qu\u00b4est la mort"},"content":{"rendered":"<p><em>Ce que nous appelons la mort\u00b4\u00b4 n\u00b4est, en v\u00e9rit\u00e9, qu\u00b4une transformation et un changement de dimension pour lesquels nous pouvons nous pr\u00e9parer avec s\u00e9r\u00e9nit\u00e9. \u00b4\u00b4<\/em><\/p>\n<p><strong>Ou\u00e7a agora:<\/strong><\/p>\n<p><span data-href=\"https:\/\/www.irdin.org.br\/site\/envios\/audios\/0015_0001__por_spa__notre_propre_controle_sur_la_mort_1.mp3\" data-title=\"notre propre contr\u00f4le sur la mort - 1 - une approche de cet \u00e9v\u00e9nement qu\u00b4est la mort\" data-rel=\"\" data-target=\"\" data-meta=\"#fap-meta-69e2abbacacd2\" class=\"fap-single-track fap-track-button fap-play-button\" data-enqueue=\"no\" data-autoenqueue=\"no\" title=\"notre propre contr\u00f4le sur la mort - 1 - une approche de cet \u00e9v\u00e9nement qu\u00b4est la mort\"><span class=\"fap-icon-play\"><\/span>Ouvir<\/span> <a class=\"baixar\" href=\"https:\/\/www.irdin.org.br\/site\/envios\/audios\/0015_0001__por_spa__notre_propre_controle_sur_la_mort_1.mp3\" download=\"\">Baixar<\/a> <span class=\"textobaixar\"> notre propre contr\u00f4le sur la mort &#8211; 1 &#8211; une approche de cet \u00e9v\u00e9nement qu\u00b4est la mort<\/span><\/p>\n<p>&nbsp;<\/p>\n","protected":false},"excerpt":{"rendered":"<p>Ce que nous appelons la mort\u00b4\u00b4 n\u00b4est, en v\u00e9rit\u00e9, qu\u00b4une transformation et un changement de dimension pour lesquels nous pouvons<\/p>\n","protected":false},"featured_media":37803,"template":"","meta":{"_acf_changed":false},"product_brand":[],"product_cat":[18076,33068],"product_tag":[42805],"class_list":{"0":"post-84753","1":"product","2":"type-product","3":"status-publish","4":"has-post-thumbnail","6":"product_cat-cddvd","7":"product_cat-palestras","8":"product_tag-42805","9":"pa_autor-trigueirinho","10":"pa_codigo-da-serie-32722","11":"pa_codigo-externo-00150001frafracd","12":"pa_data-de-gravacao-19799","13":"pa_duracao-44-min","14":"pa_idioma-de-destino-frances","15":"pa_idioma-de-origem-portugues","16":"pa_lancamento-no","17":"pa_midia-cd","18":"pa_moac-42804","19":"pa_quantidade-de-saldo-33067","20":"pa_sequencial-da-serie-31877","21":"pa_tipo-de-traducao-nao-classificado","23":"first","24":"outofstock","25":"product-type-simple"},"acf":[],"_links":{"self":[{"href":"https:\/\/www.irdin.org.br\/site\/wp-json\/wp\/v2\/product\/84753","targetHints":{"allow":["GET"]}}],"collection":[{"href":"https:\/\/www.irdin.org.br\/site\/wp-json\/wp\/v2\/product"}],"about":[{"href":"https:\/\/www.irdin.org.br\/site\/wp-json\/wp\/v2\/types\/product"}],"version-history":[{"count":1,"href":"https:\/\/www.irdin.org.br\/site\/wp-json\/wp\/v2\/product\/84753\/revisions"}],"predecessor-version":[{"id":107268,"href":"https:\/\/www.irdin.org.br\/site\/wp-json\/wp\/v2\/product\/84753\/revisions\/107268"}],"wp:featuredmedia":[{"embeddable":true,"href":"https:\/\/www.irdin.org.br\/site\/wp-json\/wp\/v2\/media\/37803"}],"wp:attachment":[{"href":"https:\/\/www.irdin.org.br\/site\/wp-json\/wp\/v2\/media?parent=84753"}],"wp:term":[{"taxonomy":"product_brand","embeddable":true,"href":"https:\/\/www.irdin.org.br\/site\/wp-json\/wp\/v2\/product_brand?post=84753"},{"taxonomy":"product_cat","embeddable":true,"href":"https:\/\/www.irdin.org.br\/site\/wp-json\/wp\/v2\/product_cat?post=84753"},{"taxonomy":"product_tag","embeddable":true,"href":"https:\/\/www.irdin.org.br\/site\/wp-json\/wp\/v2\/product_tag?post=84753"}],"curies":[{"name":"wp","href":"https:\/\/api.w.org\/{rel}","templated":true}]}}