{"id":84764,"date":"2018-04-26T18:44:29","date_gmt":"2018-04-26T18:44:29","guid":{"rendered":"http:\/\/www.irdin.org.br\/site\/produto\/la-muerte-bajo-control-3-cuando-el-alma-se-libera\/"},"modified":"2024-09-22T23:35:34","modified_gmt":"2024-09-22T23:35:34","slug":"la-muerte-bajo-control-3-cuando-el-alma-se-libera","status":"publish","type":"product","link":"https:\/\/www.irdin.org.br\/site\/produtos\/la-muerte-bajo-control-3-cuando-el-alma-se-libera\/","title":{"rendered":"La muerte bajo control &#8211; 3 &#8211; Cuando el alma se libera"},"content":{"rendered":"<p><em>Despu\u00e9s de la muerte el alma ingresa en un nuevo estado de consciencia, el cual depender\u00e1 de la forma de vida que llev\u00f3. Asimilar\u00e1 las lecciones que recibi\u00f3 su permanencia sobre la Tierra.<\/em><\/p>\n<p>&nbsp;<br \/>\n<strong>Ou\u00e7a agora:<\/strong><\/p>\n<p><span data-href=\"https:\/\/www.irdin.org.br\/site\/envios\/audios\/0015_0003__por_spa__la_muerte_bajo_control_3.mp3\" data-title=\"la muerte bajo control - 3 - cuando el alma se libera\" data-rel=\"\" data-target=\"\" data-meta=\"#fap-meta-6a055c35b08d9\" class=\"fap-single-track fap-track-button fap-play-button\" data-enqueue=\"no\" data-autoenqueue=\"no\" title=\"la muerte bajo control - 3 - cuando el alma se libera\"><span class=\"fap-icon-play\"><\/span>Ouvir<\/span> <a href=\"https:\/\/www.irdin.org.br\/site\/envios\/audios\/0015_0003__por_spa__la_muerte_bajo_control_3.mp3\" class=\"baixar\" download><span class=\"fa fa-arrow-down\"><\/span>Baixar<\/span><\/a> <span class=\"textobaixar\"> la muerte bajo control &#8211; 3 &#8211; cuando el alma se libera<\/span><\/p>\n<p>&nbsp;<\/p>\n","protected":false},"excerpt":{"rendered":"<p>Despu\u00e9s de la muerte el alma ingresa en un nuevo estado de consciencia, el cual depender\u00e1 de la forma de<\/p>\n","protected":false},"featured_media":37803,"template":"","meta":{"_acf_changed":false},"product_brand":[],"product_cat":[18076,33068],"product_tag":[42827],"class_list":{"0":"post-84764","1":"product","2":"type-product","3":"status-publish","4":"has-post-thumbnail","6":"product_cat-cddvd","7":"product_cat-palestras","8":"product_tag-42827","9":"pa_autor-trigueirinho","10":"pa_codigo-da-serie-32722","11":"pa_codigo-externo-00150003spacd","12":"pa_data-de-gravacao-19799","13":"pa_duracao-36-min","14":"pa_idioma-de-destino-espanhol","15":"pa_idioma-de-origem-portugues","16":"pa_lancamento-no","17":"pa_midia-cd","18":"pa_moac-42826","19":"pa_quantidade-de-saldo-33067","20":"pa_sequencial-da-serie-31879","21":"pa_tipo-de-traducao-nao-classificado","23":"first","24":"outofstock","25":"product-type-simple"},"acf":[],"_links":{"self":[{"href":"https:\/\/www.irdin.org.br\/site\/wp-json\/wp\/v2\/product\/84764","targetHints":{"allow":["GET"]}}],"collection":[{"href":"https:\/\/www.irdin.org.br\/site\/wp-json\/wp\/v2\/product"}],"about":[{"href":"https:\/\/www.irdin.org.br\/site\/wp-json\/wp\/v2\/types\/product"}],"version-history":[{"count":1,"href":"https:\/\/www.irdin.org.br\/site\/wp-json\/wp\/v2\/product\/84764\/revisions"}],"predecessor-version":[{"id":107239,"href":"https:\/\/www.irdin.org.br\/site\/wp-json\/wp\/v2\/product\/84764\/revisions\/107239"}],"wp:featuredmedia":[{"embeddable":true,"href":"https:\/\/www.irdin.org.br\/site\/wp-json\/wp\/v2\/media\/37803"}],"wp:attachment":[{"href":"https:\/\/www.irdin.org.br\/site\/wp-json\/wp\/v2\/media?parent=84764"}],"wp:term":[{"taxonomy":"product_brand","embeddable":true,"href":"https:\/\/www.irdin.org.br\/site\/wp-json\/wp\/v2\/product_brand?post=84764"},{"taxonomy":"product_cat","embeddable":true,"href":"https:\/\/www.irdin.org.br\/site\/wp-json\/wp\/v2\/product_cat?post=84764"},{"taxonomy":"product_tag","embeddable":true,"href":"https:\/\/www.irdin.org.br\/site\/wp-json\/wp\/v2\/product_tag?post=84764"}],"curies":[{"name":"wp","href":"https:\/\/api.w.org\/{rel}","templated":true}]}}