{"id":84768,"date":"2018-04-26T18:44:29","date_gmt":"2018-04-26T18:44:29","guid":{"rendered":"http:\/\/www.irdin.org.br\/site\/produto\/corpo-grupal-e-ciclos\/"},"modified":"2024-09-22T23:36:23","modified_gmt":"2024-09-22T23:36:23","slug":"corpo-grupal-e-ciclos","status":"publish","type":"product","link":"https:\/\/www.irdin.org.br\/site\/produtos\/corpo-grupal-e-ciclos\/","title":{"rendered":"Corpo grupal e ciclos"},"content":{"rendered":"<p><em>A energia que a Hierarquia Espiritual est\u00e1 desenvolvendo na Terra facilita a forma\u00e7\u00e3o de grupos dedicados a ajudar as almas. \u00c9 um novo ciclo de servi\u00e7o para os que se esquecem de si mesmos.<\/em><\/p>\n<p>&nbsp;<br \/>\n<strong>Ou\u00e7a agora:<\/strong><\/p>\n<p><span data-href=\"https:\/\/www.irdin.org.br\/site\/envios\/audios\/0017_0007__por_por__corpo_grupal_e_ciclos.mp3\" data-title=\"corpo grupal e ciclos\" data-rel=\"\" data-target=\"\" data-meta=\"#fap-meta-69f9cb20cc2b9\" class=\"fap-single-track fap-track-button fap-play-button\" data-enqueue=\"no\" data-autoenqueue=\"no\" title=\"corpo grupal e ciclos\"><span class=\"fap-icon-play\"><\/span>Ouvir<\/span> <a href=\"https:\/\/www.irdin.org.br\/site\/envios\/audios\/0017_0007__por_por__corpo_grupal_e_ciclos.mp3\" class=\"baixar\" download><span class=\"fa fa-arrow-down\"><\/span>Baixar<\/span><\/a> <span class=\"textobaixar\"> corpo grupal e ciclos<\/span><\/p>\n<p>&nbsp;<\/p>\n","protected":false},"excerpt":{"rendered":"<p>A energia que a Hierarquia Espiritual est\u00e1 desenvolvendo na Terra facilita a forma\u00e7\u00e3o de grupos dedicados a ajudar as almas.<\/p>\n","protected":false},"featured_media":37803,"template":"","meta":{"_acf_changed":false},"product_brand":[],"product_cat":[18076,33068],"product_tag":[42835],"class_list":{"0":"post-84768","1":"product","2":"type-product","3":"status-publish","4":"has-post-thumbnail","6":"product_cat-cddvd","7":"product_cat-palestras","8":"product_tag-42835","9":"pa_autor-trigueirinho","10":"pa_codigo-da-serie-32739","11":"pa_codigo-externo-00170007porcd","12":"pa_data-de-gravacao-19849","13":"pa_duracao-36min8s","14":"pa_idioma-de-destino-portugues","15":"pa_idioma-de-origem-portugues","16":"pa_lancamento-no","17":"pa_midia-cd","18":"pa_moac-42834","19":"pa_quantidade-de-saldo-33067","20":"pa_sequencial-da-serie-31883","21":"pa_tipo-de-traducao-nao-classificado","23":"first","24":"outofstock","25":"product-type-simple"},"acf":[],"_links":{"self":[{"href":"https:\/\/www.irdin.org.br\/site\/wp-json\/wp\/v2\/product\/84768","targetHints":{"allow":["GET"]}}],"collection":[{"href":"https:\/\/www.irdin.org.br\/site\/wp-json\/wp\/v2\/product"}],"about":[{"href":"https:\/\/www.irdin.org.br\/site\/wp-json\/wp\/v2\/types\/product"}],"version-history":[{"count":1,"href":"https:\/\/www.irdin.org.br\/site\/wp-json\/wp\/v2\/product\/84768\/revisions"}],"predecessor-version":[{"id":107243,"href":"https:\/\/www.irdin.org.br\/site\/wp-json\/wp\/v2\/product\/84768\/revisions\/107243"}],"wp:featuredmedia":[{"embeddable":true,"href":"https:\/\/www.irdin.org.br\/site\/wp-json\/wp\/v2\/media\/37803"}],"wp:attachment":[{"href":"https:\/\/www.irdin.org.br\/site\/wp-json\/wp\/v2\/media?parent=84768"}],"wp:term":[{"taxonomy":"product_brand","embeddable":true,"href":"https:\/\/www.irdin.org.br\/site\/wp-json\/wp\/v2\/product_brand?post=84768"},{"taxonomy":"product_cat","embeddable":true,"href":"https:\/\/www.irdin.org.br\/site\/wp-json\/wp\/v2\/product_cat?post=84768"},{"taxonomy":"product_tag","embeddable":true,"href":"https:\/\/www.irdin.org.br\/site\/wp-json\/wp\/v2\/product_tag?post=84768"}],"curies":[{"name":"wp","href":"https:\/\/api.w.org\/{rel}","templated":true}]}}