{"id":84772,"date":"2018-04-26T18:44:29","date_gmt":"2018-04-26T18:44:29","guid":{"rendered":"http:\/\/www.irdin.org.br\/site\/produto\/um-novo-patamar-na-pratica-da-oracao\/"},"modified":"2024-09-22T23:37:43","modified_gmt":"2024-09-22T23:37:43","slug":"um-novo-patamar-na-pratica-da-oracao","status":"publish","type":"product","link":"https:\/\/www.irdin.org.br\/site\/produtos\/um-novo-patamar-na-pratica-da-oracao\/","title":{"rendered":"Um novo patamar na pr\u00e1tica da ora\u00e7\u00e3o"},"content":{"rendered":"<p><em>Na ora\u00e7\u00e3o sem fins ego\u00edstas, a import\u00e2ncia da devo\u00e7\u00e3o, da entrega de si e da unidade com os mais profundos n\u00edveis do pr\u00f3prio ser.<\/em><\/p>\n<p>&nbsp;<br \/>\n<strong>Ou\u00e7a agora:<\/strong><\/p>\n<p><span data-href=\"https:\/\/www.irdin.org.br\/site\/envios\/audios\/0017_0011__por_por__um_novo_patamar_na_pratica_da_oracao.mp3\" data-title=\"um novo patamar na pr\u00e1tica da ora\u00e7\u00e3o\" data-rel=\"\" data-target=\"\" data-meta=\"#fap-meta-69e2eec8a6e2a\" class=\"fap-single-track fap-track-button fap-play-button\" data-enqueue=\"no\" data-autoenqueue=\"no\" title=\"um novo patamar na pr\u00e1tica da ora\u00e7\u00e3o\"><span class=\"fap-icon-play\"><\/span>Ouvir<\/span> <a href=\"https:\/\/www.irdin.org.br\/site\/envios\/audios\/0017_0011__por_por__um_novo_patamar_na_pratica_da_oracao.mp3\" class=\"baixar\" download><span class=\"fa fa-arrow-down\"><\/span>Baixar<\/span><\/a> <span class=\"textobaixar\"> um novo patamar na pr\u00e1tica da ora\u00e7\u00e3o<\/span><\/p>\n<p>&nbsp;<\/p>\n","protected":false},"excerpt":{"rendered":"<p>Na ora\u00e7\u00e3o sem fins ego\u00edstas, a import\u00e2ncia da devo\u00e7\u00e3o, da entrega de si e da unidade com os mais profundos<\/p>\n","protected":false},"featured_media":37803,"template":"","meta":{"_acf_changed":false},"product_brand":[],"product_cat":[18076,33068],"product_tag":[42843],"class_list":{"0":"post-84772","1":"product","2":"type-product","3":"status-publish","4":"has-post-thumbnail","6":"product_cat-cddvd","7":"product_cat-palestras","8":"product_tag-42843","9":"pa_autor-trigueirinho","10":"pa_codigo-da-serie-32739","11":"pa_codigo-externo-00170011porcd","12":"pa_data-de-gravacao-19863","13":"pa_duracao-30min","14":"pa_idioma-de-destino-portugues","15":"pa_idioma-de-origem-portugues","16":"pa_lancamento-no","17":"pa_midia-cd","18":"pa_moac-42842","19":"pa_quantidade-de-saldo-33067","20":"pa_sequencial-da-serie-31891","21":"pa_tipo-de-traducao-nao-classificado","23":"first","24":"outofstock","25":"product-type-simple"},"acf":[],"_links":{"self":[{"href":"https:\/\/www.irdin.org.br\/site\/wp-json\/wp\/v2\/product\/84772","targetHints":{"allow":["GET"]}}],"collection":[{"href":"https:\/\/www.irdin.org.br\/site\/wp-json\/wp\/v2\/product"}],"about":[{"href":"https:\/\/www.irdin.org.br\/site\/wp-json\/wp\/v2\/types\/product"}],"version-history":[{"count":1,"href":"https:\/\/www.irdin.org.br\/site\/wp-json\/wp\/v2\/product\/84772\/revisions"}],"predecessor-version":[{"id":107249,"href":"https:\/\/www.irdin.org.br\/site\/wp-json\/wp\/v2\/product\/84772\/revisions\/107249"}],"wp:featuredmedia":[{"embeddable":true,"href":"https:\/\/www.irdin.org.br\/site\/wp-json\/wp\/v2\/media\/37803"}],"wp:attachment":[{"href":"https:\/\/www.irdin.org.br\/site\/wp-json\/wp\/v2\/media?parent=84772"}],"wp:term":[{"taxonomy":"product_brand","embeddable":true,"href":"https:\/\/www.irdin.org.br\/site\/wp-json\/wp\/v2\/product_brand?post=84772"},{"taxonomy":"product_cat","embeddable":true,"href":"https:\/\/www.irdin.org.br\/site\/wp-json\/wp\/v2\/product_cat?post=84772"},{"taxonomy":"product_tag","embeddable":true,"href":"https:\/\/www.irdin.org.br\/site\/wp-json\/wp\/v2\/product_tag?post=84772"}],"curies":[{"name":"wp","href":"https:\/\/api.w.org\/{rel}","templated":true}]}}