{"id":84773,"date":"2018-04-26T18:44:29","date_gmt":"2018-04-26T18:44:29","guid":{"rendered":"http:\/\/www.irdin.org.br\/site\/produto\/repercussoes-de-um-grupo-de-oracao\/"},"modified":"2024-09-22T23:36:44","modified_gmt":"2024-09-22T23:36:44","slug":"repercussoes-de-um-grupo-de-oracao","status":"publish","type":"product","link":"https:\/\/www.irdin.org.br\/site\/produtos\/repercussoes-de-um-grupo-de-oracao\/","title":{"rendered":"Repercuss\u00f5es de um grupo de ora\u00e7\u00e3o"},"content":{"rendered":"<p><em>O amplo benef\u00edcio de um grupo de ora\u00e7\u00e3o: a transcend\u00eancia do \u00e2mbito individual, o caminho para a contempla\u00e7\u00e3o e para a onipresen\u00e7a, o contato com Hierarquias Espirituais, a penetra\u00e7\u00e3o em outro espa\u00e7o-tempo, o desenvolvimento de energias elevadas.<\/em><\/p>\n<p>&nbsp;<br \/>\n<strong>Ou\u00e7a agora:<\/strong><\/p>\n<p><span data-href=\"https:\/\/www.irdin.org.br\/site\/envios\/audios\/0017_0012__por_por__repercussoes_de_um_grupo_de_oracao.mp3\" data-title=\"repercuss\u00f5es de um grupo de ora\u00e7\u00e3o\" data-rel=\"\" data-target=\"\" data-meta=\"#fap-meta-69e30738066a7\" class=\"fap-single-track fap-track-button fap-play-button\" data-enqueue=\"no\" data-autoenqueue=\"no\" title=\"repercuss\u00f5es de um grupo de ora\u00e7\u00e3o\"><span class=\"fap-icon-play\"><\/span>Ouvir<\/span> <a href=\"https:\/\/www.irdin.org.br\/site\/envios\/audios\/0017_0012__por_por__repercussoes_de_um_grupo_de_oracao.mp3\" class=\"baixar\" download><span class=\"fa fa-arrow-down\"><\/span>Baixar<\/span><\/a> <span class=\"textobaixar\"> repercuss\u00f5es de um grupo de ora\u00e7\u00e3o<\/span><\/p>\n<p>&nbsp;<\/p>\n","protected":false},"excerpt":{"rendered":"<p>O amplo benef\u00edcio de um grupo de ora\u00e7\u00e3o: a transcend\u00eancia do \u00e2mbito individual, o caminho para a contempla\u00e7\u00e3o e para<\/p>\n","protected":false},"featured_media":37803,"template":"","meta":{"_acf_changed":false},"product_brand":[],"product_cat":[18076,33068],"product_tag":[42845],"class_list":{"0":"post-84773","1":"product","2":"type-product","3":"status-publish","4":"has-post-thumbnail","6":"product_cat-cddvd","7":"product_cat-palestras","8":"product_tag-42845","9":"pa_autor-trigueirinho","10":"pa_codigo-da-serie-32739","11":"pa_codigo-externo-00170012porcd","12":"pa_data-de-gravacao-19866","13":"pa_duracao-42min","14":"pa_idioma-de-destino-portugues","15":"pa_idioma-de-origem-portugues","16":"pa_lancamento-no","17":"pa_midia-cd","18":"pa_moac-42844","19":"pa_quantidade-de-saldo-33067","20":"pa_sequencial-da-serie-31892","21":"pa_tipo-de-traducao-nao-classificado","23":"first","24":"outofstock","25":"product-type-simple"},"acf":[],"_links":{"self":[{"href":"https:\/\/www.irdin.org.br\/site\/wp-json\/wp\/v2\/product\/84773","targetHints":{"allow":["GET"]}}],"collection":[{"href":"https:\/\/www.irdin.org.br\/site\/wp-json\/wp\/v2\/product"}],"about":[{"href":"https:\/\/www.irdin.org.br\/site\/wp-json\/wp\/v2\/types\/product"}],"version-history":[{"count":1,"href":"https:\/\/www.irdin.org.br\/site\/wp-json\/wp\/v2\/product\/84773\/revisions"}],"predecessor-version":[{"id":107244,"href":"https:\/\/www.irdin.org.br\/site\/wp-json\/wp\/v2\/product\/84773\/revisions\/107244"}],"wp:featuredmedia":[{"embeddable":true,"href":"https:\/\/www.irdin.org.br\/site\/wp-json\/wp\/v2\/media\/37803"}],"wp:attachment":[{"href":"https:\/\/www.irdin.org.br\/site\/wp-json\/wp\/v2\/media?parent=84773"}],"wp:term":[{"taxonomy":"product_brand","embeddable":true,"href":"https:\/\/www.irdin.org.br\/site\/wp-json\/wp\/v2\/product_brand?post=84773"},{"taxonomy":"product_cat","embeddable":true,"href":"https:\/\/www.irdin.org.br\/site\/wp-json\/wp\/v2\/product_cat?post=84773"},{"taxonomy":"product_tag","embeddable":true,"href":"https:\/\/www.irdin.org.br\/site\/wp-json\/wp\/v2\/product_tag?post=84773"}],"curies":[{"name":"wp","href":"https:\/\/api.w.org\/{rel}","templated":true}]}}