{"id":84774,"date":"2018-04-26T18:44:29","date_gmt":"2018-04-26T18:44:29","guid":{"rendered":"http:\/\/www.irdin.org.br\/site\/produto\/o-preparo-de-seres-contato\/"},"modified":"2024-09-22T23:36:57","modified_gmt":"2024-09-22T23:36:57","slug":"o-preparo-de-seres-contato","status":"publish","type":"product","link":"https:\/\/www.irdin.org.br\/site\/produtos\/o-preparo-de-seres-contato\/","title":{"rendered":"O preparo de seres-contato"},"content":{"rendered":"<p><em>A clareza necess\u00e1ria e as condi\u00e7\u00f5es b\u00e1sicas para a forma\u00e7\u00e3o de grupos que canalizem instru\u00e7\u00f5es enviadas pelas Hierarquias Espirituais.<\/em><\/p>\n<p>&nbsp;<br \/>\n<strong>Ou\u00e7a agora:<\/strong><\/p>\n<p><span data-href=\"https:\/\/www.irdin.org.br\/site\/envios\/audios\/0017_0013__por_por__o_preparo_de_seres_contato.mp3\" data-title=\"o preparo de seres-contato\" data-rel=\"\" data-target=\"\" data-meta=\"#fap-meta-69e5fb379d54f\" class=\"fap-single-track fap-track-button fap-play-button\" data-enqueue=\"no\" data-autoenqueue=\"no\" title=\"o preparo de seres-contato\"><span class=\"fap-icon-play\"><\/span>Ouvir<\/span> <a href=\"https:\/\/www.irdin.org.br\/site\/envios\/audios\/0017_0013__por_por__o_preparo_de_seres_contato.mp3\" class=\"baixar\" download><span class=\"fa fa-arrow-down\"><\/span>Baixar<\/span><\/a> <span class=\"textobaixar\"> o preparo de seres-contato<\/span><\/p>\n<p>&nbsp;<\/p>\n","protected":false},"excerpt":{"rendered":"<p>A clareza necess\u00e1ria e as condi\u00e7\u00f5es b\u00e1sicas para a forma\u00e7\u00e3o de grupos que canalizem instru\u00e7\u00f5es enviadas pelas Hierarquias Espirituais. &nbsp;<\/p>\n","protected":false},"featured_media":37803,"template":"","meta":{"_acf_changed":false},"product_brand":[],"product_cat":[18076,33068],"product_tag":[42847],"class_list":{"0":"post-84774","1":"product","2":"type-product","3":"status-publish","4":"has-post-thumbnail","6":"product_cat-cddvd","7":"product_cat-palestras","8":"product_tag-42847","9":"pa_autor-trigueirinho","10":"pa_codigo-da-serie-32739","11":"pa_codigo-externo-00170013porcd","12":"pa_data-de-gravacao-19869","13":"pa_duracao-37min","14":"pa_idioma-de-destino-portugues","15":"pa_idioma-de-origem-portugues","16":"pa_lancamento-no","17":"pa_midia-cd","18":"pa_moac-42846","19":"pa_quantidade-de-saldo-33067","20":"pa_sequencial-da-serie-31895","21":"pa_tipo-de-traducao-nao-classificado","23":"first","24":"outofstock","25":"product-type-simple"},"acf":[],"_links":{"self":[{"href":"https:\/\/www.irdin.org.br\/site\/wp-json\/wp\/v2\/product\/84774","targetHints":{"allow":["GET"]}}],"collection":[{"href":"https:\/\/www.irdin.org.br\/site\/wp-json\/wp\/v2\/product"}],"about":[{"href":"https:\/\/www.irdin.org.br\/site\/wp-json\/wp\/v2\/types\/product"}],"version-history":[{"count":1,"href":"https:\/\/www.irdin.org.br\/site\/wp-json\/wp\/v2\/product\/84774\/revisions"}],"predecessor-version":[{"id":107245,"href":"https:\/\/www.irdin.org.br\/site\/wp-json\/wp\/v2\/product\/84774\/revisions\/107245"}],"wp:featuredmedia":[{"embeddable":true,"href":"https:\/\/www.irdin.org.br\/site\/wp-json\/wp\/v2\/media\/37803"}],"wp:attachment":[{"href":"https:\/\/www.irdin.org.br\/site\/wp-json\/wp\/v2\/media?parent=84774"}],"wp:term":[{"taxonomy":"product_brand","embeddable":true,"href":"https:\/\/www.irdin.org.br\/site\/wp-json\/wp\/v2\/product_brand?post=84774"},{"taxonomy":"product_cat","embeddable":true,"href":"https:\/\/www.irdin.org.br\/site\/wp-json\/wp\/v2\/product_cat?post=84774"},{"taxonomy":"product_tag","embeddable":true,"href":"https:\/\/www.irdin.org.br\/site\/wp-json\/wp\/v2\/product_tag?post=84774"}],"curies":[{"name":"wp","href":"https:\/\/api.w.org\/{rel}","templated":true}]}}