{"id":84780,"date":"2018-04-26T18:44:52","date_gmt":"2018-04-26T18:44:52","guid":{"rendered":"http:\/\/www.irdin.org.br\/site\/produto\/processos-futuros-de-cura\/"},"modified":"2024-09-09T03:46:42","modified_gmt":"2024-09-09T03:46:42","slug":"processos-futuros-de-cura","status":"publish","type":"product","link":"https:\/\/www.irdin.org.br\/site\/produtos\/processos-futuros-de-cura\/","title":{"rendered":"Processos futuros de cura"},"content":{"rendered":"<p><em>A universalidade \u00e9 a nota que o N\u00facleo Sohin deve cultivar para possibilitar a aproxima\u00e7\u00e3o das ra\u00e7as c\u00f3smicas e a manifesta\u00e7\u00e3o de novos meios de cura.<\/em><\/p>\n<p>&nbsp;<br \/>\n<strong>Ou\u00e7a agora:<\/strong><\/p>\n<p><span data-href=\"https:\/\/www.irdin.org.br\/site\/envios\/audios\/0018_0010__por_por__processos_futuros_de_cura.mp3\" data-title=\"processos futuros de cura\" data-rel=\"\" data-target=\"\" data-meta=\"#fap-meta-69e4938203ed0\" class=\"fap-single-track fap-track-button fap-play-button\" data-enqueue=\"no\" data-autoenqueue=\"no\" title=\"processos futuros de cura\"><span class=\"fap-icon-play\"><\/span>Ouvir<\/span> <a href=\"https:\/\/www.irdin.org.br\/site\/envios\/audios\/0018_0010__por_por__processos_futuros_de_cura.mp3\" class=\"baixar\" download><span class=\"fa fa-arrow-down\"><\/span>Baixar<\/span><\/a> <span class=\"textobaixar\"> processos futuros de cura<\/span><\/p>\n<p>&nbsp;<\/p>\n","protected":false},"excerpt":{"rendered":"<p>A universalidade \u00e9 a nota que o N\u00facleo Sohin deve cultivar para possibilitar a aproxima\u00e7\u00e3o das ra\u00e7as c\u00f3smicas e a<\/p>\n","protected":false},"featured_media":37803,"template":"","meta":{"_acf_changed":false},"product_brand":[],"product_cat":[18076,33068],"product_tag":[42859],"class_list":{"0":"post-84780","1":"product","2":"type-product","3":"status-publish","4":"has-post-thumbnail","6":"product_cat-cddvd","7":"product_cat-palestras","8":"product_tag-42859","9":"pa_autor-trigueirinho","10":"pa_codigo-da-serie-32753","11":"pa_codigo-externo-00180010porcd","12":"pa_data-de-gravacao-19889","13":"pa_duracao-47min","14":"pa_idioma-de-destino-portugues","15":"pa_idioma-de-origem-portugues","16":"pa_lancamento-no","17":"pa_midia-cd","18":"pa_moac-42858","19":"pa_quantidade-de-saldo-33067","20":"pa_sequencial-da-serie-31890","21":"pa_tipo-de-traducao-nao-classificado","23":"first","24":"outofstock","25":"product-type-simple"},"acf":[],"_links":{"self":[{"href":"https:\/\/www.irdin.org.br\/site\/wp-json\/wp\/v2\/product\/84780","targetHints":{"allow":["GET"]}}],"collection":[{"href":"https:\/\/www.irdin.org.br\/site\/wp-json\/wp\/v2\/product"}],"about":[{"href":"https:\/\/www.irdin.org.br\/site\/wp-json\/wp\/v2\/types\/product"}],"version-history":[{"count":1,"href":"https:\/\/www.irdin.org.br\/site\/wp-json\/wp\/v2\/product\/84780\/revisions"}],"predecessor-version":[{"id":107176,"href":"https:\/\/www.irdin.org.br\/site\/wp-json\/wp\/v2\/product\/84780\/revisions\/107176"}],"wp:featuredmedia":[{"embeddable":true,"href":"https:\/\/www.irdin.org.br\/site\/wp-json\/wp\/v2\/media\/37803"}],"wp:attachment":[{"href":"https:\/\/www.irdin.org.br\/site\/wp-json\/wp\/v2\/media?parent=84780"}],"wp:term":[{"taxonomy":"product_brand","embeddable":true,"href":"https:\/\/www.irdin.org.br\/site\/wp-json\/wp\/v2\/product_brand?post=84780"},{"taxonomy":"product_cat","embeddable":true,"href":"https:\/\/www.irdin.org.br\/site\/wp-json\/wp\/v2\/product_cat?post=84780"},{"taxonomy":"product_tag","embeddable":true,"href":"https:\/\/www.irdin.org.br\/site\/wp-json\/wp\/v2\/product_tag?post=84780"}],"curies":[{"name":"wp","href":"https:\/\/api.w.org\/{rel}","templated":true}]}}