{"id":84792,"date":"2018-04-26T18:44:52","date_gmt":"2018-04-26T18:44:52","guid":{"rendered":"http:\/\/www.irdin.org.br\/site\/produto\/para-compreender-os-sonhos-normais\/"},"modified":"2024-09-09T03:48:00","modified_gmt":"2024-09-09T03:48:00","slug":"para-compreender-os-sonhos-normais","status":"publish","type":"product","link":"https:\/\/www.irdin.org.br\/site\/produtos\/para-compreender-os-sonhos-normais\/","title":{"rendered":"Para compreender os sonhos normais"},"content":{"rendered":"<p><em>Devemos seguir as orienta\u00e7\u00f5es dos sonhos com aten\u00e7\u00e3o, sinceridade e amor para melhor nos conhecer e aperfei\u00e7oar.<\/em><\/p>\n<p>&nbsp;<br \/>\n<strong>Ou\u00e7a agora:<\/strong><\/p>\n<p><span data-href=\"https:\/\/www.irdin.org.br\/site\/envios\/audios\/0004_0006__por_por__para_compreender_os_sonhos_normais.mp3\" data-title=\"para compreender os sonhos normais\" data-rel=\"\" data-target=\"\" data-meta=\"#fap-meta-69e2db69d61dc\" class=\"fap-single-track fap-track-button fap-play-button\" data-enqueue=\"no\" data-autoenqueue=\"no\" title=\"para compreender os sonhos normais\"><span class=\"fap-icon-play\"><\/span>Ouvir<\/span> <a href=\"https:\/\/www.irdin.org.br\/site\/envios\/audios\/0004_0006__por_por__para_compreender_os_sonhos_normais.mp3\" class=\"baixar\" download><span class=\"fa fa-arrow-down\"><\/span>Baixar<\/span><\/a> <span class=\"textobaixar\"> para compreender os sonhos normais<\/span><\/p>\n<p>&nbsp;<\/p>\n","protected":false},"excerpt":{"rendered":"<p>Devemos seguir as orienta\u00e7\u00f5es dos sonhos com aten\u00e7\u00e3o, sinceridade e amor para melhor nos conhecer e aperfei\u00e7oar. &nbsp; Ou\u00e7a agora:<\/p>\n","protected":false},"featured_media":37803,"template":"","meta":{"_acf_changed":false},"product_brand":[],"product_cat":[18076,33068],"product_tag":[42881],"class_list":{"0":"post-84792","1":"product","2":"type-product","3":"status-publish","4":"has-post-thumbnail","6":"product_cat-cddvd","7":"product_cat-palestras","8":"product_tag-42881","9":"pa_autor-trigueirinho","10":"pa_codigo-da-serie-32039","11":"pa_codigo-externo-00040006porcd","12":"pa_data-de-gravacao-18149","13":"pa_duracao-37min","14":"pa_idioma-de-destino-portugues","15":"pa_idioma-de-origem-portugues","16":"pa_lancamento-no","17":"pa_midia-cd","18":"pa_moac-42880","19":"pa_quantidade-de-saldo-33067","20":"pa_sequencial-da-serie-31882","21":"pa_tipo-de-traducao-nao-classificado","23":"first","24":"outofstock","25":"product-type-simple"},"acf":[],"_links":{"self":[{"href":"https:\/\/www.irdin.org.br\/site\/wp-json\/wp\/v2\/product\/84792","targetHints":{"allow":["GET"]}}],"collection":[{"href":"https:\/\/www.irdin.org.br\/site\/wp-json\/wp\/v2\/product"}],"about":[{"href":"https:\/\/www.irdin.org.br\/site\/wp-json\/wp\/v2\/types\/product"}],"version-history":[{"count":1,"href":"https:\/\/www.irdin.org.br\/site\/wp-json\/wp\/v2\/product\/84792\/revisions"}],"predecessor-version":[{"id":107183,"href":"https:\/\/www.irdin.org.br\/site\/wp-json\/wp\/v2\/product\/84792\/revisions\/107183"}],"wp:featuredmedia":[{"embeddable":true,"href":"https:\/\/www.irdin.org.br\/site\/wp-json\/wp\/v2\/media\/37803"}],"wp:attachment":[{"href":"https:\/\/www.irdin.org.br\/site\/wp-json\/wp\/v2\/media?parent=84792"}],"wp:term":[{"taxonomy":"product_brand","embeddable":true,"href":"https:\/\/www.irdin.org.br\/site\/wp-json\/wp\/v2\/product_brand?post=84792"},{"taxonomy":"product_cat","embeddable":true,"href":"https:\/\/www.irdin.org.br\/site\/wp-json\/wp\/v2\/product_cat?post=84792"},{"taxonomy":"product_tag","embeddable":true,"href":"https:\/\/www.irdin.org.br\/site\/wp-json\/wp\/v2\/product_tag?post=84792"}],"curies":[{"name":"wp","href":"https:\/\/api.w.org\/{rel}","templated":true}]}}