{"id":84793,"date":"2018-04-26T18:44:52","date_gmt":"2018-04-26T18:44:52","guid":{"rendered":"http:\/\/www.irdin.org.br\/site\/produto\/ensinamentos-atraves-dos-sonhos\/"},"modified":"2024-09-09T03:48:13","modified_gmt":"2024-09-09T03:48:13","slug":"ensinamentos-atraves-dos-sonhos","status":"publish","type":"product","link":"https:\/\/www.irdin.org.br\/site\/produtos\/ensinamentos-atraves-dos-sonhos\/","title":{"rendered":"Ensinamentos atrav\u00e9s dos sonhos"},"content":{"rendered":"<p><em>Durante o sono podemos saber o que somos. No\u00e7\u00f5es de religiosidade, misticismo e filosofia, ent\u00e3o aprendidas, podem chegar \u00e0 mente concreta.<\/em><\/p>\n<p>&nbsp;<br \/>\n<strong>Ou\u00e7a agora:<\/strong><\/p>\n<p><span data-href=\"https:\/\/www.irdin.org.br\/site\/envios\/audios\/0004_0007__por_por__ensinamentos_atraves_dos_sonhos.mp3\" data-title=\"ensinamentos atrav\u00e9s dos sonhos\" data-rel=\"\" data-target=\"\" data-meta=\"#fap-meta-6a01f75fd6f35\" class=\"fap-single-track fap-track-button fap-play-button\" data-enqueue=\"no\" data-autoenqueue=\"no\" title=\"ensinamentos atrav\u00e9s dos sonhos\"><span class=\"fap-icon-play\"><\/span>Ouvir<\/span> <a href=\"https:\/\/www.irdin.org.br\/site\/envios\/audios\/0004_0007__por_por__ensinamentos_atraves_dos_sonhos.mp3\" class=\"baixar\" download><span class=\"fa fa-arrow-down\"><\/span>Baixar<\/span><\/a> <span class=\"textobaixar\"> ensinamentos atrav\u00e9s dos sonhos<\/span><\/p>\n<p>&nbsp;<\/p>\n","protected":false},"excerpt":{"rendered":"<p>Durante o sono podemos saber o que somos. No\u00e7\u00f5es de religiosidade, misticismo e filosofia, ent\u00e3o aprendidas, podem chegar \u00e0 mente<\/p>\n","protected":false},"featured_media":37803,"template":"","meta":{"_acf_changed":false},"product_brand":[],"product_cat":[18076,33068],"product_tag":[42883],"class_list":{"0":"post-84793","1":"product","2":"type-product","3":"status-publish","4":"has-post-thumbnail","6":"product_cat-cddvd","7":"product_cat-palestras","8":"product_tag-42883","9":"pa_autor-trigueirinho","10":"pa_codigo-da-serie-32039","11":"pa_codigo-externo-00040007porcd","12":"pa_data-de-gravacao-18164","13":"pa_duracao-28min","14":"pa_idioma-de-destino-portugues","15":"pa_idioma-de-origem-portugues","16":"pa_lancamento-no","17":"pa_midia-cd","18":"pa_moac-42882","19":"pa_quantidade-de-saldo-33067","20":"pa_sequencial-da-serie-31883","21":"pa_tipo-de-traducao-nao-classificado","23":"first","24":"outofstock","25":"product-type-simple"},"acf":[],"_links":{"self":[{"href":"https:\/\/www.irdin.org.br\/site\/wp-json\/wp\/v2\/product\/84793","targetHints":{"allow":["GET"]}}],"collection":[{"href":"https:\/\/www.irdin.org.br\/site\/wp-json\/wp\/v2\/product"}],"about":[{"href":"https:\/\/www.irdin.org.br\/site\/wp-json\/wp\/v2\/types\/product"}],"version-history":[{"count":1,"href":"https:\/\/www.irdin.org.br\/site\/wp-json\/wp\/v2\/product\/84793\/revisions"}],"predecessor-version":[{"id":107184,"href":"https:\/\/www.irdin.org.br\/site\/wp-json\/wp\/v2\/product\/84793\/revisions\/107184"}],"wp:featuredmedia":[{"embeddable":true,"href":"https:\/\/www.irdin.org.br\/site\/wp-json\/wp\/v2\/media\/37803"}],"wp:attachment":[{"href":"https:\/\/www.irdin.org.br\/site\/wp-json\/wp\/v2\/media?parent=84793"}],"wp:term":[{"taxonomy":"product_brand","embeddable":true,"href":"https:\/\/www.irdin.org.br\/site\/wp-json\/wp\/v2\/product_brand?post=84793"},{"taxonomy":"product_cat","embeddable":true,"href":"https:\/\/www.irdin.org.br\/site\/wp-json\/wp\/v2\/product_cat?post=84793"},{"taxonomy":"product_tag","embeddable":true,"href":"https:\/\/www.irdin.org.br\/site\/wp-json\/wp\/v2\/product_tag?post=84793"}],"curies":[{"name":"wp","href":"https:\/\/api.w.org\/{rel}","templated":true}]}}