{"id":84808,"date":"2018-04-26T18:45:15","date_gmt":"2018-04-26T18:45:15","guid":{"rendered":"http:\/\/www.irdin.org.br\/site\/produto\/orientacoes-vindas-de-um-eu-interno\/"},"modified":"2025-07-13T16:18:53","modified_gmt":"2025-07-13T19:18:53","slug":"orientacoes-vindas-de-um-eu-interno","status":"publish","type":"product","link":"https:\/\/www.irdin.org.br\/site\/produtos\/orientacoes-vindas-de-um-eu-interno\/","title":{"rendered":"Orienta\u00e7\u00f5es vindas de um Eu Interno"},"content":{"rendered":"<p><em>As 13 inicia\u00e7\u00f5es de Maria. A inicia\u00e7\u00e3o coloca-nos em outro plano de consci\u00eancia. Obedecendo ao Eu Interno, ocorrem transforma\u00e7\u00f5es profundas. A entrega, a busca interior e o que \u00e9 consagrar-se.<\/em><\/p>\n<p>&nbsp;<br \/>\n<strong>Ou\u00e7a agora:<\/strong><\/p>\n<p><span data-href=\"https:\/\/www.irdin.org.br\/site\/envios\/audios\/0010_0052__por_por__orientacoes_vindas_de_um_eu_interno.mp3\" data-title=\"orienta\u00e7\u00f5es vindas de um eu interno\" data-rel=\"\" data-target=\"\" data-meta=\"#fap-meta-6a04dd4d5b94d\" class=\"fap-single-track fap-track-button fap-play-button\" data-enqueue=\"no\" data-autoenqueue=\"no\" title=\"orienta\u00e7\u00f5es vindas de um eu interno\"><span class=\"fap-icon-play\"><\/span>Ouvir<\/span> <a href=\"https:\/\/www.irdin.org.br\/site\/envios\/audios\/0010_0052__por_por__orientacoes_vindas_de_um_eu_interno.mp3\" class=\"baixar\" download><span class=\"fa fa-arrow-down\"><\/span>Baixar<\/span><\/a> <span class=\"textobaixar\"> orienta\u00e7\u00f5es vindas de um eu interno<\/span><\/p>\n<p>&nbsp;<\/p>\n","protected":false},"excerpt":{"rendered":"<p>As 13 inicia\u00e7\u00f5es de Maria. A inicia\u00e7\u00e3o coloca-nos em outro plano de consci\u00eancia. Obedecendo ao Eu Interno, ocorrem transforma\u00e7\u00f5es profundas.<\/p>\n","protected":false},"featured_media":37803,"template":"","meta":{"_acf_changed":false},"product_brand":[],"product_cat":[18076,33068],"product_tag":[42913],"class_list":{"0":"post-84808","1":"product","2":"type-product","3":"status-publish","4":"has-post-thumbnail","6":"product_cat-cddvd","7":"product_cat-palestras","8":"product_tag-42913","9":"pa_autor-trigueirinho","10":"pa_codigo-da-serie-32091","11":"pa_codigo-externo-00100052porcd","12":"pa_data-de-gravacao-18279","13":"pa_descricao-da-serie-para-ouvir-no-silencio","14":"pa_duracao-44min35s","15":"pa_idioma-de-destino-portugues","16":"pa_idioma-de-origem-portugues","17":"pa_lancamento-no","18":"pa_midia-cd","19":"pa_moac-42912","20":"pa_quantidade-de-saldo-33067","21":"pa_sequencial-da-serie-31928","22":"pa_tipo-de-traducao-nao-classificado","24":"first","25":"outofstock","26":"product-type-simple"},"acf":[],"_links":{"self":[{"href":"https:\/\/www.irdin.org.br\/site\/wp-json\/wp\/v2\/product\/84808","targetHints":{"allow":["GET"]}}],"collection":[{"href":"https:\/\/www.irdin.org.br\/site\/wp-json\/wp\/v2\/product"}],"about":[{"href":"https:\/\/www.irdin.org.br\/site\/wp-json\/wp\/v2\/types\/product"}],"version-history":[{"count":1,"href":"https:\/\/www.irdin.org.br\/site\/wp-json\/wp\/v2\/product\/84808\/revisions"}],"predecessor-version":[{"id":109848,"href":"https:\/\/www.irdin.org.br\/site\/wp-json\/wp\/v2\/product\/84808\/revisions\/109848"}],"wp:featuredmedia":[{"embeddable":true,"href":"https:\/\/www.irdin.org.br\/site\/wp-json\/wp\/v2\/media\/37803"}],"wp:attachment":[{"href":"https:\/\/www.irdin.org.br\/site\/wp-json\/wp\/v2\/media?parent=84808"}],"wp:term":[{"taxonomy":"product_brand","embeddable":true,"href":"https:\/\/www.irdin.org.br\/site\/wp-json\/wp\/v2\/product_brand?post=84808"},{"taxonomy":"product_cat","embeddable":true,"href":"https:\/\/www.irdin.org.br\/site\/wp-json\/wp\/v2\/product_cat?post=84808"},{"taxonomy":"product_tag","embeddable":true,"href":"https:\/\/www.irdin.org.br\/site\/wp-json\/wp\/v2\/product_tag?post=84808"}],"curies":[{"name":"wp","href":"https:\/\/api.w.org\/{rel}","templated":true}]}}