{"id":84829,"date":"2018-04-26T18:45:40","date_gmt":"2018-04-26T18:45:40","guid":{"rendered":"http:\/\/www.irdin.org.br\/site\/produto\/estados-psicologicos-e-estados-da-alma\/"},"modified":"2024-09-09T03:42:42","modified_gmt":"2024-09-09T03:42:42","slug":"estados-psicologicos-e-estados-da-alma","status":"publish","type":"product","link":"https:\/\/www.irdin.org.br\/site\/produtos\/estados-psicologicos-e-estados-da-alma\/","title":{"rendered":"Estados psicol\u00f3gicos e estados da alma"},"content":{"rendered":"<p><em>Os v\u00e1rios estados do ser durante as mudan\u00e7as no seu sistema energ\u00e9tico rumo \u00e0 luz. O papel do psic\u00f3logo e o do m\u00e9dico em colabora\u00e7\u00e3o com a alma que busca realizar sua mais \u00edntima voca\u00e7\u00e3o.<\/em><\/p>\n<p>&nbsp;<br \/>\n<strong>Ou\u00e7a agora:<\/strong><\/p>\n<p><span data-href=\"https:\/\/www.irdin.org.br\/site\/envios\/audios\/0014_0205__por_por__estados_psicologicos_e_estados_da_alma.mp3\" data-title=\"estados psicol\u00f3gicos e estados da alma\" data-rel=\"\" data-target=\"\" data-meta=\"#fap-meta-69e79bb121689\" class=\"fap-single-track fap-track-button fap-play-button\" data-enqueue=\"no\" data-autoenqueue=\"no\" title=\"estados psicol\u00f3gicos e estados da alma\"><span class=\"fap-icon-play\"><\/span>Ouvir<\/span> <a href=\"https:\/\/www.irdin.org.br\/site\/envios\/audios\/0014_0205__por_por__estados_psicologicos_e_estados_da_alma.mp3\" class=\"baixar\" download><span class=\"fa fa-arrow-down\"><\/span>Baixar<\/span><\/a> <span class=\"textobaixar\"> estados psicol\u00f3gicos e estados da alma<\/span><\/p>\n<p>&nbsp;<\/p>\n","protected":false},"excerpt":{"rendered":"<p>Os v\u00e1rios estados do ser durante as mudan\u00e7as no seu sistema energ\u00e9tico rumo \u00e0 luz. O papel do psic\u00f3logo e<\/p>\n","protected":false},"featured_media":37803,"template":"","meta":{"_acf_changed":false},"product_brand":[],"product_cat":[18076,33068],"product_tag":[42955],"class_list":{"0":"post-84829","1":"product","2":"type-product","3":"status-publish","4":"has-post-thumbnail","6":"product_cat-cddvd","7":"product_cat-palestras","8":"product_tag-42955","9":"pa_autor-trigueirinho","10":"pa_codigo-da-serie-32103","11":"pa_codigo-externo-00140205porcd","12":"pa_data-de-gravacao-19057","13":"pa_duracao-45min8s","14":"pa_idioma-de-destino-portugues","15":"pa_idioma-de-origem-portugues","16":"pa_lancamento-no","17":"pa_midia-cd","18":"pa_moac-42954","19":"pa_quantidade-de-saldo-33067","20":"pa_sequencial-da-serie-32419","21":"pa_tipo-de-traducao-nao-classificado","23":"first","24":"outofstock","25":"product-type-simple"},"acf":[],"_links":{"self":[{"href":"https:\/\/www.irdin.org.br\/site\/wp-json\/wp\/v2\/product\/84829","targetHints":{"allow":["GET"]}}],"collection":[{"href":"https:\/\/www.irdin.org.br\/site\/wp-json\/wp\/v2\/product"}],"about":[{"href":"https:\/\/www.irdin.org.br\/site\/wp-json\/wp\/v2\/types\/product"}],"version-history":[{"count":1,"href":"https:\/\/www.irdin.org.br\/site\/wp-json\/wp\/v2\/product\/84829\/revisions"}],"predecessor-version":[{"id":107156,"href":"https:\/\/www.irdin.org.br\/site\/wp-json\/wp\/v2\/product\/84829\/revisions\/107156"}],"wp:featuredmedia":[{"embeddable":true,"href":"https:\/\/www.irdin.org.br\/site\/wp-json\/wp\/v2\/media\/37803"}],"wp:attachment":[{"href":"https:\/\/www.irdin.org.br\/site\/wp-json\/wp\/v2\/media?parent=84829"}],"wp:term":[{"taxonomy":"product_brand","embeddable":true,"href":"https:\/\/www.irdin.org.br\/site\/wp-json\/wp\/v2\/product_brand?post=84829"},{"taxonomy":"product_cat","embeddable":true,"href":"https:\/\/www.irdin.org.br\/site\/wp-json\/wp\/v2\/product_cat?post=84829"},{"taxonomy":"product_tag","embeddable":true,"href":"https:\/\/www.irdin.org.br\/site\/wp-json\/wp\/v2\/product_tag?post=84829"}],"curies":[{"name":"wp","href":"https:\/\/api.w.org\/{rel}","templated":true}]}}