{"id":84835,"date":"2018-04-26T18:45:40","date_gmt":"2018-04-26T18:45:40","guid":{"rendered":"http:\/\/www.irdin.org.br\/site\/produto\/sob-a-luz-de-aurora-centro-planetario\/"},"modified":"2024-09-09T03:43:52","modified_gmt":"2024-09-09T03:43:52","slug":"sob-a-luz-de-aurora-centro-planetario","status":"publish","type":"product","link":"https:\/\/www.irdin.org.br\/site\/produtos\/sob-a-luz-de-aurora-centro-planetario\/","title":{"rendered":"Sob a luz de Aurora, centro planet\u00e1rio"},"content":{"rendered":"<p><em>A servi\u00e7o de energias divinas, Aurora integra-nos na vida extraplanet\u00e1ria: desanuvia nossa aura e introduz na Terra a ess\u00eancia da cura c\u00f3smica.<\/em><\/p>\n<p>&nbsp;<br \/>\n<strong>Ou\u00e7a agora:<\/strong><\/p>\n<p><span data-href=\"https:\/\/www.irdin.org.br\/site\/envios\/audios\/0014_0299__por_por__sob_a_luz_de_aurora_centro_planetario.mp3\" data-title=\"sob a luz de aurora, centro planet\u00e1rio\" data-rel=\"\" data-target=\"\" data-meta=\"#fap-meta-6a0555b31a047\" class=\"fap-single-track fap-track-button fap-play-button\" data-enqueue=\"no\" data-autoenqueue=\"no\" title=\"sob a luz de aurora, centro planet\u00e1rio\"><span class=\"fap-icon-play\"><\/span>Ouvir<\/span> <a href=\"https:\/\/www.irdin.org.br\/site\/envios\/audios\/0014_0299__por_por__sob_a_luz_de_aurora_centro_planetario.mp3\" class=\"baixar\" download><span class=\"fa fa-arrow-down\"><\/span>Baixar<\/span><\/a> <span class=\"textobaixar\"> sob a luz de aurora, centro planet\u00e1rio<\/span><\/p>\n<p>&nbsp;<\/p>\n","protected":false},"excerpt":{"rendered":"<p>A servi\u00e7o de energias divinas, Aurora integra-nos na vida extraplanet\u00e1ria: desanuvia nossa aura e introduz na Terra a ess\u00eancia da<\/p>\n","protected":false},"featured_media":37803,"template":"","meta":{"_acf_changed":false},"product_brand":[],"product_cat":[18076,33068],"product_tag":[42967],"class_list":{"0":"post-84835","1":"product","2":"type-product","3":"status-publish","4":"has-post-thumbnail","6":"product_cat-cddvd","7":"product_cat-palestras","8":"product_tag-42967","9":"pa_autor-trigueirinho","10":"pa_codigo-da-serie-32103","11":"pa_codigo-externo-00140299porcd","12":"pa_data-de-gravacao-19472","13":"pa_duracao-33min","14":"pa_idioma-de-destino-portugues","15":"pa_idioma-de-origem-portugues","16":"pa_lancamento-no","17":"pa_midia-cd","18":"pa_moac-42966","19":"pa_quantidade-de-saldo-33067","20":"pa_sequencial-da-serie-32620","21":"pa_tipo-de-traducao-nao-classificado","23":"first","24":"outofstock","25":"product-type-simple"},"acf":[],"_links":{"self":[{"href":"https:\/\/www.irdin.org.br\/site\/wp-json\/wp\/v2\/product\/84835","targetHints":{"allow":["GET"]}}],"collection":[{"href":"https:\/\/www.irdin.org.br\/site\/wp-json\/wp\/v2\/product"}],"about":[{"href":"https:\/\/www.irdin.org.br\/site\/wp-json\/wp\/v2\/types\/product"}],"version-history":[{"count":1,"href":"https:\/\/www.irdin.org.br\/site\/wp-json\/wp\/v2\/product\/84835\/revisions"}],"predecessor-version":[{"id":107162,"href":"https:\/\/www.irdin.org.br\/site\/wp-json\/wp\/v2\/product\/84835\/revisions\/107162"}],"wp:featuredmedia":[{"embeddable":true,"href":"https:\/\/www.irdin.org.br\/site\/wp-json\/wp\/v2\/media\/37803"}],"wp:attachment":[{"href":"https:\/\/www.irdin.org.br\/site\/wp-json\/wp\/v2\/media?parent=84835"}],"wp:term":[{"taxonomy":"product_brand","embeddable":true,"href":"https:\/\/www.irdin.org.br\/site\/wp-json\/wp\/v2\/product_brand?post=84835"},{"taxonomy":"product_cat","embeddable":true,"href":"https:\/\/www.irdin.org.br\/site\/wp-json\/wp\/v2\/product_cat?post=84835"},{"taxonomy":"product_tag","embeddable":true,"href":"https:\/\/www.irdin.org.br\/site\/wp-json\/wp\/v2\/product_tag?post=84835"}],"curies":[{"name":"wp","href":"https:\/\/api.w.org\/{rel}","templated":true}]}}