{"id":84836,"date":"2018-04-26T18:45:40","date_gmt":"2018-04-26T18:45:40","guid":{"rendered":"http:\/\/www.irdin.org.br\/site\/produto\/sob-o-manto-do-templo-de-ibez\/"},"modified":"2024-09-09T03:44:03","modified_gmt":"2024-09-09T03:44:03","slug":"sob-o-manto-do-templo-de-ibez","status":"publish","type":"product","link":"https:\/\/www.irdin.org.br\/site\/produtos\/sob-o-manto-do-templo-de-ibez\/","title":{"rendered":"Sob o manto do Templo de Ibez"},"content":{"rendered":"<p><em>H\u00e1 no plano et\u00e9rico do Brasil central um monast\u00e9rio perfeitamente entregue ao prop\u00f3sito superior da exist\u00eancia. Com o centro planet\u00e1rio Mirna Jad, ele facilita o contato da Hierarquia espiritual com a humanidade e estimula a forma\u00e7\u00e3o da ra\u00e7a futura.<\/em><\/p>\n<p>&nbsp;<br \/>\n<strong>Ou\u00e7a agora:<\/strong><\/p>\n<p><span data-href=\"https:\/\/www.irdin.org.br\/site\/envios\/audios\/0014_0305__por_por__sob_o_manto_do_templo_de_ibez.mp3\" data-title=\"sob o manto do templo de ibez\" data-rel=\"\" data-target=\"\" data-meta=\"#fap-meta-69f2293bb1a41\" class=\"fap-single-track fap-track-button fap-play-button\" data-enqueue=\"no\" data-autoenqueue=\"no\" title=\"sob o manto do templo de ibez\"><span class=\"fap-icon-play\"><\/span>Ouvir<\/span> <a href=\"https:\/\/www.irdin.org.br\/site\/envios\/audios\/0014_0305__por_por__sob_o_manto_do_templo_de_ibez.mp3\" class=\"baixar\" download><span class=\"fa fa-arrow-down\"><\/span>Baixar<\/span><\/a> <span class=\"textobaixar\"> sob o manto do templo de ibez<\/span><\/p>\n<p>&nbsp;<\/p>\n","protected":false},"excerpt":{"rendered":"<p>H\u00e1 no plano et\u00e9rico do Brasil central um monast\u00e9rio perfeitamente entregue ao prop\u00f3sito superior da exist\u00eancia. Com o centro planet\u00e1rio<\/p>\n","protected":false},"featured_media":37803,"template":"","meta":{"_acf_changed":false},"product_brand":[],"product_cat":[18076,33068],"product_tag":[42969],"class_list":{"0":"post-84836","1":"product","2":"type-product","3":"status-publish","4":"has-post-thumbnail","6":"product_cat-cddvd","7":"product_cat-palestras","8":"product_tag-42969","9":"pa_autor-trigueirinho","10":"pa_codigo-da-serie-32103","11":"pa_codigo-externo-00140305porcd","12":"pa_data-de-gravacao-19496","13":"pa_duracao-53min","14":"pa_idioma-de-destino-portugues","15":"pa_idioma-de-origem-portugues","16":"pa_lancamento-no","17":"pa_midia-cd","18":"pa_moac-42968","19":"pa_quantidade-de-saldo-33067","20":"pa_sequencial-da-serie-32632","21":"pa_tipo-de-traducao-nao-classificado","23":"first","24":"outofstock","25":"product-type-simple"},"acf":[],"_links":{"self":[{"href":"https:\/\/www.irdin.org.br\/site\/wp-json\/wp\/v2\/product\/84836","targetHints":{"allow":["GET"]}}],"collection":[{"href":"https:\/\/www.irdin.org.br\/site\/wp-json\/wp\/v2\/product"}],"about":[{"href":"https:\/\/www.irdin.org.br\/site\/wp-json\/wp\/v2\/types\/product"}],"version-history":[{"count":1,"href":"https:\/\/www.irdin.org.br\/site\/wp-json\/wp\/v2\/product\/84836\/revisions"}],"predecessor-version":[{"id":107163,"href":"https:\/\/www.irdin.org.br\/site\/wp-json\/wp\/v2\/product\/84836\/revisions\/107163"}],"wp:featuredmedia":[{"embeddable":true,"href":"https:\/\/www.irdin.org.br\/site\/wp-json\/wp\/v2\/media\/37803"}],"wp:attachment":[{"href":"https:\/\/www.irdin.org.br\/site\/wp-json\/wp\/v2\/media?parent=84836"}],"wp:term":[{"taxonomy":"product_brand","embeddable":true,"href":"https:\/\/www.irdin.org.br\/site\/wp-json\/wp\/v2\/product_brand?post=84836"},{"taxonomy":"product_cat","embeddable":true,"href":"https:\/\/www.irdin.org.br\/site\/wp-json\/wp\/v2\/product_cat?post=84836"},{"taxonomy":"product_tag","embeddable":true,"href":"https:\/\/www.irdin.org.br\/site\/wp-json\/wp\/v2\/product_tag?post=84836"}],"curies":[{"name":"wp","href":"https:\/\/api.w.org\/{rel}","templated":true}]}}