{"id":84863,"date":"2018-04-26T18:46:27","date_gmt":"2018-04-26T18:46:27","guid":{"rendered":"http:\/\/www.irdin.org.br\/site\/produto\/quando-um-coracao-encontra-a-paz\/"},"modified":"2024-09-09T03:27:46","modified_gmt":"2024-09-09T03:27:46","slug":"quando-um-coracao-encontra-a-paz","status":"publish","type":"product","link":"https:\/\/www.irdin.org.br\/site\/produtos\/quando-um-coracao-encontra-a-paz\/","title":{"rendered":"Quando um cora\u00e7\u00e3o encontra a paz"},"content":{"rendered":"<p><em>A arte de encontrar a paz apesar de nossas imperfei\u00e7\u00f5es \/ Uma humanidade que n\u00e3o vive o Plano de Deus \/ Nossas encarna\u00e7\u00f5es ocidentais e orientais e a necessidade de sintetiz\u00e1-las \/ Na mensagem de S\u00e3o Jos\u00e9 de 16 de junho de 2017, ressaltam-se a humildade e o sil\u00eancio como um caminho para a paz<\/em><\/p>\n<p>&nbsp;<br \/>\n<strong>Ou\u00e7a agora:<\/strong><\/p>\n<p><span data-href=\"https:\/\/www.irdin.org.br\/site\/envios\/audios\/0031_0028__por_por__quando_um_coracao_encontra_a_paz.mp3\" data-title=\"quando um cora\u00e7\u00e3o encontra a paz\" data-rel=\"\" data-target=\"\" data-meta=\"#fap-meta-69e8887db7db0\" class=\"fap-single-track fap-track-button fap-play-button\" data-enqueue=\"no\" data-autoenqueue=\"no\" title=\"quando um cora\u00e7\u00e3o encontra a paz\"><span class=\"fap-icon-play\"><\/span>Ouvir<\/span> <a href=\"https:\/\/www.irdin.org.br\/site\/envios\/audios\/0031_0028__por_por__quando_um_coracao_encontra_a_paz.mp3\" class=\"baixar\" download><span class=\"fa fa-arrow-down\"><\/span>Baixar<\/span><\/a> <span class=\"textobaixar\"> quando um cora\u00e7\u00e3o encontra a paz<\/span><\/p>\n<p>&nbsp;<\/p>\n","protected":false},"excerpt":{"rendered":"<p>A arte de encontrar a paz apesar de nossas imperfei\u00e7\u00f5es \/ Uma humanidade que n\u00e3o vive o Plano de Deus<\/p>\n","protected":false},"featured_media":37803,"template":"","meta":{"_acf_changed":false},"product_brand":[],"product_cat":[18076,33068],"product_tag":[43021],"class_list":{"0":"post-84863","1":"product","2":"type-product","3":"status-publish","4":"has-post-thumbnail","6":"product_cat-cddvd","7":"product_cat-palestras","8":"product_tag-43021","9":"pa_autor-trigueirinho","10":"pa_codigo-da-serie-32787","11":"pa_codigo-externo-00310028porporcd","12":"pa_codigo-interno-33222","13":"pa_data-de-gravacao-33220","14":"pa_duracao-60min","15":"pa_idioma-de-destino-portugues","16":"pa_idioma-de-origem-portugues","17":"pa_lancamento-yes","18":"pa_midia-cd","19":"pa_moac-43020","20":"pa_quantidade-de-saldo-33067","21":"pa_sequencial-da-serie-31904","22":"pa_tipo-de-traducao-nao-traduzido","24":"first","25":"outofstock","26":"product-type-simple"},"acf":[],"_links":{"self":[{"href":"https:\/\/www.irdin.org.br\/site\/wp-json\/wp\/v2\/product\/84863","targetHints":{"allow":["GET"]}}],"collection":[{"href":"https:\/\/www.irdin.org.br\/site\/wp-json\/wp\/v2\/product"}],"about":[{"href":"https:\/\/www.irdin.org.br\/site\/wp-json\/wp\/v2\/types\/product"}],"version-history":[{"count":1,"href":"https:\/\/www.irdin.org.br\/site\/wp-json\/wp\/v2\/product\/84863\/revisions"}],"predecessor-version":[{"id":107127,"href":"https:\/\/www.irdin.org.br\/site\/wp-json\/wp\/v2\/product\/84863\/revisions\/107127"}],"wp:featuredmedia":[{"embeddable":true,"href":"https:\/\/www.irdin.org.br\/site\/wp-json\/wp\/v2\/media\/37803"}],"wp:attachment":[{"href":"https:\/\/www.irdin.org.br\/site\/wp-json\/wp\/v2\/media?parent=84863"}],"wp:term":[{"taxonomy":"product_brand","embeddable":true,"href":"https:\/\/www.irdin.org.br\/site\/wp-json\/wp\/v2\/product_brand?post=84863"},{"taxonomy":"product_cat","embeddable":true,"href":"https:\/\/www.irdin.org.br\/site\/wp-json\/wp\/v2\/product_cat?post=84863"},{"taxonomy":"product_tag","embeddable":true,"href":"https:\/\/www.irdin.org.br\/site\/wp-json\/wp\/v2\/product_tag?post=84863"}],"curies":[{"name":"wp","href":"https:\/\/api.w.org\/{rel}","templated":true}]}}