{"id":84864,"date":"2018-04-26T18:46:27","date_gmt":"2018-04-26T18:46:27","guid":{"rendered":"http:\/\/www.irdin.org.br\/site\/produto\/beatas-coligacoes\/"},"modified":"2025-07-12T19:28:56","modified_gmt":"2025-07-12T22:28:56","slug":"beatas-coligacoes","status":"publish","type":"product","link":"https:\/\/www.irdin.org.br\/site\/produtos\/beatas-coligacoes\/","title":{"rendered":"Beatas coliga\u00e7\u00f5es"},"content":{"rendered":"<p><em>Vibra\u00e7\u00e3o c\u00f3smica e intraterrena Rahma \/ Hierarquia Ashtar, Ashtar Ashgran e Ashtar Sheran \/ Evolu\u00e7\u00e3o das m\u00f4nadas \/ Sirius e as expans\u00f5es de consci\u00eancia \/ Padr\u00f5es espirituais na nova humanidade \/Aprender a viver os mantras \/ Que significa bem-aventuran\u00e7a?<\/em><\/p>\n<p>&nbsp;<br \/>\n<strong>Ou\u00e7a agora:<\/strong><\/p>\n<p><span data-href=\"https:\/\/www.irdin.org.br\/site\/envios\/audios\/0002_0005__por_por__beatas_coligacoes.mp3\" data-title=\"beatas coliga\u00e7\u00f5es\" data-rel=\"\" data-target=\"\" data-meta=\"#fap-meta-6a088f155702a\" class=\"fap-single-track fap-track-button fap-play-button\" data-enqueue=\"no\" data-autoenqueue=\"no\" title=\"beatas coliga\u00e7\u00f5es\"><span class=\"fap-icon-play\"><\/span>Ouvir<\/span> <a href=\"https:\/\/www.irdin.org.br\/site\/envios\/audios\/0002_0005__por_por__beatas_coligacoes.mp3\" class=\"baixar\" download><span class=\"fa fa-arrow-down\"><\/span>Baixar<\/span><\/a> <span class=\"textobaixar\"> beatas coliga\u00e7\u00f5es<\/span><\/p>\n<p>&nbsp;<\/p>\n","protected":false},"excerpt":{"rendered":"<p>Vibra\u00e7\u00e3o c\u00f3smica e intraterrena Rahma \/ Hierarquia Ashtar, Ashtar Ashgran e Ashtar Sheran \/ Evolu\u00e7\u00e3o das m\u00f4nadas \/ Sirius e<\/p>\n","protected":false},"featured_media":37803,"template":"","meta":{"_acf_changed":false},"product_brand":[],"product_cat":[18076,33068],"product_tag":[43023],"class_list":{"0":"post-84864","1":"product","2":"type-product","3":"status-publish","4":"has-post-thumbnail","6":"product_cat-cddvd","7":"product_cat-palestras","8":"product_tag-43023","9":"pa_autor-trigueirinho","10":"pa_codigo-da-serie-32017","11":"pa_codigo-externo-00020005porcd","12":"pa_data-de-gravacao-18064","13":"pa_descricao-da-serie-nossos-relacionamentos-superiores","14":"pa_duracao-44m42s","15":"pa_idioma-de-destino-portugues","16":"pa_idioma-de-origem-portugues","17":"pa_lancamento-no","18":"pa_midia-cd","19":"pa_moac-43022","20":"pa_quantidade-de-saldo-33067","21":"pa_sequencial-da-serie-31881","22":"pa_tipo-de-traducao-nao-classificado","24":"first","25":"outofstock","26":"product-type-simple"},"acf":[],"_links":{"self":[{"href":"https:\/\/www.irdin.org.br\/site\/wp-json\/wp\/v2\/product\/84864","targetHints":{"allow":["GET"]}}],"collection":[{"href":"https:\/\/www.irdin.org.br\/site\/wp-json\/wp\/v2\/product"}],"about":[{"href":"https:\/\/www.irdin.org.br\/site\/wp-json\/wp\/v2\/types\/product"}],"version-history":[{"count":1,"href":"https:\/\/www.irdin.org.br\/site\/wp-json\/wp\/v2\/product\/84864\/revisions"}],"predecessor-version":[{"id":107128,"href":"https:\/\/www.irdin.org.br\/site\/wp-json\/wp\/v2\/product\/84864\/revisions\/107128"}],"wp:featuredmedia":[{"embeddable":true,"href":"https:\/\/www.irdin.org.br\/site\/wp-json\/wp\/v2\/media\/37803"}],"wp:attachment":[{"href":"https:\/\/www.irdin.org.br\/site\/wp-json\/wp\/v2\/media?parent=84864"}],"wp:term":[{"taxonomy":"product_brand","embeddable":true,"href":"https:\/\/www.irdin.org.br\/site\/wp-json\/wp\/v2\/product_brand?post=84864"},{"taxonomy":"product_cat","embeddable":true,"href":"https:\/\/www.irdin.org.br\/site\/wp-json\/wp\/v2\/product_cat?post=84864"},{"taxonomy":"product_tag","embeddable":true,"href":"https:\/\/www.irdin.org.br\/site\/wp-json\/wp\/v2\/product_tag?post=84864"}],"curies":[{"name":"wp","href":"https:\/\/api.w.org\/{rel}","templated":true}]}}