{"id":85086,"date":"1996-01-01T00:00:00","date_gmt":"1996-01-01T00:00:00","guid":{"rendered":"http:\/\/www.irdin.org.br\/site\/produto\/portal-para-um-reino-rumos-especiais-para-horas-de-incerteza\/"},"modified":"2025-03-16T02:38:15","modified_gmt":"2025-03-16T02:38:15","slug":"portal-para-um-reino-rumos-especiais-para-horas-de-incerteza","status":"publish","type":"product","link":"https:\/\/www.irdin.org.br\/site\/produtos\/portal-para-um-reino-rumos-especiais-para-horas-de-incerteza\/","title":{"rendered":"Portal para um Reino &#8211; Rumos especiais para horas de incerteza"},"content":{"rendered":"<p>Muitos est\u00e3o conscientes do caminho espiritual, tanto em seus aspectos filos\u00f3ficos como no que se refere \u00e0 pr\u00e1tica e \u00e0 transforma\u00e7\u00e3o do pr\u00f3prio ser, todavia, n\u00e3o conseguem trilh\u00e1-lo com o requerido vigor. Por isso a mensagem espiritual indica-lhes receptividade a energias transcendentes, por meio do puro amor ao que \u00e9 divino. Com essa receptividade, o ser se eleva e se adapta ao novo estado de consci\u00eancia que por toda a Terra se anuncia velozmente.<\/p>\n<p>&nbsp;<\/p>\n","protected":false},"excerpt":{"rendered":"<p>Muitos est\u00e3o conscientes do caminho espiritual, tanto em seus aspectos filos\u00f3ficos como no que se refere \u00e0 pr\u00e1tica e \u00e0<\/p>\n","protected":false},"featured_media":1340,"template":"","meta":{"_acf_changed":false},"product_brand":[],"product_cat":[33286,17972],"product_tag":[33293],"class_list":{"0":"post-85086","1":"product","2":"type-product","3":"status-publish","4":"has-post-thumbnail","6":"product_cat-livro","7":"product_cat-livros-livro","8":"product_tag-33293","9":"pa_autor-trigueirinho","10":"pa_classe-do-produto-fisico","11":"pa_codigo-de-barras-23425","12":"pa_codigo-externo-tr055pep","13":"pa_data-de-lancamento-21883","14":"pa_idioma-de-destino-portugues","15":"pa_idioma-de-origem-portugues","16":"pa_lancamento-no","17":"pa_midia-papel","18":"pa_moac-33434","19":"pa_quantidade-de-saldo-32994","20":"pa_tipo-de-traducao-nao-classificado","22":"first","23":"outofstock","24":"product-type-simple"},"acf":[],"_links":{"self":[{"href":"https:\/\/www.irdin.org.br\/site\/wp-json\/wp\/v2\/product\/85086","targetHints":{"allow":["GET"]}}],"collection":[{"href":"https:\/\/www.irdin.org.br\/site\/wp-json\/wp\/v2\/product"}],"about":[{"href":"https:\/\/www.irdin.org.br\/site\/wp-json\/wp\/v2\/types\/product"}],"version-history":[{"count":1,"href":"https:\/\/www.irdin.org.br\/site\/wp-json\/wp\/v2\/product\/85086\/revisions"}],"predecessor-version":[{"id":109466,"href":"https:\/\/www.irdin.org.br\/site\/wp-json\/wp\/v2\/product\/85086\/revisions\/109466"}],"wp:featuredmedia":[{"embeddable":true,"href":"https:\/\/www.irdin.org.br\/site\/wp-json\/wp\/v2\/media\/1340"}],"wp:attachment":[{"href":"https:\/\/www.irdin.org.br\/site\/wp-json\/wp\/v2\/media?parent=85086"}],"wp:term":[{"taxonomy":"product_brand","embeddable":true,"href":"https:\/\/www.irdin.org.br\/site\/wp-json\/wp\/v2\/product_brand?post=85086"},{"taxonomy":"product_cat","embeddable":true,"href":"https:\/\/www.irdin.org.br\/site\/wp-json\/wp\/v2\/product_cat?post=85086"},{"taxonomy":"product_tag","embeddable":true,"href":"https:\/\/www.irdin.org.br\/site\/wp-json\/wp\/v2\/product_tag?post=85086"}],"curies":[{"name":"wp","href":"https:\/\/api.w.org\/{rel}","templated":true}]}}