{"id":85087,"date":"2018-04-26T18:50:17","date_gmt":"2018-04-26T18:50:17","guid":{"rendered":"http:\/\/www.irdin.org.br\/site\/produto\/por-que-ninguem-me-disse-isso-antes\/"},"modified":"2026-05-06T09:46:53","modified_gmt":"2026-05-06T12:46:53","slug":"9788560835843","status":"publish","type":"product","link":"https:\/\/www.irdin.org.br\/site\/produtos\/9788560835843\/","title":{"rendered":"Por que ningu\u00e9m me disse isso antes?"},"content":{"rendered":"<p>O tema do livro \u00e9 o amor \u00e0 Cria\u00e7\u00e3o. Relatos extraordin\u00e1rios englobam realidades e mist\u00e9rios, c\u00f3smicos e cotidianos, ocorridos em paisagens urbanas e rurais de nove estados brasileiros. A obra \u00e9 fluida, po\u00e9tica, de leitura cativante e ao mesmo tempo muito forte e profunda. Por ser escrita com o cora\u00e7\u00e3o, sua mensagem fala de perto \u00e0 alma. Esta bela narrativa, em sua despretens\u00e3o, tamb\u00e9m est\u00e1 a servi\u00e7o fraterno dos Reinos da Natureza. Expressa a constante comunh\u00e3o entre o mundo material e o imaterial. Mostra como tudo interage entre si e faz parte de uma \u00fanica Obra.<\/p>\n<p><a class=\"pdf\" href=\"\/pdf\/Por_que_ninguem_me_disse_isso_antes_WEB.pdf\" target=\"_blank\" rel=\"noopener\">Baixar Gratuitamente<\/a><\/p>\n<p>&nbsp;<\/p>\n","protected":false},"excerpt":{"rendered":"<p>O tema do livro \u00e9 o amor \u00e0 Cria\u00e7\u00e3o. Relatos extraordin\u00e1rios englobam realidades e mist\u00e9rios, c\u00f3smicos e cotidianos, ocorridos em<\/p>\n","protected":false},"featured_media":37795,"template":"","meta":{"_acf_changed":false},"product_brand":[],"product_cat":[33286,17972],"product_tag":[33294],"class_list":{"0":"post-85087","1":"product","2":"type-product","3":"status-publish","4":"has-post-thumbnail","6":"product_cat-livro","7":"product_cat-livros-livro","8":"product_tag-33294","9":"pa_autor-ana-regina-nogueira","10":"pa_classe-do-produto-fisico","11":"pa_codigo-de-barras-33014","12":"pa_codigo-externo-arn002irp","13":"pa_data-de-lancamento-33015","14":"pa_idioma-de-destino-portugues","15":"pa_idioma-de-origem-portugues","16":"pa_lancamento-no","17":"pa_midia-papel","18":"pa_moac-33436","19":"pa_quantidade-de-saldo-33277","20":"pa_tipo-de-traducao-nao-classificado","22":"first","23":"instock","24":"sale","25":"purchasable","26":"product-type-simple"},"acf":[],"_links":{"self":[{"href":"https:\/\/www.irdin.org.br\/site\/wp-json\/wp\/v2\/product\/85087","targetHints":{"allow":["GET"]}}],"collection":[{"href":"https:\/\/www.irdin.org.br\/site\/wp-json\/wp\/v2\/product"}],"about":[{"href":"https:\/\/www.irdin.org.br\/site\/wp-json\/wp\/v2\/types\/product"}],"version-history":[{"count":1,"href":"https:\/\/www.irdin.org.br\/site\/wp-json\/wp\/v2\/product\/85087\/revisions"}],"predecessor-version":[{"id":106472,"href":"https:\/\/www.irdin.org.br\/site\/wp-json\/wp\/v2\/product\/85087\/revisions\/106472"}],"wp:featuredmedia":[{"embeddable":true,"href":"https:\/\/www.irdin.org.br\/site\/wp-json\/wp\/v2\/media\/37795"}],"wp:attachment":[{"href":"https:\/\/www.irdin.org.br\/site\/wp-json\/wp\/v2\/media?parent=85087"}],"wp:term":[{"taxonomy":"product_brand","embeddable":true,"href":"https:\/\/www.irdin.org.br\/site\/wp-json\/wp\/v2\/product_brand?post=85087"},{"taxonomy":"product_cat","embeddable":true,"href":"https:\/\/www.irdin.org.br\/site\/wp-json\/wp\/v2\/product_cat?post=85087"},{"taxonomy":"product_tag","embeddable":true,"href":"https:\/\/www.irdin.org.br\/site\/wp-json\/wp\/v2\/product_tag?post=85087"}],"curies":[{"name":"wp","href":"https:\/\/api.w.org\/{rel}","templated":true}]}}