{"id":85091,"date":"2018-04-26T18:50:17","date_gmt":"2018-04-26T18:50:17","guid":{"rendered":"http:\/\/www.irdin.org.br\/site\/produto\/viver-o-amor-aos-caes-parque-francisco-de-assis\/"},"modified":"2026-04-10T10:10:40","modified_gmt":"2026-04-10T13:10:40","slug":"9788560835829","status":"publish","type":"product","link":"https:\/\/www.irdin.org.br\/site\/produtos\/9788560835829\/","title":{"rendered":"Viver o Amor aos C\u00e3es &#8211; Parque Francisco de Assis"},"content":{"rendered":"<p>Com a responsabilidade sagrada de transformar vidas, um grupo de volunt\u00e1rios ofertou-se para o servi\u00e7o de resgate. Em um ex-matadouro municipal de bovinos e su\u00ednos, erigiu um centro de cura para caninos que um dia vagaram pelas ruas, e que hoje os prepara para viverem em lares harmoniosos. Abriga 400 e, em tr\u00eas anos, mais de 2.200 ali passaram. O que h\u00e1 nele de especial e diferenciado? Os milagres. Acontecem ao clamor de latidos: c\u00e3es voltam a andar, a alegria impera, ajudas materiais chegam na hora justa. Sustentado por ora\u00e7\u00f5es, que com rapidez revertem o insol\u00favel, na labuta cotidiana busca-se o Divino atrav\u00e9s da uni\u00e3o com os reinos da Natureza. Esse o segredo do Parque. Esta obra corajosamente revela, desvela e instrui sobre a riqueza da vida no Parque Francisco de Assis. Nutrido e guiado por circunst\u00e2ncias vivas sopradas pelo destino, o livro foi constru\u00eddo a partir da observa\u00e7\u00e3o direta, de leituras livremente interpretadas, de pequenos depoimentos escritos, mas, sobretudo, de 60 conversas gravadas. Reflex\u00f5es entrela\u00e7adas a ricos di\u00e1logos espelham o amor aos c\u00e3es, seus personagens. Como este exemplar chegou \u00e0s suas m\u00e3os, voc\u00ea est\u00e1 convidado a participar desta obra e a adotar um c\u00e3o.<\/p>\n<p><a class=\"pdf\" href=\"\/pdf\/Viver_o_amor_aos_caes_WEB.pdf\" target=\"_blank\" rel=\"noopener\">Baixar Gratuitamente<\/a><\/p>\n<p>&nbsp;<\/p>\n","protected":false},"excerpt":{"rendered":"<p>Com a responsabilidade sagrada de transformar vidas, um grupo de volunt\u00e1rios ofertou-se para o servi\u00e7o de resgate. Em um ex-matadouro<\/p>\n","protected":false},"featured_media":586,"template":"","meta":{"_acf_changed":false},"product_brand":[],"product_cat":[33286,17972],"product_tag":[33298],"class_list":{"0":"post-85091","1":"product","2":"type-product","3":"status-publish","4":"has-post-thumbnail","6":"product_cat-livro","7":"product_cat-livros-livro","8":"product_tag-33298","9":"pa_autor-ana-regina-nogueira","10":"pa_classe-do-produto-fisico","11":"pa_codigo-de-barras-18025","12":"pa_codigo-externo-arn001irp","13":"pa_data-de-lancamento-18027","14":"pa_idioma-de-destino-portugues","15":"pa_idioma-de-origem-portugues","16":"pa_lancamento-no","17":"pa_midia-papel","18":"pa_moac-33444","19":"pa_quantidade-de-saldo-33278","20":"pa_tipo-de-traducao-nao-classificado","22":"first","23":"instock","24":"purchasable","25":"product-type-simple"},"acf":[],"_links":{"self":[{"href":"https:\/\/www.irdin.org.br\/site\/wp-json\/wp\/v2\/product\/85091","targetHints":{"allow":["GET"]}}],"collection":[{"href":"https:\/\/www.irdin.org.br\/site\/wp-json\/wp\/v2\/product"}],"about":[{"href":"https:\/\/www.irdin.org.br\/site\/wp-json\/wp\/v2\/types\/product"}],"version-history":[{"count":3,"href":"https:\/\/www.irdin.org.br\/site\/wp-json\/wp\/v2\/product\/85091\/revisions"}],"predecessor-version":[{"id":109603,"href":"https:\/\/www.irdin.org.br\/site\/wp-json\/wp\/v2\/product\/85091\/revisions\/109603"}],"wp:featuredmedia":[{"embeddable":true,"href":"https:\/\/www.irdin.org.br\/site\/wp-json\/wp\/v2\/media\/586"}],"wp:attachment":[{"href":"https:\/\/www.irdin.org.br\/site\/wp-json\/wp\/v2\/media?parent=85091"}],"wp:term":[{"taxonomy":"product_brand","embeddable":true,"href":"https:\/\/www.irdin.org.br\/site\/wp-json\/wp\/v2\/product_brand?post=85091"},{"taxonomy":"product_cat","embeddable":true,"href":"https:\/\/www.irdin.org.br\/site\/wp-json\/wp\/v2\/product_cat?post=85091"},{"taxonomy":"product_tag","embeddable":true,"href":"https:\/\/www.irdin.org.br\/site\/wp-json\/wp\/v2\/product_tag?post=85091"}],"curies":[{"name":"wp","href":"https:\/\/api.w.org\/{rel}","templated":true}]}}