{"id":85092,"date":"2018-04-26T18:50:17","date_gmt":"2018-04-26T18:50:17","guid":{"rendered":"http:\/\/www.irdin.org.br\/site\/produto\/terapeuticas-para-a-regeneracao-celular\/"},"modified":"2026-05-05T08:37:28","modified_gmt":"2026-05-05T11:37:28","slug":"9788560835362","status":"publish","type":"product","link":"https:\/\/www.irdin.org.br\/site\/produtos\/9788560835362\/","title":{"rendered":"Terap\u00eauticas para a Regenera\u00e7\u00e3o Celular"},"content":{"rendered":"<p>O c\u00e9rebro do ser humano adquiriu, ao longo da evolu\u00e7\u00e3o, um papel fundamental. Por um lado, possibilita a integra\u00e7\u00e3o dos diversos aspectos da vida org\u00e2nica e a assimila\u00e7\u00e3o das m\u00faltiplas informa\u00e7\u00f5es do mundo externo. Por outro, \u00e9 potencialmente capaz de acolher, registrar e decodificar impulsos de planos de consci\u00eancia superiores. No entanto, as c\u00e9lulas cerebrais da maioria da humanidade ainda est\u00e3o embotadas pela densidade de seus pensamentos e desejos. Deixam-se prender a experi\u00eancias passadas, e os resqu\u00edcios da mem\u00f3ria criam n\u00f3dulos que as levam a resistir a mudan\u00e7as, colocando-as em condi\u00e7\u00f5es desatualizadas e desvitalizando-as. Um processo de cura profundo deve promover a transforma\u00e7\u00e3o de todo o ser. Nele \u00e9 preciso incluir o despertar do potencial oculto das c\u00e9lulas, que simboliza o esteio de um novo modo de viver. Esse despertar requer, sobretudo, a reformula\u00e7\u00e3o da mente. As pr\u00e1ticas terap\u00eauticas aqui apresentadas s\u00e3o um apoio a esse despertar. Atuam indiretamente, preparando as diversas regi\u00f5es org\u00e2nicas para um novo funcionamento e criando o ambiente prop\u00edcio para a eleva\u00e7\u00e3o da mente.<\/p>\n<p><a class=\"pdf\" href=\"\/pdf\/Regneracao_celular_WEB.pdf\" target=\"_blank\" rel=\"noopener\">Baixar Gratuitamente<\/a><\/p>\n<p>&nbsp;<\/p>\n","protected":false},"excerpt":{"rendered":"<p>O c\u00e9rebro do ser humano adquiriu, ao longo da evolu\u00e7\u00e3o, um papel fundamental. Por um lado, possibilita a integra\u00e7\u00e3o dos<\/p>\n","protected":false},"featured_media":87168,"template":"","meta":{"_acf_changed":false},"product_brand":[],"product_cat":[33286,17972],"product_tag":[33299],"class_list":{"0":"post-85092","1":"product","2":"type-product","3":"status-publish","4":"has-post-thumbnail","6":"product_cat-livro","7":"product_cat-livros-livro","8":"product_tag-33299","9":"pa_autor-frei-ameino-clemente","10":"pa_classe-do-produto-fisico","11":"pa_idioma-de-destino-portugues","12":"pa_lancamento-no","13":"pa_midia-papel","14":"pa_moac-33446","15":"pa_quantidade-de-saldo-33279","16":"pa_tipo-de-traducao-nao-classificado","18":"first","19":"instock","20":"purchasable","21":"product-type-simple"},"acf":[],"_links":{"self":[{"href":"https:\/\/www.irdin.org.br\/site\/wp-json\/wp\/v2\/product\/85092","targetHints":{"allow":["GET"]}}],"collection":[{"href":"https:\/\/www.irdin.org.br\/site\/wp-json\/wp\/v2\/product"}],"about":[{"href":"https:\/\/www.irdin.org.br\/site\/wp-json\/wp\/v2\/types\/product"}],"version-history":[{"count":2,"href":"https:\/\/www.irdin.org.br\/site\/wp-json\/wp\/v2\/product\/85092\/revisions"}],"predecessor-version":[{"id":109604,"href":"https:\/\/www.irdin.org.br\/site\/wp-json\/wp\/v2\/product\/85092\/revisions\/109604"}],"wp:featuredmedia":[{"embeddable":true,"href":"https:\/\/www.irdin.org.br\/site\/wp-json\/wp\/v2\/media\/87168"}],"wp:attachment":[{"href":"https:\/\/www.irdin.org.br\/site\/wp-json\/wp\/v2\/media?parent=85092"}],"wp:term":[{"taxonomy":"product_brand","embeddable":true,"href":"https:\/\/www.irdin.org.br\/site\/wp-json\/wp\/v2\/product_brand?post=85092"},{"taxonomy":"product_cat","embeddable":true,"href":"https:\/\/www.irdin.org.br\/site\/wp-json\/wp\/v2\/product_cat?post=85092"},{"taxonomy":"product_tag","embeddable":true,"href":"https:\/\/www.irdin.org.br\/site\/wp-json\/wp\/v2\/product_tag?post=85092"}],"curies":[{"name":"wp","href":"https:\/\/api.w.org\/{rel}","templated":true}]}}