{"id":85094,"date":"1999-01-01T00:00:00","date_gmt":"1999-01-01T00:00:00","guid":{"rendered":"http:\/\/www.irdin.org.br\/site\/produto\/urinoterapia-e\/"},"modified":"2026-04-04T14:13:26","modified_gmt":"2026-04-04T17:13:26","slug":"9788586910449","status":"publish","type":"product","link":"https:\/\/www.irdin.org.br\/site\/produtos\/9788586910449\/","title":{"rendered":"Urinoterapia &#8211; E"},"content":{"rendered":"<p>La Urinoterapia reaviva el conocimiento de que el cuerpo del hombre ha sido dotado de todos los recursos para conservarse en equilibrio. Este m\u00e9todo de curaci\u00f3n viene en ayuda de los que necesitan tratamiento de salud inmediato, simple, seguro e independiente de esfuerzos pecuniarios. Aqu\u00ed est\u00e1 un libro dedicado a los que socorren necesitados ya los que se sienten libres para la pr\u00e1ctica de m\u00e9todos inusitados.<\/p>\n<p>&nbsp;<\/p>\n","protected":false},"excerpt":{"rendered":"<p>La Urinoterapia reaviva el conocimiento de que el cuerpo del hombre ha sido dotado de todos los recursos para conservarse<\/p>\n","protected":false},"featured_media":72305,"template":"","meta":{"_acf_changed":false},"product_brand":[],"product_cat":[33286,17972],"product_tag":[33301],"class_list":{"0":"post-85094","1":"product","2":"type-product","3":"status-publish","4":"has-post-thumbnail","6":"product_cat-livro","7":"product_cat-livros-livro","8":"product_tag-33301","9":"pa_autor-denise-gontijo-machado","10":"pa_classe-do-produto-fisico","11":"pa_codigo-de-barras-21988","12":"pa_codigo-externo-dg001ire","13":"pa_data-de-lancamento-21689","14":"pa_idioma-de-destino-espanhol","15":"pa_idioma-de-origem-espanhol","16":"pa_lancamento-no","17":"pa_midia-papel","18":"pa_moac-33450","19":"pa_quantidade-de-saldo-32994","20":"pa_tipo-de-traducao-nao-classificado","22":"first","23":"instock","24":"sale","25":"purchasable","26":"product-type-simple"},"acf":[],"_links":{"self":[{"href":"https:\/\/www.irdin.org.br\/site\/wp-json\/wp\/v2\/product\/85094","targetHints":{"allow":["GET"]}}],"collection":[{"href":"https:\/\/www.irdin.org.br\/site\/wp-json\/wp\/v2\/product"}],"about":[{"href":"https:\/\/www.irdin.org.br\/site\/wp-json\/wp\/v2\/types\/product"}],"version-history":[{"count":1,"href":"https:\/\/www.irdin.org.br\/site\/wp-json\/wp\/v2\/product\/85094\/revisions"}],"predecessor-version":[{"id":107196,"href":"https:\/\/www.irdin.org.br\/site\/wp-json\/wp\/v2\/product\/85094\/revisions\/107196"}],"wp:featuredmedia":[{"embeddable":true,"href":"https:\/\/www.irdin.org.br\/site\/wp-json\/wp\/v2\/media\/72305"}],"wp:attachment":[{"href":"https:\/\/www.irdin.org.br\/site\/wp-json\/wp\/v2\/media?parent=85094"}],"wp:term":[{"taxonomy":"product_brand","embeddable":true,"href":"https:\/\/www.irdin.org.br\/site\/wp-json\/wp\/v2\/product_brand?post=85094"},{"taxonomy":"product_cat","embeddable":true,"href":"https:\/\/www.irdin.org.br\/site\/wp-json\/wp\/v2\/product_cat?post=85094"},{"taxonomy":"product_tag","embeddable":true,"href":"https:\/\/www.irdin.org.br\/site\/wp-json\/wp\/v2\/product_tag?post=85094"}],"curies":[{"name":"wp","href":"https:\/\/api.w.org\/{rel}","templated":true}]}}