{"id":85096,"date":"2008-03-08T00:00:00","date_gmt":"2008-03-08T00:00:00","guid":{"rendered":"http:\/\/www.irdin.org.br\/site\/produto\/o-chamado-das-arvores\/"},"modified":"2026-03-21T17:05:15","modified_gmt":"2026-03-21T20:05:15","slug":"9788560835058","status":"publish","type":"product","link":"https:\/\/www.irdin.org.br\/site\/produtos\/9788560835058\/","title":{"rendered":"O Chamado das \u00c1rvores"},"content":{"rendered":"<p>\u00b4As \u00e1rvores est\u00e3o a\u00ed! Na realidade, sempre estiveram. A humanidade \u00e9 que s\u00f3 agora come\u00e7a a perceb\u00ea-las melhor. Elas cobriram com um imenso manto verde a Terra desde os seus prim\u00f3rdios e a colocaram em resson\u00e2ncia direta com a vida c\u00f3smica. Foi assim que a prepararam para receber a vida humana. Temos diante dos olhos o resultado da nossa aliena\u00e7\u00e3o. O grave desequil\u00edbrio ambiental que o planeta vive hoje tem suas ra\u00edzes no nosso ego\u00edsmo e ignor\u00e2ncia, no desconhecimento das leis b\u00e1sicas que regem a manifesta\u00e7\u00e3o da vida. N\u00e3o reconhecemos que somos uma Vida Una, que fazemos parte de uma grande malha viva na qual todos os seres s\u00e3o interdependentes. Nossa cegueira est\u00e1 nos levando a destruir, implacavelmente, as florestas remanescentes do planeta. E h\u00e1 \u00e1rvores ainda a\u00ed para nos dar os \u00faltimos sinais de alerta, antes que seja tarde demais! Algo ainda pode e deve ser resgatado, com urg\u00eancia, dentro e fora de n\u00f3s. O Chamado das \u00c1rvores, de Dorothy Maclean, \u00e9 um livro inspirador. Suas p\u00e1ginas s\u00e3o capazes de despertar a sensibilidade de que precisamos para restabelecer a sintonia com a magia e beleza da Cria\u00e7\u00e3o.<\/p>\n<p><a class=\"pdf\" href=\"\/pdf\/O_Chamado_das_Arvores_WEB.pdf\" target=\"_blank\" rel=\"noopener\">Baixar Gratuitamente<\/a><\/p>\n<p>&nbsp;<\/p>\n","protected":false},"excerpt":{"rendered":"<p>\u00b4As \u00e1rvores est\u00e3o a\u00ed! Na realidade, sempre estiveram. A humanidade \u00e9 que s\u00f3 agora come\u00e7a a perceb\u00ea-las melhor. Elas cobriram<\/p>\n","protected":false},"featured_media":87167,"template":"","meta":{"_acf_changed":false},"product_brand":[],"product_cat":[33286,17972],"product_tag":[33303],"class_list":{"0":"post-85096","1":"product","2":"type-product","3":"status-publish","4":"has-post-thumbnail","6":"product_cat-livro","7":"product_cat-livros-livro","8":"product_tag-33303","9":"pa_autor-dorothy-maclean","10":"pa_classe-do-produto-fisico","11":"pa_codigo-de-barras-21994","12":"pa_codigo-externo-dm001irp","13":"pa_data-de-lancamento-21996","14":"pa_idioma-de-destino-portugues","15":"pa_idioma-de-origem-portugues","16":"pa_lancamento-no","17":"pa_midia-papel","18":"pa_moac-33454","19":"pa_quantidade-de-saldo-33280","20":"pa_tipo-de-traducao-nao-classificado","22":"first","23":"instock","24":"sale","25":"purchasable","26":"product-type-simple"},"acf":[],"_links":{"self":[{"href":"https:\/\/www.irdin.org.br\/site\/wp-json\/wp\/v2\/product\/85096","targetHints":{"allow":["GET"]}}],"collection":[{"href":"https:\/\/www.irdin.org.br\/site\/wp-json\/wp\/v2\/product"}],"about":[{"href":"https:\/\/www.irdin.org.br\/site\/wp-json\/wp\/v2\/types\/product"}],"version-history":[{"count":1,"href":"https:\/\/www.irdin.org.br\/site\/wp-json\/wp\/v2\/product\/85096\/revisions"}],"predecessor-version":[{"id":107194,"href":"https:\/\/www.irdin.org.br\/site\/wp-json\/wp\/v2\/product\/85096\/revisions\/107194"}],"wp:featuredmedia":[{"embeddable":true,"href":"https:\/\/www.irdin.org.br\/site\/wp-json\/wp\/v2\/media\/87167"}],"wp:attachment":[{"href":"https:\/\/www.irdin.org.br\/site\/wp-json\/wp\/v2\/media?parent=85096"}],"wp:term":[{"taxonomy":"product_brand","embeddable":true,"href":"https:\/\/www.irdin.org.br\/site\/wp-json\/wp\/v2\/product_brand?post=85096"},{"taxonomy":"product_cat","embeddable":true,"href":"https:\/\/www.irdin.org.br\/site\/wp-json\/wp\/v2\/product_cat?post=85096"},{"taxonomy":"product_tag","embeddable":true,"href":"https:\/\/www.irdin.org.br\/site\/wp-json\/wp\/v2\/product_tag?post=85096"}],"curies":[{"name":"wp","href":"https:\/\/api.w.org\/{rel}","templated":true}]}}