{"id":85098,"date":"2012-08-09T00:00:00","date_gmt":"2012-08-09T00:00:00","guid":{"rendered":"http:\/\/www.irdin.org.br\/site\/produto\/palavras-ao-coracao\/"},"modified":"2026-04-04T14:18:32","modified_gmt":"2026-04-04T17:18:32","slug":"9788560835256","status":"publish","type":"product","link":"https:\/\/www.irdin.org.br\/site\/produtos\/9788560835256\/","title":{"rendered":"Palavras ao Cora\u00e7\u00e3o"},"content":{"rendered":"<p>Vivemos imersos em um fluido inteligente, organizado em dimens\u00f5es. A humanidade terrestre tem consci\u00eancia at\u00e9 a terceira dimens\u00e3o, mas prepara-se para contatar a quarta. Os impulsos deste livro nos ajudam a contatar essa realidade e, a partir da\u00ed, reencontrar nosso mundo interior. No cora\u00e7\u00e3o, reencontraremos as Hierarquias, nossos Irm\u00e3os Maiores que acompanham a evolu\u00e7\u00e3o humana e nos preparam para receber os c\u00f3digos de uma nova ra\u00e7a. Estes textos s\u00e3o transmiss\u00f5es dos Irm\u00e3os, que vieram em aux\u00edlio de nossa busca espiritual.<\/p>\n<p><a class=\"pdf\" href=\"\/pdf\/Palavras_ao_coracao_WEB.pdf\" target=\"_blank\" rel=\"noopener\">Baixar Gratuitamente<\/a><\/p>\n<p>&nbsp;<\/p>\n","protected":false},"excerpt":{"rendered":"<p>Vivemos imersos em um fluido inteligente, organizado em dimens\u00f5es. A humanidade terrestre tem consci\u00eancia at\u00e9 a terceira dimens\u00e3o, mas prepara-se<\/p>\n","protected":false},"featured_media":738,"template":"","meta":{"_acf_changed":false},"product_brand":[],"product_cat":[33286,17972],"product_tag":[33305],"class_list":{"0":"post-85098","1":"product","2":"type-product","3":"status-publish","4":"has-post-thumbnail","6":"product_cat-livro","7":"product_cat-livros-livro","8":"product_tag-33305","9":"pa_autor-frei-luciano","10":"pa_classe-do-produto-fisico","11":"pa_codigo-de-barras-22157","12":"pa_codigo-externo-fsi001irp","13":"pa_data-de-lancamento-22159","14":"pa_idioma-de-destino-portugues","15":"pa_idioma-de-origem-portugues","16":"pa_lancamento-no","17":"pa_midia-papel","18":"pa_moac-33458","19":"pa_quantidade-de-saldo-33010","20":"pa_tipo-de-traducao-nao-classificado","22":"first","23":"instock","24":"sale","25":"purchasable","26":"product-type-simple"},"acf":[],"_links":{"self":[{"href":"https:\/\/www.irdin.org.br\/site\/wp-json\/wp\/v2\/product\/85098","targetHints":{"allow":["GET"]}}],"collection":[{"href":"https:\/\/www.irdin.org.br\/site\/wp-json\/wp\/v2\/product"}],"about":[{"href":"https:\/\/www.irdin.org.br\/site\/wp-json\/wp\/v2\/types\/product"}],"version-history":[{"count":2,"href":"https:\/\/www.irdin.org.br\/site\/wp-json\/wp\/v2\/product\/85098\/revisions"}],"predecessor-version":[{"id":109540,"href":"https:\/\/www.irdin.org.br\/site\/wp-json\/wp\/v2\/product\/85098\/revisions\/109540"}],"wp:featuredmedia":[{"embeddable":true,"href":"https:\/\/www.irdin.org.br\/site\/wp-json\/wp\/v2\/media\/738"}],"wp:attachment":[{"href":"https:\/\/www.irdin.org.br\/site\/wp-json\/wp\/v2\/media?parent=85098"}],"wp:term":[{"taxonomy":"product_brand","embeddable":true,"href":"https:\/\/www.irdin.org.br\/site\/wp-json\/wp\/v2\/product_brand?post=85098"},{"taxonomy":"product_cat","embeddable":true,"href":"https:\/\/www.irdin.org.br\/site\/wp-json\/wp\/v2\/product_cat?post=85098"},{"taxonomy":"product_tag","embeddable":true,"href":"https:\/\/www.irdin.org.br\/site\/wp-json\/wp\/v2\/product_tag?post=85098"}],"curies":[{"name":"wp","href":"https:\/\/api.w.org\/{rel}","templated":true}]}}