{"id":85099,"date":"2018-04-26T18:50:37","date_gmt":"2018-04-26T18:50:37","guid":{"rendered":"http:\/\/www.irdin.org.br\/site\/produto\/silencio-o-amado-silencio\/"},"modified":"2026-04-09T10:47:12","modified_gmt":"2026-04-09T13:47:12","slug":"9788560835478","status":"publish","type":"product","link":"https:\/\/www.irdin.org.br\/site\/produtos\/9788560835478\/","title":{"rendered":"Sil\u00eancio, \u00f3 amado sil\u00eancio&#8230;"},"content":{"rendered":"<p>A sociedade de hoje imp\u00f5e padr\u00f5es de conduta e m\u00e9todos que praticamente impedem as pessoas de serem elas mesmas, de chegarem a manifestar energias e estados sutis, reflexos de suas realidades internas. Por isso, grupos humanos que se re\u00fanam para atividades evolutivas de ora\u00e7\u00e3o, servi\u00e7o e estudo de leis espirituais, representam uma preciosa oportunidade de criar ambientes em que as almas possam se expressar com maior liberdade, longe dos condicionamentos da vida comum. Essas atividades evolutivas permitem o contato com leis superiores e energias imateriais, antecipando conjunturas planet\u00e1rias que s\u00f3 estar\u00e3o implantadas depois que a Terra viver uma purifica\u00e7\u00e3o global.<\/p>\n<p><a class=\"pdf\" href=\"\/pdf\/Silencio_o_amado_silencio_WEB.pdf\" target=\"_blank\" rel=\"noopener\">Baixar Gratuitamente<\/a><\/p>\n<p>&nbsp;<\/p>\n","protected":false},"excerpt":{"rendered":"<p>A sociedade de hoje imp\u00f5e padr\u00f5es de conduta e m\u00e9todos que praticamente impedem as pessoas de serem elas mesmas, de<\/p>\n","protected":false},"featured_media":740,"template":"","meta":{"_acf_changed":false},"product_brand":[],"product_cat":[33286,17972],"product_tag":[33306],"class_list":{"0":"post-85099","1":"product","2":"type-product","3":"status-publish","4":"has-post-thumbnail","6":"product_cat-livro","7":"product_cat-livros-livro","8":"product_tag-33306","9":"pa_autor-frei-luciano","10":"pa_classe-do-produto-fisico","11":"pa_codigo-de-barras-22162","12":"pa_codigo-externo-fsi002irp","13":"pa_data-de-lancamento-22164","14":"pa_idioma-de-destino-portugues","15":"pa_idioma-de-origem-portugues","16":"pa_lancamento-no","17":"pa_midia-papel","18":"pa_moac-33460","19":"pa_quantidade-de-saldo-33010","20":"pa_tipo-de-traducao-nao-classificado","22":"first","23":"outofstock","24":"product-type-simple"},"acf":[],"_links":{"self":[{"href":"https:\/\/www.irdin.org.br\/site\/wp-json\/wp\/v2\/product\/85099","targetHints":{"allow":["GET"]}}],"collection":[{"href":"https:\/\/www.irdin.org.br\/site\/wp-json\/wp\/v2\/product"}],"about":[{"href":"https:\/\/www.irdin.org.br\/site\/wp-json\/wp\/v2\/types\/product"}],"version-history":[{"count":1,"href":"https:\/\/www.irdin.org.br\/site\/wp-json\/wp\/v2\/product\/85099\/revisions"}],"predecessor-version":[{"id":106487,"href":"https:\/\/www.irdin.org.br\/site\/wp-json\/wp\/v2\/product\/85099\/revisions\/106487"}],"wp:featuredmedia":[{"embeddable":true,"href":"https:\/\/www.irdin.org.br\/site\/wp-json\/wp\/v2\/media\/740"}],"wp:attachment":[{"href":"https:\/\/www.irdin.org.br\/site\/wp-json\/wp\/v2\/media?parent=85099"}],"wp:term":[{"taxonomy":"product_brand","embeddable":true,"href":"https:\/\/www.irdin.org.br\/site\/wp-json\/wp\/v2\/product_brand?post=85099"},{"taxonomy":"product_cat","embeddable":true,"href":"https:\/\/www.irdin.org.br\/site\/wp-json\/wp\/v2\/product_cat?post=85099"},{"taxonomy":"product_tag","embeddable":true,"href":"https:\/\/www.irdin.org.br\/site\/wp-json\/wp\/v2\/product_tag?post=85099"}],"curies":[{"name":"wp","href":"https:\/\/api.w.org\/{rel}","templated":true}]}}