{"id":85103,"date":"2018-04-26T18:50:37","date_gmt":"2018-04-26T18:50:37","guid":{"rendered":"http:\/\/www.irdin.org.br\/site\/produto\/mensajes-de-paz-maria-madre-de-la-divina-concepcion-de-la-trinidad\/"},"modified":"2026-03-16T08:39:16","modified_gmt":"2026-03-16T11:39:16","slug":"9788560835638","status":"publish","type":"product","link":"https:\/\/www.irdin.org.br\/site\/produtos\/9788560835638\/","title":{"rendered":"Mensajes de Paz &#8211; Mar\u00eda, Madre de la Divina Concepci\u00f3n de la Trinidad (capa dura)"},"content":{"rendered":"<p><em>\u0093Cuenten con Mi Presencia, Mi auxilio y Mis palabras grabadas en sus corazones, en sus esp\u00edritus y en los libros de sus vidas.\u0094<\/em><br \/>\nEl libro\u00a0<strong>Mensajes de Paz<\/strong>, de la Editorial Irdin, re\u00fane los mensajes que fueron transmitidos por la Sant\u00edsima Virgen Mar\u00eda, en el per\u00edodo comprendido entre el 15 de noviembre de 2011 al 15 de noviembre del 2012, al vidente Fray El\u00edas\u00a0 del Sagrado Coraz\u00f3n, monje de la Orden Gracia y Misericordia.<br \/>\nEn esta obra, de 608 p\u00e1ginas, la Madre Divina nos instruye con sus dulces y sagradas palabras de amor y esperanza, ofreci\u00e9ndonos llaves espirituales para restablecer el v\u00ednculo entre la humanidad y el Reino de Dios. Ella anuncia que a trav\u00e9s de la oraci\u00f3n y la devoci\u00f3n a su Inmaculado Coraz\u00f3n, todas las almas podr\u00e1n obtener la protecci\u00f3n y la ayuda espiritual que necesitan en estos tiempos.<br \/>\nPresente en diferentes culturas y religiones a lo largo de la historia, la Madre Universal ampara perpetuamente a la humanidad, intercediendo por nuestro auxilio en los momentos cr\u00edticos del planeta. Ahora, Ella vuelve a manifestarse p\u00fablicamente con el prop\u00f3sito de preparar a Sus hijos para el retorno de Su Hijo, Cristo Jes\u00fas.<br \/>\nLa Virgen Sant\u00edsima afirma que viene para concretar Sus planes de Paz en el mundo y nos invita a participar de esta obra divina por medio de la oraci\u00f3n misericordiosa. Mar\u00eda revela que, al elevar al cielo nuestras oraciones, le damos permiso para intervenir por la salvaci\u00f3n de las almas y de los Reinos de la Naturaleza en este actual ciclo planetario.<\/p>\n<p><a class=\"pdf\" href=\"\/pdf\/Mensagens_de_Maria_ESP_WEB.pdf\" target=\"_blank\" rel=\"noopener\">Baixar Gratuitamente<\/a><\/p>\n<p>&nbsp;<\/p>\n","protected":false},"excerpt":{"rendered":"<p>\u0093Cuenten con Mi Presencia, Mi auxilio y Mis palabras grabadas en sus corazones, en sus esp\u00edritus y en los libros<\/p>\n","protected":false},"featured_media":89120,"template":"","meta":{"_acf_changed":false},"product_brand":[],"product_cat":[33286,17972],"product_tag":[33310],"class_list":{"0":"post-85103","1":"product","2":"type-product","3":"status-publish","4":"has-post-thumbnail","6":"product_cat-livro","7":"product_cat-livros-livro","8":"product_tag-33310","9":"pa_autor-frei-elias-del-sagrado-corazon","10":"pa_autor-madre-maria-shimani","11":"pa_classe-do-produto-fisico","12":"pa_idioma-de-destino-espanhol","13":"pa_lancamento-no","14":"pa_midia-papel","15":"pa_moac-33468","16":"pa_quantidade-de-saldo-32994","17":"pa_tipo-de-traducao-nao-classificado","19":"first","20":"instock","21":"purchasable","22":"product-type-simple"},"acf":[],"_links":{"self":[{"href":"https:\/\/www.irdin.org.br\/site\/wp-json\/wp\/v2\/product\/85103","targetHints":{"allow":["GET"]}}],"collection":[{"href":"https:\/\/www.irdin.org.br\/site\/wp-json\/wp\/v2\/product"}],"about":[{"href":"https:\/\/www.irdin.org.br\/site\/wp-json\/wp\/v2\/types\/product"}],"version-history":[{"count":3,"href":"https:\/\/www.irdin.org.br\/site\/wp-json\/wp\/v2\/product\/85103\/revisions"}],"predecessor-version":[{"id":109599,"href":"https:\/\/www.irdin.org.br\/site\/wp-json\/wp\/v2\/product\/85103\/revisions\/109599"}],"wp:featuredmedia":[{"embeddable":true,"href":"https:\/\/www.irdin.org.br\/site\/wp-json\/wp\/v2\/media\/89120"}],"wp:attachment":[{"href":"https:\/\/www.irdin.org.br\/site\/wp-json\/wp\/v2\/media?parent=85103"}],"wp:term":[{"taxonomy":"product_brand","embeddable":true,"href":"https:\/\/www.irdin.org.br\/site\/wp-json\/wp\/v2\/product_brand?post=85103"},{"taxonomy":"product_cat","embeddable":true,"href":"https:\/\/www.irdin.org.br\/site\/wp-json\/wp\/v2\/product_cat?post=85103"},{"taxonomy":"product_tag","embeddable":true,"href":"https:\/\/www.irdin.org.br\/site\/wp-json\/wp\/v2\/product_tag?post=85103"}],"curies":[{"name":"wp","href":"https:\/\/api.w.org\/{rel}","templated":true}]}}