{"id":85106,"date":"1988-01-01T00:00:00","date_gmt":"1988-01-01T00:00:00","guid":{"rendered":"http:\/\/www.irdin.org.br\/site\/produto\/hora-de-crescer-interiormente-o-mito-de-hercules-hoje-2\/"},"modified":"2026-04-09T10:46:20","modified_gmt":"2026-04-09T13:46:20","slug":"9788554410407","status":"publish","type":"product","link":"https:\/\/www.irdin.org.br\/site\/produtos\/9788554410407\/","title":{"rendered":"Hora de Crescer Interiormente &#8211; O mito de H\u00e9rcules hoje"},"content":{"rendered":"<p>H\u00e9rcules, como mito, \u00e9 patrim\u00f4nio universal. As hist\u00f3rias de seus Trabalhos foram contadas de diversas maneiras, em todos os tempos, sob diferentes \u00e2ngulos. Apresentado por Trigueirinho, esse tema sugere um novo alinhamento do eu consciente com o n\u00facleo an\u00edmico. O leitor \u00e9 convidado a refletir sobre o her\u00f3i e sua alma e sobre os portais dos Trabalhos. Estes iniciam-se com a captura das \u00e9guas devoradoras de homens e prosseguem com o touro da ilha sagrada, as ma\u00e7\u00e3s de ouro, a captura da cor\u00e7a, a morte do le\u00e3o de Nem\u00e9ia, o cinto da uni\u00e3o, a captura do javali, a hidra de Lerna, os p\u00e1ssaros devastadores, a morte de C\u00e9rbero, a limpeza dos est\u00e1bulos e a condu\u00e7\u00e3o do gado vermelho. A partir de observa\u00e7\u00f5es baseadas, por um lado, em relatos estritamente mitol\u00f3gicos e, por outro, em fatos da vida moderna, Trigueirinho constr\u00f3i uma narrativa espl\u00eandida e vivaz que ajuda a entrever solu\u00e7\u00f5es para os mais pungentes assuntos que inquietam os homens do nosso tempo.<\/p>\n<p><a class=\"pdf\" href=\"\/pdf\/Hora_de_Crescer_Interiormente_WEB.pdf\" target=\"_blank\" rel=\"noopener\">Baixar Gratuitamente<\/a><\/p>\n<p>&nbsp;<\/p>\n","protected":false},"excerpt":{"rendered":"<p>H\u00e9rcules, como mito, \u00e9 patrim\u00f4nio universal. As hist\u00f3rias de seus Trabalhos foram contadas de diversas maneiras, em todos os tempos,<\/p>\n","protected":false},"featured_media":86683,"template":"","meta":{"_acf_changed":false},"product_brand":[],"product_cat":[33286,17972],"product_tag":[33313],"class_list":{"0":"post-85106","1":"product","2":"type-product","3":"status-publish","4":"has-post-thumbnail","6":"product_cat-livro","7":"product_cat-livros-livro","8":"product_tag-33313","9":"pa_autor-trigueirinho","10":"pa_classe-do-produto-fisico","11":"pa_codigo-de-barras-43826","12":"pa_codigo-externo-tr004pep","13":"pa_data-de-lancamento-23117","14":"pa_idioma-de-destino-portugues","15":"pa_idioma-de-origem-portugues","16":"pa_lancamento-no","17":"pa_midia-papel","18":"pa_moac-33474","19":"pa_quantidade-de-paginas-21907","20":"pa_quantidade-de-saldo-32994","21":"pa_tipo-de-traducao-nao-classificado","23":"first","24":"instock","25":"purchasable","26":"product-type-simple"},"acf":[],"_links":{"self":[{"href":"https:\/\/www.irdin.org.br\/site\/wp-json\/wp\/v2\/product\/85106","targetHints":{"allow":["GET"]}}],"collection":[{"href":"https:\/\/www.irdin.org.br\/site\/wp-json\/wp\/v2\/product"}],"about":[{"href":"https:\/\/www.irdin.org.br\/site\/wp-json\/wp\/v2\/types\/product"}],"version-history":[{"count":2,"href":"https:\/\/www.irdin.org.br\/site\/wp-json\/wp\/v2\/product\/85106\/revisions"}],"predecessor-version":[{"id":87990,"href":"https:\/\/www.irdin.org.br\/site\/wp-json\/wp\/v2\/product\/85106\/revisions\/87990"}],"wp:featuredmedia":[{"embeddable":true,"href":"https:\/\/www.irdin.org.br\/site\/wp-json\/wp\/v2\/media\/86683"}],"wp:attachment":[{"href":"https:\/\/www.irdin.org.br\/site\/wp-json\/wp\/v2\/media?parent=85106"}],"wp:term":[{"taxonomy":"product_brand","embeddable":true,"href":"https:\/\/www.irdin.org.br\/site\/wp-json\/wp\/v2\/product_brand?post=85106"},{"taxonomy":"product_cat","embeddable":true,"href":"https:\/\/www.irdin.org.br\/site\/wp-json\/wp\/v2\/product_cat?post=85106"},{"taxonomy":"product_tag","embeddable":true,"href":"https:\/\/www.irdin.org.br\/site\/wp-json\/wp\/v2\/product_tag?post=85106"}],"curies":[{"name":"wp","href":"https:\/\/api.w.org\/{rel}","templated":true}]}}