{"id":85109,"date":"1989-01-01T00:00:00","date_gmt":"1989-01-01T00:00:00","guid":{"rendered":"http:\/\/www.irdin.org.br\/site\/produto\/erks-mundo-interno\/"},"modified":"2026-03-27T10:30:30","modified_gmt":"2026-03-27T13:30:30","slug":"9786588468173","status":"publish","type":"product","link":"https:\/\/www.irdin.org.br\/site\/produtos\/9786588468173\/","title":{"rendered":"ERKS &#8211; Mundo interno (Portugu\u00eas)"},"content":{"rendered":"<p>Revela\u00e7\u00f5es sobre um centro esot\u00e9rico consagrado a erguer, para n\u00edveis espirituais, a consci\u00eancia dos que habitam a superf\u00edcie da Terra.<\/p>\n<p><a class=\"pdf\" href=\"\/pdf\/ERKS_Mundo_Interno_WEB.pdf\" target=\"_blank\" rel=\"noopener\">Baixar Gratuitamente<\/a><\/p>\n","protected":false},"excerpt":{"rendered":"<p>Revela\u00e7\u00f5es sobre um centro esot\u00e9rico consagrado a erguer, para n\u00edveis espirituais, a consci\u00eancia dos que habitam a superf\u00edcie da Terra.<\/p>\n","protected":false},"featured_media":88254,"template":"","meta":{"_acf_changed":false},"product_brand":[],"product_cat":[33286,17972],"product_tag":[],"class_list":{"0":"post-85109","1":"product","2":"type-product","3":"status-publish","4":"has-post-thumbnail","6":"product_cat-livro","7":"product_cat-livros-livro","8":"pa_autor-trigueirinho","9":"pa_classe-do-produto-fisico","10":"pa_codigo-de-barras-43954","11":"pa_codigo-externo-tr007pep","12":"pa_data-de-lancamento-23114","13":"pa_edicao-17979","14":"pa_idioma-de-destino-portugues","15":"pa_idioma-de-origem-portugues","16":"pa_lancamento-no","17":"pa_midia-papel","18":"pa_moac-33480","19":"pa_quantidade-de-paginas-22406","20":"pa_tipo-de-traducao-nao-classificado","22":"first","23":"instock","24":"featured","25":"purchasable","26":"product-type-simple"},"acf":[],"_links":{"self":[{"href":"https:\/\/www.irdin.org.br\/site\/wp-json\/wp\/v2\/product\/85109","targetHints":{"allow":["GET"]}}],"collection":[{"href":"https:\/\/www.irdin.org.br\/site\/wp-json\/wp\/v2\/product"}],"about":[{"href":"https:\/\/www.irdin.org.br\/site\/wp-json\/wp\/v2\/types\/product"}],"version-history":[{"count":2,"href":"https:\/\/www.irdin.org.br\/site\/wp-json\/wp\/v2\/product\/85109\/revisions"}],"predecessor-version":[{"id":105992,"href":"https:\/\/www.irdin.org.br\/site\/wp-json\/wp\/v2\/product\/85109\/revisions\/105992"}],"wp:featuredmedia":[{"embeddable":true,"href":"https:\/\/www.irdin.org.br\/site\/wp-json\/wp\/v2\/media\/88254"}],"wp:attachment":[{"href":"https:\/\/www.irdin.org.br\/site\/wp-json\/wp\/v2\/media?parent=85109"}],"wp:term":[{"taxonomy":"product_brand","embeddable":true,"href":"https:\/\/www.irdin.org.br\/site\/wp-json\/wp\/v2\/product_brand?post=85109"},{"taxonomy":"product_cat","embeddable":true,"href":"https:\/\/www.irdin.org.br\/site\/wp-json\/wp\/v2\/product_cat?post=85109"},{"taxonomy":"product_tag","embeddable":true,"href":"https:\/\/www.irdin.org.br\/site\/wp-json\/wp\/v2\/product_tag?post=85109"}],"curies":[{"name":"wp","href":"https:\/\/api.w.org\/{rel}","templated":true}]}}