{"id":85111,"date":"1989-01-01T00:00:00","date_gmt":"1989-01-01T00:00:00","guid":{"rendered":"http:\/\/www.irdin.org.br\/site\/produto\/miz-tli-tlan-um-mundo-que-desperta\/"},"modified":"2026-04-08T08:30:05","modified_gmt":"2026-04-08T11:30:05","slug":"9786588468487","status":"publish","type":"product","link":"https:\/\/www.irdin.org.br\/site\/produtos\/9786588468487\/","title":{"rendered":"MIZ TLI TLAN &#8211; Um Mundo que desperta"},"content":{"rendered":"<p>O que parece irracional e incr\u00edvel neste mundo de tr\u00eas dimens\u00f5es \u00e9 realidade normal nos planos superiores de consci\u00eancia.\u00b4 (Miz Tli Tlan) Este livro foi escrito em 1989, etapa do despertar de Miz Tli Tlan como centro regente do planeta, e como fonte para uma nova humanidade. \u00b4<\/p>\n<p><a class=\"pdf\" href=\"\/pdf\/Miz Tli Tlan__WEB.pdf\" target=\"_blank\" rel=\"noopener\">Baixar Gratuitamente<\/a><\/p>\n<p>&nbsp;<\/p>\n","protected":false},"excerpt":{"rendered":"<p>O que parece irracional e incr\u00edvel neste mundo de tr\u00eas dimens\u00f5es \u00e9 realidade normal nos planos superiores de consci\u00eancia.\u00b4 (Miz<\/p>\n","protected":false},"featured_media":110049,"template":"","meta":{"_acf_changed":false},"product_brand":[],"product_cat":[33286,17972],"product_tag":[33318,44138],"class_list":{"0":"post-85111","1":"product","2":"type-product","3":"status-publish","4":"has-post-thumbnail","6":"product_cat-livro","7":"product_cat-livros-livro","8":"product_tag-33318","9":"product_tag-destaque","10":"pa_autor-trigueirinho","11":"pa_classe-do-produto-fisico","12":"pa_codigo-de-barras-44244","13":"pa_codigo-externo-tr008pep","14":"pa_data-de-lancamento-23114","15":"pa_idioma-de-destino-portugues","16":"pa_idioma-de-origem-portugues","17":"pa_lancamento-yes","18":"pa_midia-papel","19":"pa_moac-33484","20":"pa_quantidade-de-paginas-23274","21":"pa_tipo-de-traducao-nao-classificado","23":"first","24":"instock","25":"featured","26":"purchasable","27":"product-type-simple"},"acf":[],"_links":{"self":[{"href":"https:\/\/www.irdin.org.br\/site\/wp-json\/wp\/v2\/product\/85111","targetHints":{"allow":["GET"]}}],"collection":[{"href":"https:\/\/www.irdin.org.br\/site\/wp-json\/wp\/v2\/product"}],"about":[{"href":"https:\/\/www.irdin.org.br\/site\/wp-json\/wp\/v2\/types\/product"}],"version-history":[{"count":1,"href":"https:\/\/www.irdin.org.br\/site\/wp-json\/wp\/v2\/product\/85111\/revisions"}],"predecessor-version":[{"id":106457,"href":"https:\/\/www.irdin.org.br\/site\/wp-json\/wp\/v2\/product\/85111\/revisions\/106457"}],"wp:featuredmedia":[{"embeddable":true,"href":"https:\/\/www.irdin.org.br\/site\/wp-json\/wp\/v2\/media\/110049"}],"wp:attachment":[{"href":"https:\/\/www.irdin.org.br\/site\/wp-json\/wp\/v2\/media?parent=85111"}],"wp:term":[{"taxonomy":"product_brand","embeddable":true,"href":"https:\/\/www.irdin.org.br\/site\/wp-json\/wp\/v2\/product_brand?post=85111"},{"taxonomy":"product_cat","embeddable":true,"href":"https:\/\/www.irdin.org.br\/site\/wp-json\/wp\/v2\/product_cat?post=85111"},{"taxonomy":"product_tag","embeddable":true,"href":"https:\/\/www.irdin.org.br\/site\/wp-json\/wp\/v2\/product_tag?post=85111"}],"curies":[{"name":"wp","href":"https:\/\/api.w.org\/{rel}","templated":true}]}}