{"id":85112,"date":"2004-01-01T00:00:00","date_gmt":"2004-01-01T00:00:00","guid":{"rendered":"http:\/\/www.irdin.org.br\/site\/produto\/miz-tli-tlan-un-monde-qui-seveille\/"},"modified":"2025-03-21T11:17:15","modified_gmt":"2025-03-21T11:17:15","slug":"miz-tli-tlan-un-monde-qui-seveille","status":"publish","type":"product","link":"https:\/\/www.irdin.org.br\/site\/produtos\/miz-tli-tlan-un-monde-qui-seveille\/","title":{"rendered":"MIZ TLI TLAN &#8211; Un Monde qui s\u00b4\u00e9veille"},"content":{"rendered":"<p>Ce qui para\u00eet irrationnel et incroyable dans ce monde \u00e0 trois dimensions est une r\u00e9alite normale dans les plans sup\u00e9rieurs de conscience\u00b4 \u00b4Un appel \u00e0 l\u00b4humanit\u00e9\u00b4, compilation issue de s\u00e9s oeuvres, voici un ouvrage majeur de Jos\u00e9 Trigueirinho pour comprendre en profondeur les temps actuels.<\/p>\n<p><a class=\"pdf\" href=\"\/pdf\/Miz_Tli_Tlan_frances_web.pdf\" target=\"_blank\" rel=\"noopener\">Baixar Gratuitamente<\/a><\/p>\n<p>&nbsp;<\/p>\n","protected":false},"excerpt":{"rendered":"<p>Ce qui para\u00eet irrationnel et incroyable dans ce monde \u00e0 trois dimensions est une r\u00e9alite normale dans les plans sup\u00e9rieurs<\/p>\n","protected":false},"featured_media":1125,"template":"","meta":{"_acf_changed":false},"product_brand":[],"product_cat":[33286,17972],"product_tag":[33319],"class_list":{"0":"post-85112","1":"product","2":"type-product","3":"status-publish","4":"has-post-thumbnail","6":"product_cat-livro","7":"product_cat-livros-livro","8":"product_tag-33319","9":"pa_autor-trigueirinho","10":"pa_classe-do-produto-fisico","11":"pa_codigo-de-barras-23151","12":"pa_codigo-externo-tr008vpf","13":"pa_data-de-lancamento-21676","14":"pa_idioma-de-destino-frances","15":"pa_idioma-de-origem-portugues","16":"pa_lancamento-no","17":"pa_midia-papel","18":"pa_moac-33486","19":"pa_quantidade-de-saldo-33010","20":"pa_tipo-de-traducao-nao-classificado","22":"first","23":"outofstock","24":"purchasable","25":"product-type-simple"},"acf":[],"_links":{"self":[{"href":"https:\/\/www.irdin.org.br\/site\/wp-json\/wp\/v2\/product\/85112","targetHints":{"allow":["GET"]}}],"collection":[{"href":"https:\/\/www.irdin.org.br\/site\/wp-json\/wp\/v2\/product"}],"about":[{"href":"https:\/\/www.irdin.org.br\/site\/wp-json\/wp\/v2\/types\/product"}],"version-history":[{"count":2,"href":"https:\/\/www.irdin.org.br\/site\/wp-json\/wp\/v2\/product\/85112\/revisions"}],"predecessor-version":[{"id":109634,"href":"https:\/\/www.irdin.org.br\/site\/wp-json\/wp\/v2\/product\/85112\/revisions\/109634"}],"wp:featuredmedia":[{"embeddable":true,"href":"https:\/\/www.irdin.org.br\/site\/wp-json\/wp\/v2\/media\/1125"}],"wp:attachment":[{"href":"https:\/\/www.irdin.org.br\/site\/wp-json\/wp\/v2\/media?parent=85112"}],"wp:term":[{"taxonomy":"product_brand","embeddable":true,"href":"https:\/\/www.irdin.org.br\/site\/wp-json\/wp\/v2\/product_brand?post=85112"},{"taxonomy":"product_cat","embeddable":true,"href":"https:\/\/www.irdin.org.br\/site\/wp-json\/wp\/v2\/product_cat?post=85112"},{"taxonomy":"product_tag","embeddable":true,"href":"https:\/\/www.irdin.org.br\/site\/wp-json\/wp\/v2\/product_tag?post=85112"}],"curies":[{"name":"wp","href":"https:\/\/api.w.org\/{rel}","templated":true}]}}