{"id":85114,"date":"1989-01-01T00:00:00","date_gmt":"1989-01-01T00:00:00","guid":{"rendered":"http:\/\/www.irdin.org.br\/site\/produto\/sinais-de-contato-2\/"},"modified":"2026-03-27T08:45:20","modified_gmt":"2026-03-27T11:45:20","slug":"9786588468357","status":"publish","type":"product","link":"https:\/\/www.irdin.org.br\/site\/produtos\/9786588468357\/","title":{"rendered":"Sinais de Contato &#8211; O corajoso relato da experi\u00eancia de transcender a morte"},"content":{"rendered":"<p>Certos temas costumam ser tratados como fic\u00e7\u00e3o cient\u00edfica ou descritos como s\u00edmbolos pass\u00edveis de v\u00e1rias interpreta\u00e7\u00f5es. Nesta obra, todavia, marcada pela intrepidez e pelo ins\u00f3lito, o autor fala de realidades tidas como fant\u00e1sticas trazendo-as para o dia a dia como fatos comuns. Demonstra que o chamado mist\u00e9rio, lenda e mito pode ser vivido de maneira normal e consciente. Com naturalidade, descreve sua aproxima\u00e7\u00e3o a uma das mais importantes civiliza\u00e7\u00f5es supraf\u00edsicas presentes no planeta e diz que hoje se abre ao homem da superf\u00edcie da Terra a comunica\u00e7\u00e3o com mundos como esse, que sempre existiram, mas que agora podem ser mais conhecidos. SINAIS DE CONTATO traz novas chaves para a compreens\u00e3o de experi\u00eancias internas atualmente acess\u00edveis aos que se convocaram para o servi\u00e7o de reconstru\u00e7\u00e3o da Terra.<\/p>\n<p><a class=\"pdf\" href=\"\/pdf\/Sinais_de_Contato_WEB.pdf\" target=\"_blank\" rel=\"noopener\">Baixar Gratuitamente<\/a><\/p>\n<p><iframe loading=\"lazy\" title=\"TRIGUEIRINHO | LAN\u00c7AMENTOS DAS OBRAS DE TRIGUEIRINHO PELA IRDIN EDITORA - ABRIL 2023\" width=\"500\" height=\"281\" src=\"https:\/\/www.youtube.com\/embed\/bQD9cvFB-nc?feature=oembed\" frameborder=\"0\" allow=\"accelerometer; autoplay; clipboard-write; encrypted-media; gyroscope; picture-in-picture; web-share\" referrerpolicy=\"strict-origin-when-cross-origin\" allowfullscreen><\/iframe><\/p>\n<p>&nbsp;<\/p>\n","protected":false},"excerpt":{"rendered":"<p>Certos temas costumam ser tratados como fic\u00e7\u00e3o cient\u00edfica ou descritos como s\u00edmbolos pass\u00edveis de v\u00e1rias interpreta\u00e7\u00f5es. Nesta obra, todavia, marcada<\/p>\n","protected":false},"featured_media":103796,"template":"","meta":{"_acf_changed":false},"product_brand":[],"product_cat":[33286,17972],"product_tag":[33321],"class_list":{"0":"post-85114","1":"product","2":"type-product","3":"status-publish","4":"has-post-thumbnail","6":"product_cat-livro","7":"product_cat-livros-livro","8":"product_tag-33321","9":"pa_autor-trigueirinho","10":"pa_classe-do-produto-fisico","11":"pa_codigo-de-barras-44041","12":"pa_codigo-externo-tr010pep","13":"pa_data-de-lancamento-23114","14":"pa_idioma-de-destino-portugues","15":"pa_idioma-de-origem-portugues","16":"pa_lancamento-yes","17":"pa_midia-papel","18":"pa_moac-33490","19":"pa_quantidade-de-paginas-18040","20":"pa_quantidade-de-saldo-33010","21":"pa_tipo-de-traducao-nao-classificado","23":"first","24":"instock","25":"purchasable","26":"product-type-simple"},"acf":[],"_links":{"self":[{"href":"https:\/\/www.irdin.org.br\/site\/wp-json\/wp\/v2\/product\/85114","targetHints":{"allow":["GET"]}}],"collection":[{"href":"https:\/\/www.irdin.org.br\/site\/wp-json\/wp\/v2\/product"}],"about":[{"href":"https:\/\/www.irdin.org.br\/site\/wp-json\/wp\/v2\/types\/product"}],"version-history":[{"count":3,"href":"https:\/\/www.irdin.org.br\/site\/wp-json\/wp\/v2\/product\/85114\/revisions"}],"predecessor-version":[{"id":109547,"href":"https:\/\/www.irdin.org.br\/site\/wp-json\/wp\/v2\/product\/85114\/revisions\/109547"}],"wp:featuredmedia":[{"embeddable":true,"href":"https:\/\/www.irdin.org.br\/site\/wp-json\/wp\/v2\/media\/103796"}],"wp:attachment":[{"href":"https:\/\/www.irdin.org.br\/site\/wp-json\/wp\/v2\/media?parent=85114"}],"wp:term":[{"taxonomy":"product_brand","embeddable":true,"href":"https:\/\/www.irdin.org.br\/site\/wp-json\/wp\/v2\/product_brand?post=85114"},{"taxonomy":"product_cat","embeddable":true,"href":"https:\/\/www.irdin.org.br\/site\/wp-json\/wp\/v2\/product_cat?post=85114"},{"taxonomy":"product_tag","embeddable":true,"href":"https:\/\/www.irdin.org.br\/site\/wp-json\/wp\/v2\/product_tag?post=85114"}],"curies":[{"name":"wp","href":"https:\/\/api.w.org\/{rel}","templated":true}]}}