{"id":85117,"date":"1989-01-01T00:00:00","date_gmt":"1989-01-01T00:00:00","guid":{"rendered":"http:\/\/www.irdin.org.br\/site\/produto\/padroes-de-conduta-para-a-nova-humanidade-2\/"},"modified":"2026-03-23T10:31:12","modified_gmt":"2026-03-23T13:31:12","slug":"9786599051043","status":"publish","type":"product","link":"https:\/\/www.irdin.org.br\/site\/produtos\/9786599051043\/","title":{"rendered":"Padr\u00f5es de conduta para a Nova Humanidade"},"content":{"rendered":"<p>Os papiros da Verdade foram ocultados dos olhos desta civiliza\u00e7\u00e3o, e as informa\u00e7\u00f5es foram manipuladas, diz este livro corajoso. Povos inteiros conservaram-se na ignor\u00e2ncia por vontade de uns poucos, e grande \u00e9 a responsabilidade destes \u00faltimos. Na ra\u00e7a atual, os homens s\u00e1bios n\u00e3o podem ainda falar, permanecem ocultos, embora estejam entre n\u00f3s. Agem em sil\u00eancio, em sintonia com os Irm\u00e3os do Cosmos, voltados tamb\u00e9m para a tarefa de aumentar o coeficiente intelectual da humanidade, feito atrav\u00e9s de um trabalho profundo, que um dia todos conhecer\u00e3o.<\/p>\n<p><a class=\"pdf\" href=\"\/pdf\/Padroes_de_Conduta_para_a_Nova_Humanidade_WEB.pdf\" target=\"_blank\" rel=\"noopener\">Baixar Gratuitamente<\/a><\/p>\n","protected":false},"excerpt":{"rendered":"<p>Os papiros da Verdade foram ocultados dos olhos desta civiliza\u00e7\u00e3o, e as informa\u00e7\u00f5es foram manipuladas, diz este livro corajoso. Povos<\/p>\n","protected":false},"featured_media":87234,"template":"","meta":{"_acf_changed":false},"product_brand":[],"product_cat":[33286,17972],"product_tag":[33324],"class_list":{"0":"post-85117","1":"product","2":"type-product","3":"status-publish","4":"has-post-thumbnail","6":"product_cat-livro","7":"product_cat-livros-livro","8":"product_tag-33324","9":"pa_autor-trigueirinho","10":"pa_classe-do-produto-fisico","11":"pa_codigo-de-barras-43935","12":"pa_codigo-externo-tr013pep","13":"pa_data-de-lancamento-23114","14":"pa_idioma-de-destino-portugues","15":"pa_idioma-de-origem-portugues","16":"pa_lancamento-no","17":"pa_midia-papel","18":"pa_moac-33496","19":"pa_quantidade-de-paginas-21821","20":"pa_quantidade-de-saldo-32994","21":"pa_tipo-de-traducao-nao-classificado","23":"first","24":"instock","25":"purchasable","26":"product-type-simple"},"acf":[],"_links":{"self":[{"href":"https:\/\/www.irdin.org.br\/site\/wp-json\/wp\/v2\/product\/85117","targetHints":{"allow":["GET"]}}],"collection":[{"href":"https:\/\/www.irdin.org.br\/site\/wp-json\/wp\/v2\/product"}],"about":[{"href":"https:\/\/www.irdin.org.br\/site\/wp-json\/wp\/v2\/types\/product"}],"version-history":[{"count":2,"href":"https:\/\/www.irdin.org.br\/site\/wp-json\/wp\/v2\/product\/85117\/revisions"}],"predecessor-version":[{"id":87235,"href":"https:\/\/www.irdin.org.br\/site\/wp-json\/wp\/v2\/product\/85117\/revisions\/87235"}],"wp:featuredmedia":[{"embeddable":true,"href":"https:\/\/www.irdin.org.br\/site\/wp-json\/wp\/v2\/media\/87234"}],"wp:attachment":[{"href":"https:\/\/www.irdin.org.br\/site\/wp-json\/wp\/v2\/media?parent=85117"}],"wp:term":[{"taxonomy":"product_brand","embeddable":true,"href":"https:\/\/www.irdin.org.br\/site\/wp-json\/wp\/v2\/product_brand?post=85117"},{"taxonomy":"product_cat","embeddable":true,"href":"https:\/\/www.irdin.org.br\/site\/wp-json\/wp\/v2\/product_cat?post=85117"},{"taxonomy":"product_tag","embeddable":true,"href":"https:\/\/www.irdin.org.br\/site\/wp-json\/wp\/v2\/product_tag?post=85117"}],"curies":[{"name":"wp","href":"https:\/\/api.w.org\/{rel}","templated":true}]}}