{"id":85118,"date":"1989-01-01T00:00:00","date_gmt":"1989-01-01T00:00:00","guid":{"rendered":"http:\/\/www.irdin.org.br\/site\/produto\/novos-sinais-de-contato-3\/"},"modified":"2026-03-17T10:02:54","modified_gmt":"2026-03-17T13:02:54","slug":"9788531504808","status":"publish","type":"product","link":"https:\/\/www.irdin.org.br\/site\/produtos\/9788531504808\/","title":{"rendered":"Novos Sinais de Contato"},"content":{"rendered":"<p>A grande nave de SHIKHUMA, tal como surgiu diante da objetiva do autor deste livro. \u00c0 esquerda, dentro da aura da nave, e mais \u00e0 esquerda ainda, outras naves menores que saem do seu bojo. A foto est\u00e1 sendo publicada com autoriza\u00e7\u00e3o dos Comandos dessas manobras. O autor de ERKS (Mundo Interno) MIZ TLI TLAN (Um Mundo que Desperta) AURORA (Ess\u00eancia C\u00f3smica Curadora) e SINAIS DE CONTATO revela agora como h\u00e1 mais de 20 mil anos a atual crise do planeta j\u00e1 era prevista e como, nos atuais momentos cr\u00edticos vividos pela humanidade, seres intergal\u00e1cticos se re\u00fanem para ajudar o homem da superf\u00edcie da Terra. Tem in\u00edcio um relacionamento consciente com outras dimens\u00f5es de vida e com os Seres, Entidades e Energias que povoam as infinitas gal\u00e1xias.<\/p>\n<p>&nbsp;<\/p>\n","protected":false},"excerpt":{"rendered":"<p>A grande nave de SHIKHUMA, tal como surgiu diante da objetiva do autor deste livro. \u00c0 esquerda, dentro da aura<\/p>\n","protected":false},"featured_media":1150,"template":"","meta":{"_acf_changed":false},"product_brand":[],"product_cat":[33286,17972],"product_tag":[33325],"class_list":{"0":"post-85118","1":"product","2":"type-product","3":"status-publish","4":"has-post-thumbnail","6":"product_cat-livro","7":"product_cat-livros-livro","8":"product_tag-33325","9":"pa_autor-trigueirinho","10":"pa_classe-do-produto-fisico","11":"pa_codigo-de-barras-23181","12":"pa_codigo-externo-tr014pep","13":"pa_data-de-lancamento-23114","14":"pa_idioma-de-destino-portugues","15":"pa_idioma-de-origem-portugues","16":"pa_lancamento-no","17":"pa_midia-papel","18":"pa_moac-33498","19":"pa_quantidade-de-saldo-33008","20":"pa_tipo-de-traducao-nao-classificado","22":"first","23":"instock","24":"purchasable","25":"product-type-simple"},"acf":[],"_links":{"self":[{"href":"https:\/\/www.irdin.org.br\/site\/wp-json\/wp\/v2\/product\/85118","targetHints":{"allow":["GET"]}}],"collection":[{"href":"https:\/\/www.irdin.org.br\/site\/wp-json\/wp\/v2\/product"}],"about":[{"href":"https:\/\/www.irdin.org.br\/site\/wp-json\/wp\/v2\/types\/product"}],"version-history":[{"count":2,"href":"https:\/\/www.irdin.org.br\/site\/wp-json\/wp\/v2\/product\/85118\/revisions"}],"predecessor-version":[{"id":106462,"href":"https:\/\/www.irdin.org.br\/site\/wp-json\/wp\/v2\/product\/85118\/revisions\/106462"}],"wp:featuredmedia":[{"embeddable":true,"href":"https:\/\/www.irdin.org.br\/site\/wp-json\/wp\/v2\/media\/1150"}],"wp:attachment":[{"href":"https:\/\/www.irdin.org.br\/site\/wp-json\/wp\/v2\/media?parent=85118"}],"wp:term":[{"taxonomy":"product_brand","embeddable":true,"href":"https:\/\/www.irdin.org.br\/site\/wp-json\/wp\/v2\/product_brand?post=85118"},{"taxonomy":"product_cat","embeddable":true,"href":"https:\/\/www.irdin.org.br\/site\/wp-json\/wp\/v2\/product_cat?post=85118"},{"taxonomy":"product_tag","embeddable":true,"href":"https:\/\/www.irdin.org.br\/site\/wp-json\/wp\/v2\/product_tag?post=85118"}],"curies":[{"name":"wp","href":"https:\/\/api.w.org\/{rel}","templated":true}]}}