{"id":85119,"date":"1989-01-01T00:00:00","date_gmt":"1989-01-01T00:00:00","guid":{"rendered":"http:\/\/www.irdin.org.br\/site\/produto\/os-jardineiros-do-espaco-2\/"},"modified":"2026-04-07T12:03:24","modified_gmt":"2026-04-07T15:03:24","slug":"9788531503498","status":"publish","type":"product","link":"https:\/\/www.irdin.org.br\/site\/produtos\/9788531503498\/","title":{"rendered":"Os Jardineiros do Espa\u00e7o"},"content":{"rendered":"<p>Os futuros padr\u00f5es de conduta nada ter\u00e3o a ver com os atuais. J\u00e1 no momento presente, almas de desenvolvimento superior aguardam a instala\u00e7\u00e3o do novo ciclo de vida terrestre, sob outras leis, para descerem \u00e0 encarna\u00e7\u00e3o. A atual civiliza\u00e7\u00e3o ser\u00e1 transcendida. Em seu lugar haver\u00e1 outra, regida pelo novo c\u00f3digo gen\u00e9tico e possuidora de um campo sono-cosmo-medular desenvolvido. Essa realidade n\u00e3o est\u00e1 distante. Este livro revela a tarefa dos seres e das energias intergal\u00e1cticas na introdu\u00e7\u00e3o da nova lei do nascimento f\u00edsico a implantar-se na Terra ap\u00f3s a purifica\u00e7\u00e3o global.<\/p>\n<p>&nbsp;<\/p>\n","protected":false},"excerpt":{"rendered":"<p>Os futuros padr\u00f5es de conduta nada ter\u00e3o a ver com os atuais. J\u00e1 no momento presente, almas de desenvolvimento superior<\/p>\n","protected":false},"featured_media":1154,"template":"","meta":{"_acf_changed":false},"product_brand":[],"product_cat":[33286,17972],"product_tag":[33326],"class_list":{"0":"post-85119","1":"product","2":"type-product","3":"status-publish","4":"has-post-thumbnail","6":"product_cat-livro","7":"product_cat-livros-livro","8":"product_tag-33326","9":"pa_autor-trigueirinho","10":"pa_classe-do-produto-fisico","11":"pa_codigo-de-barras-23185","12":"pa_codigo-externo-tr015pep","13":"pa_data-de-lancamento-23114","14":"pa_idioma-de-destino-portugues","15":"pa_idioma-de-origem-portugues","16":"pa_lancamento-no","17":"pa_midia-papel","18":"pa_moac-33500","19":"pa_quantidade-de-saldo-33281","20":"pa_tipo-de-traducao-nao-classificado","22":"first","23":"outofstock","24":"purchasable","25":"product-type-simple"},"acf":[],"_links":{"self":[{"href":"https:\/\/www.irdin.org.br\/site\/wp-json\/wp\/v2\/product\/85119","targetHints":{"allow":["GET"]}}],"collection":[{"href":"https:\/\/www.irdin.org.br\/site\/wp-json\/wp\/v2\/product"}],"about":[{"href":"https:\/\/www.irdin.org.br\/site\/wp-json\/wp\/v2\/types\/product"}],"version-history":[{"count":2,"href":"https:\/\/www.irdin.org.br\/site\/wp-json\/wp\/v2\/product\/85119\/revisions"}],"predecessor-version":[{"id":109838,"href":"https:\/\/www.irdin.org.br\/site\/wp-json\/wp\/v2\/product\/85119\/revisions\/109838"}],"wp:featuredmedia":[{"embeddable":true,"href":"https:\/\/www.irdin.org.br\/site\/wp-json\/wp\/v2\/media\/1154"}],"wp:attachment":[{"href":"https:\/\/www.irdin.org.br\/site\/wp-json\/wp\/v2\/media?parent=85119"}],"wp:term":[{"taxonomy":"product_brand","embeddable":true,"href":"https:\/\/www.irdin.org.br\/site\/wp-json\/wp\/v2\/product_brand?post=85119"},{"taxonomy":"product_cat","embeddable":true,"href":"https:\/\/www.irdin.org.br\/site\/wp-json\/wp\/v2\/product_cat?post=85119"},{"taxonomy":"product_tag","embeddable":true,"href":"https:\/\/www.irdin.org.br\/site\/wp-json\/wp\/v2\/product_tag?post=85119"}],"curies":[{"name":"wp","href":"https:\/\/api.w.org\/{rel}","templated":true}]}}