{"id":85124,"date":"1990-01-01T00:00:00","date_gmt":"1990-01-01T00:00:00","guid":{"rendered":"http:\/\/www.irdin.org.br\/site\/produto\/tempo-de-retiro-e-tempo-de-vigilia-2\/"},"modified":"2026-03-17T10:05:25","modified_gmt":"2026-03-17T13:05:25","slug":"9788531506642","status":"publish","type":"product","link":"https:\/\/www.irdin.org.br\/site\/produtos\/9788531506642\/","title":{"rendered":"Tempo de Retiro e Tempo de Vig\u00edlia"},"content":{"rendered":"<p>Uma explos\u00e3o nuclear ou uma contamina\u00e7\u00e3o (que se espalha, como se sabe, por grandes \u00e1reas do planeta) atinge n\u00e3o apenas o corpo f\u00edsico, mas tamb\u00e9m os corpos inferiores do homem: o et\u00e9rico-terrestre, o emocional e o mental. Mesmo a alma humana, como chama a ci\u00eancia espiritual, pode ser afetada por isso. Calma, paz e serenidade emergem dos que sabem escutar o pr\u00f3prio \u00edntimo. Nas horas dif\u00edceis, muitos entrar\u00e3o em p\u00e2nico, c\u00f3lera ou loucura. Quem se fortalecer internamente irradiar\u00e1 paz, amenizando o caos que assolar\u00e1 o mundo externo. Quanto mais conectados com o prop\u00f3sito do Ser Interior, mais preparados estaremos.<\/p>\n<p><a class=\"pdf\" href=\"\/pdf\/Tempo_Retiro_Tempo_Vigilia.pdf\" target=\"_blank\" rel=\"noopener\">Baixar Gratuitamente<\/a><\/p>\n<p>&nbsp;<\/p>\n","protected":false},"excerpt":{"rendered":"<p>Uma explos\u00e3o nuclear ou uma contamina\u00e7\u00e3o (que se espalha, como se sabe, por grandes \u00e1reas do planeta) atinge n\u00e3o apenas<\/p>\n","protected":false},"featured_media":85438,"template":"","meta":{"_acf_changed":false},"product_brand":[],"product_cat":[33286,17972],"product_tag":[33331],"class_list":{"0":"post-85124","1":"product","2":"type-product","3":"status-publish","4":"has-post-thumbnail","6":"product_cat-livro","7":"product_cat-livros-livro","8":"product_tag-33331","9":"pa_autor-trigueirinho","10":"pa_classe-do-produto-fisico","11":"pa_codigo-de-barras-23207","12":"pa_codigo-externo-tr018pep","13":"pa_data-de-lancamento-21835","14":"pa_idioma-de-destino-portugues","15":"pa_idioma-de-origem-portugues","16":"pa_lancamento-no","17":"pa_midia-papel","18":"pa_moac-33510","19":"pa_quantidade-de-saldo-33008","20":"pa_tipo-de-traducao-nao-classificado","22":"first","23":"instock","24":"purchasable","25":"product-type-simple"},"acf":[],"_links":{"self":[{"href":"https:\/\/www.irdin.org.br\/site\/wp-json\/wp\/v2\/product\/85124","targetHints":{"allow":["GET"]}}],"collection":[{"href":"https:\/\/www.irdin.org.br\/site\/wp-json\/wp\/v2\/product"}],"about":[{"href":"https:\/\/www.irdin.org.br\/site\/wp-json\/wp\/v2\/types\/product"}],"version-history":[{"count":1,"href":"https:\/\/www.irdin.org.br\/site\/wp-json\/wp\/v2\/product\/85124\/revisions"}],"predecessor-version":[{"id":106456,"href":"https:\/\/www.irdin.org.br\/site\/wp-json\/wp\/v2\/product\/85124\/revisions\/106456"}],"wp:featuredmedia":[{"embeddable":true,"href":"https:\/\/www.irdin.org.br\/site\/wp-json\/wp\/v2\/media\/85438"}],"wp:attachment":[{"href":"https:\/\/www.irdin.org.br\/site\/wp-json\/wp\/v2\/media?parent=85124"}],"wp:term":[{"taxonomy":"product_brand","embeddable":true,"href":"https:\/\/www.irdin.org.br\/site\/wp-json\/wp\/v2\/product_brand?post=85124"},{"taxonomy":"product_cat","embeddable":true,"href":"https:\/\/www.irdin.org.br\/site\/wp-json\/wp\/v2\/product_cat?post=85124"},{"taxonomy":"product_tag","embeddable":true,"href":"https:\/\/www.irdin.org.br\/site\/wp-json\/wp\/v2\/product_tag?post=85124"}],"curies":[{"name":"wp","href":"https:\/\/api.w.org\/{rel}","templated":true}]}}