{"id":85125,"date":"1991-01-01T00:00:00","date_gmt":"1991-01-01T00:00:00","guid":{"rendered":"http:\/\/www.irdin.org.br\/site\/produto\/portas-do-cosmos-2\/"},"modified":"2026-04-09T10:46:13","modified_gmt":"2026-04-09T13:46:13","slug":"9788554410520","status":"publish","type":"product","link":"https:\/\/www.irdin.org.br\/site\/produtos\/9788554410520\/","title":{"rendered":"Portas do Cosmos"},"content":{"rendered":"<p>Intelig\u00eancias supraf\u00edsicas tentam comunicar-se com o homem moderno, e para isso o est\u00e3o preparando. Estar na vida pr\u00e1tica sem no entanto envolver-se com ela \u00e9 a chave para esse contato, que n\u00e3o exime o homem de suas tarefas cotidianas, ao contr\u00e1rio, permite-lhe regener\u00e1-las. \u00c9 atrav\u00e9s de uma inteira ades\u00e3o \u00e0 Lei Evolutiva que se d\u00e1 a libera\u00e7\u00e3o das energias na totalidade do seu Ser. Este \u00e9 um livro que possibilita o conhecimento de realidades da vida interior, de fatos de grande import\u00e2ncia e utilidade nestes momentos de caos.<\/p>\n<p><a class=\"pdf\" href=\"\/pdf\/Portas_do_Cosmos_WEB.pdf\" target=\"_blank\" rel=\"noopener\">Baixar Gratuitamente<\/a><\/p>\n<p>&nbsp;<\/p>\n","protected":false},"excerpt":{"rendered":"<p>Intelig\u00eancias supraf\u00edsicas tentam comunicar-se com o homem moderno, e para isso o est\u00e3o preparando. Estar na vida pr\u00e1tica sem no<\/p>\n","protected":false},"featured_media":86811,"template":"","meta":{"_acf_changed":false},"product_brand":[],"product_cat":[33286,17972],"product_tag":[33332],"class_list":{"0":"post-85125","1":"product","2":"type-product","3":"status-publish","4":"has-post-thumbnail","6":"product_cat-livro","7":"product_cat-livros-livro","8":"product_tag-33332","9":"pa_autor-trigueirinho","10":"pa_classe-do-produto-fisico","11":"pa_codigo-de-barras-44216","12":"pa_codigo-externo-tr019pep","13":"pa_data-de-lancamento-21666","14":"pa_idioma-de-destino-portugues","15":"pa_idioma-de-origem-portugues","16":"pa_lancamento-no","17":"pa_midia-papel","18":"pa_moac-33512","19":"pa_tipo-de-traducao-nao-classificado","21":"first","22":"instock","23":"purchasable","24":"product-type-simple"},"acf":[],"_links":{"self":[{"href":"https:\/\/www.irdin.org.br\/site\/wp-json\/wp\/v2\/product\/85125","targetHints":{"allow":["GET"]}}],"collection":[{"href":"https:\/\/www.irdin.org.br\/site\/wp-json\/wp\/v2\/product"}],"about":[{"href":"https:\/\/www.irdin.org.br\/site\/wp-json\/wp\/v2\/types\/product"}],"version-history":[{"count":1,"href":"https:\/\/www.irdin.org.br\/site\/wp-json\/wp\/v2\/product\/85125\/revisions"}],"predecessor-version":[{"id":106449,"href":"https:\/\/www.irdin.org.br\/site\/wp-json\/wp\/v2\/product\/85125\/revisions\/106449"}],"wp:featuredmedia":[{"embeddable":true,"href":"https:\/\/www.irdin.org.br\/site\/wp-json\/wp\/v2\/media\/86811"}],"wp:attachment":[{"href":"https:\/\/www.irdin.org.br\/site\/wp-json\/wp\/v2\/media?parent=85125"}],"wp:term":[{"taxonomy":"product_brand","embeddable":true,"href":"https:\/\/www.irdin.org.br\/site\/wp-json\/wp\/v2\/product_brand?post=85125"},{"taxonomy":"product_cat","embeddable":true,"href":"https:\/\/www.irdin.org.br\/site\/wp-json\/wp\/v2\/product_cat?post=85125"},{"taxonomy":"product_tag","embeddable":true,"href":"https:\/\/www.irdin.org.br\/site\/wp-json\/wp\/v2\/product_tag?post=85125"}],"curies":[{"name":"wp","href":"https:\/\/api.w.org\/{rel}","templated":true}]}}