{"id":85126,"date":"1991-01-01T00:00:00","date_gmt":"1991-01-01T00:00:00","guid":{"rendered":"http:\/\/www.irdin.org.br\/site\/produto\/a-hora-do-resgate-2\/"},"modified":"2026-04-16T09:49:23","modified_gmt":"2026-04-16T12:49:23","slug":"9786588468517","status":"publish","type":"product","link":"https:\/\/www.irdin.org.br\/site\/produtos\/9786588468517\/","title":{"rendered":"A Hora do Resgate"},"content":{"rendered":"<p>Para encontrar a paz, precisamos nos libertar de aspectos que n\u00e3o nos pertencem, e que foram incorporados no transcurso das vidas terrenas. Esses aspectos ficaram atados a n\u00f3s como parasitas. Acreditamos serem parte do nosso ser, mas n\u00e3o s\u00e3o. Pensamos n\u00e3o poder sobreviver sem eles, mas na verdade eles \u00e9 que sugam de n\u00f3s a energia de vida. N\u00e3o devemos aquilatar-nos pelo que aparentamos, nem temer por nossos limites. A humanidade est\u00e1 passando por uma sele\u00e7\u00e3o interna, e cada um est\u00e1 sendo atra\u00eddo para o lugar que lhe corresponde. Grandiosos s\u00e3o os dias de hoje, e poderosa a Gra\u00e7a que paira sobre todos os habitantes da Terra para as mais profundas transforma\u00e7\u00f5es.<\/p>\n<p><a class=\"pdf\" href=\"\/pdf\/A Hora do Resgate_WEB.pdf\" target=\"_blank\" rel=\"noopener\">Baixar Gratuitamente<\/a><\/p>\n<p>&nbsp;<\/p>\n","protected":false},"excerpt":{"rendered":"<p>Para encontrar a paz, precisamos nos libertar de aspectos que n\u00e3o nos pertencem, e que foram incorporados no transcurso das<\/p>\n","protected":false},"featured_media":104064,"template":"","meta":{"_acf_changed":false},"product_brand":[],"product_cat":[33286,17972],"product_tag":[33333],"class_list":{"0":"post-85126","1":"product","2":"type-product","3":"status-publish","4":"has-post-thumbnail","6":"product_cat-livro","7":"product_cat-livros-livro","8":"product_tag-33333","9":"pa_autor-trigueirinho","10":"pa_classe-do-produto-fisico","11":"pa_codigo-de-barras-44061","12":"pa_codigo-externo-tr021pep","13":"pa_data-de-lancamento-21666","14":"pa_idioma-de-destino-portugues","15":"pa_idioma-de-origem-portugues","16":"pa_lancamento-yes","17":"pa_midia-papel","18":"pa_moac-33514","19":"pa_quantidade-de-paginas-22015","20":"pa_quantidade-de-saldo-33009","21":"pa_tipo-de-traducao-nao-classificado","23":"first","24":"instock","25":"featured","26":"purchasable","27":"product-type-simple"},"acf":[],"_links":{"self":[{"href":"https:\/\/www.irdin.org.br\/site\/wp-json\/wp\/v2\/product\/85126","targetHints":{"allow":["GET"]}}],"collection":[{"href":"https:\/\/www.irdin.org.br\/site\/wp-json\/wp\/v2\/product"}],"about":[{"href":"https:\/\/www.irdin.org.br\/site\/wp-json\/wp\/v2\/types\/product"}],"version-history":[{"count":2,"href":"https:\/\/www.irdin.org.br\/site\/wp-json\/wp\/v2\/product\/85126\/revisions"}],"predecessor-version":[{"id":106450,"href":"https:\/\/www.irdin.org.br\/site\/wp-json\/wp\/v2\/product\/85126\/revisions\/106450"}],"wp:featuredmedia":[{"embeddable":true,"href":"https:\/\/www.irdin.org.br\/site\/wp-json\/wp\/v2\/media\/104064"}],"wp:attachment":[{"href":"https:\/\/www.irdin.org.br\/site\/wp-json\/wp\/v2\/media?parent=85126"}],"wp:term":[{"taxonomy":"product_brand","embeddable":true,"href":"https:\/\/www.irdin.org.br\/site\/wp-json\/wp\/v2\/product_brand?post=85126"},{"taxonomy":"product_cat","embeddable":true,"href":"https:\/\/www.irdin.org.br\/site\/wp-json\/wp\/v2\/product_cat?post=85126"},{"taxonomy":"product_tag","embeddable":true,"href":"https:\/\/www.irdin.org.br\/site\/wp-json\/wp\/v2\/product_tag?post=85126"}],"curies":[{"name":"wp","href":"https:\/\/api.w.org\/{rel}","templated":true}]}}