{"id":85129,"date":"1992-01-01T00:00:00","date_gmt":"1992-01-01T00:00:00","guid":{"rendered":"http:\/\/www.irdin.org.br\/site\/produto\/das-lutas-a-paz-2\/"},"modified":"2026-03-17T10:02:30","modified_gmt":"2026-03-17T13:02:30","slug":"9788531501562","status":"publish","type":"product","link":"https:\/\/www.irdin.org.br\/site\/produtos\/9788531501562\/","title":{"rendered":"Das Lutas \u00e0 Paz"},"content":{"rendered":"<p>Duas realidades hoje transcorrem paralelas: por um lado agrava-se o estado de caos planet\u00e1rio, por outro, acelera-se o ritmo da evolu\u00e7\u00e3o espiritual da humanidade. O autor revela instru\u00e7\u00f5es transmitidas por seres supraf\u00edsicos a um grupo sintonizado com os n\u00edveis subjetivos da vida e descreve experi\u00eancias de seus membros. Apresenta as redes de curadores espirituais e os ajustes magn\u00e9ticos necess\u00e1rios \u00e0s opera\u00e7\u00f5es de salvamento que ocorrer\u00e3o em um pr\u00f3ximo futuro.<\/p>\n<p>&nbsp;<\/p>\n","protected":false},"excerpt":{"rendered":"<p>Duas realidades hoje transcorrem paralelas: por um lado agrava-se o estado de caos planet\u00e1rio, por outro, acelera-se o ritmo da<\/p>\n","protected":false},"featured_media":1198,"template":"","meta":{"_acf_changed":false},"product_brand":[],"product_cat":[33286,17972],"product_tag":[33336],"class_list":{"0":"post-85129","1":"product","2":"type-product","3":"status-publish","4":"has-post-thumbnail","6":"product_cat-livro","7":"product_cat-livros-livro","8":"product_tag-33336","9":"pa_autor-trigueirinho","10":"pa_classe-do-produto-fisico","11":"pa_codigo-de-barras-23246","12":"pa_codigo-externo-tr025pep","13":"pa_data-de-lancamento-22283","14":"pa_idioma-de-destino-portugues","15":"pa_idioma-de-origem-portugues","16":"pa_lancamento-no","17":"pa_midia-papel","18":"pa_moac-33520","19":"pa_quantidade-de-saldo-33281","20":"pa_tipo-de-traducao-nao-classificado","22":"first","23":"instock","24":"sale","25":"purchasable","26":"product-type-simple"},"acf":[],"_links":{"self":[{"href":"https:\/\/www.irdin.org.br\/site\/wp-json\/wp\/v2\/product\/85129","targetHints":{"allow":["GET"]}}],"collection":[{"href":"https:\/\/www.irdin.org.br\/site\/wp-json\/wp\/v2\/product"}],"about":[{"href":"https:\/\/www.irdin.org.br\/site\/wp-json\/wp\/v2\/types\/product"}],"version-history":[{"count":1,"href":"https:\/\/www.irdin.org.br\/site\/wp-json\/wp\/v2\/product\/85129\/revisions"}],"predecessor-version":[{"id":105969,"href":"https:\/\/www.irdin.org.br\/site\/wp-json\/wp\/v2\/product\/85129\/revisions\/105969"}],"wp:featuredmedia":[{"embeddable":true,"href":"https:\/\/www.irdin.org.br\/site\/wp-json\/wp\/v2\/media\/1198"}],"wp:attachment":[{"href":"https:\/\/www.irdin.org.br\/site\/wp-json\/wp\/v2\/media?parent=85129"}],"wp:term":[{"taxonomy":"product_brand","embeddable":true,"href":"https:\/\/www.irdin.org.br\/site\/wp-json\/wp\/v2\/product_brand?post=85129"},{"taxonomy":"product_cat","embeddable":true,"href":"https:\/\/www.irdin.org.br\/site\/wp-json\/wp\/v2\/product_cat?post=85129"},{"taxonomy":"product_tag","embeddable":true,"href":"https:\/\/www.irdin.org.br\/site\/wp-json\/wp\/v2\/product_tag?post=85129"}],"curies":[{"name":"wp","href":"https:\/\/api.w.org\/{rel}","templated":true}]}}